{"id":2180,"date":"2023-10-23T11:15:31","date_gmt":"2023-10-23T16:15:31","guid":{"rendered":"https:\/\/katua.com.co\/?page_id=2180"},"modified":"2026-02-27T09:52:34","modified_gmt":"2026-02-27T14:52:34","slug":"capsulas","status":"publish","type":"page","link":"https:\/\/katua.com.co\/index.php\/capsulas\/","title":{"rendered":"C\u00e1psulas"},"content":{"rendered":"\t\t<div data-elementor-type=\"wp-page\" data-elementor-id=\"2180\" class=\"elementor elementor-2180\" data-elementor-post-type=\"page\">\n\t\t\t\t<div class=\"elementor-element elementor-element-d22047b e-flex e-con-boxed e-con e-parent\" data-id=\"d22047b\" data-element_type=\"container\" data-e-type=\"container\">\n\t\t\t\t\t<div class=\"e-con-inner\">\n\t\t\t\t<div class=\"elementor-element elementor-element-5f7fd40 elementor--h-position-center elementor--v-position-middle elementor-arrows-position-inside elementor-pagination-position-inside elementor-widget elementor-widget-slides\" data-id=\"5f7fd40\" data-element_type=\"widget\" data-e-type=\"widget\" data-settings=\"{&quot;transition&quot;:&quot;fade&quot;,&quot;navigation&quot;:&quot;both&quot;,&quot;autoplay&quot;:&quot;yes&quot;,&quot;pause_on_hover&quot;:&quot;yes&quot;,&quot;pause_on_interaction&quot;:&quot;yes&quot;,&quot;autoplay_speed&quot;:5000,&quot;infinite&quot;:&quot;yes&quot;,&quot;transition_speed&quot;:500}\" data-widget_type=\"slides.default\">\n\t\t\t\t<div class=\"elementor-widget-container\">\n\t\t\t\t\t\t\t\t\t<div class=\"elementor-swiper\">\n\t\t\t\t\t<div class=\"elementor-slides-wrapper elementor-main-swiper swiper\" role=\"region\" aria-roledescription=\"carousel\" aria-label=\"Capsulas\" dir=\"ltr\" data-animation=\"\">\n\t\t\t\t<div class=\"swiper-wrapper elementor-slides\">\n\t\t\t\t\t\t\t\t\t\t<div class=\"elementor-repeater-item-ae5f3f1 swiper-slide\" role=\"group\" aria-roledescription=\"slide\"><div class=\"swiper-slide-bg\" role=\"img\"><\/div><div class=\"elementor-background-overlay\"><\/div><a class=\"swiper-slide-inner\" href=\"https:\/\/katua.com.co\/index.php\/categoria-producto\/party-night\/\"><div class=\"swiper-slide-contents\"><div class=\"elementor-slide-heading\">\u2728Party Night\u2728<\/div><div class=\"elementor-slide-description\">Party Night re\u00fane ropa femenina exclusiva dise\u00f1ada para eventos, cenas y noches especiales. Siluetas que estilizan, telas con ca\u00edda elegante y dise\u00f1os pensados para destacar con seguridad.<\/div><div  class=\"elementor-button elementor-slide-button elementor-size-sm\">Explora aqu\u00ed<\/div><\/div><\/a><\/div><div class=\"elementor-repeater-item-9404112 swiper-slide\" role=\"group\" aria-roledescription=\"slide\"><div class=\"swiper-slide-bg\" role=\"img\"><\/div><div class=\"elementor-background-overlay\"><\/div><a class=\"swiper-slide-inner\" href=\"https:\/\/katua.com.co\/index.php\/categoria-producto\/beachresort\/\"><div class=\"swiper-slide-contents\"><div class=\"elementor-slide-heading\">\ud83c\udf0a Beach Resort<\/div><div class=\"elementor-slide-description\">Beach Resort presenta prendas frescas, ligeras y sofisticadas, ideales para vacaciones, destinos tropicales y d\u00edas de verano. Dise\u00f1os vers\u00e1tiles que funcionan tanto para el d\u00eda como para la noche.<\/div><div  class=\"elementor-button elementor-slide-button elementor-size-sm\">Explora aqu\u00ed<\/div><\/div><\/a><\/div><div class=\"elementor-repeater-item-66e1f78 swiper-slide\" role=\"group\" aria-roledescription=\"slide\"><div class=\"swiper-slide-bg\" role=\"img\"><\/div><div class=\"elementor-background-overlay\"><\/div><a class=\"swiper-slide-inner\" href=\"https:\/\/katua.com.co\/index.php\/categoria-producto\/frutosdelmarkatua\/\"><div class=\"swiper-slide-contents\"><div class=\"elementor-slide-heading\">\ud83d\udc1a Print Frutos de Mar<\/div><div class=\"elementor-slide-description\">Encuentra todas las prendas con este estampado exclusivo de Katua. Un dise\u00f1o original inspirado en el mar, creado para quienes buscan piezas \u00fanicas con identidad. <\/div><div  class=\"elementor-button elementor-slide-button elementor-size-sm\">Explora aqu\u00ed<\/div><\/div><\/a><\/div><div class=\"elementor-repeater-item-61f94f9 swiper-slide\" role=\"group\" aria-roledescription=\"slide\"><div class=\"swiper-slide-bg\" role=\"img\"><\/div><div class=\"elementor-background-overlay\"><\/div><a class=\"swiper-slide-inner\" href=\"https:\/\/katua.com.co\/index.php\/categoria-producto\/costa-italiana\/\"><div class=\"swiper-slide-contents\"><div class=\"elementor-slide-heading\">\ud83c\uddee\ud83c\uddf9 Costa Italiana<\/div><div class=\"elementor-slide-description\">La c\u00e1psula Costa Italiana re\u00fane prendas con estampados y detalles inspirados en la est\u00e9tica del verano europeo y la costa mediterr\u00e1nea. Siluetas femeninas, colores vibrantes y dise\u00f1o exclusivo en producci\u00f3n limitada.<\/div><div  class=\"elementor-button elementor-slide-button elementor-size-sm\">Explora aqu\u00ed<\/div><\/div><\/a><\/div>\t\t\t\t<\/div>\n\t\t\t\t\t\t\t\t\t\t\t\t\t\t\t<div class=\"elementor-swiper-button elementor-swiper-button-prev\" role=\"button\" tabindex=\"0\" aria-label=\"Previous slide\">\n\t\t\t\t\t\t\t<i aria-hidden=\"true\" class=\"eicon-chevron-left\"><\/i>\t\t\t\t\t\t<\/div>\n\t\t\t\t\t\t<div class=\"elementor-swiper-button elementor-swiper-button-next\" role=\"button\" tabindex=\"0\" aria-label=\"Next slide\">\n\t\t\t\t\t\t\t<i aria-hidden=\"true\" class=\"eicon-chevron-right\"><\/i>\t\t\t\t\t\t<\/div>\n\t\t\t\t\t\t\t\t\t\t\t\t\t\t\t\t<div class=\"swiper-pagination\"><\/div>\n\t\t\t\t\t\t\t\t\t\t\t\t<\/div>\n\t\t\t\t<\/div>\n\t\t\t\t\t\t\t\t<\/div>\n\t\t\t\t<\/div>\n\t\t\t\t<div class=\"elementor-element elementor-element-0b57b53 elementor-widget elementor-widget-text-editor\" data-id=\"0b57b53\" data-element_type=\"widget\" data-e-type=\"widget\" data-widget_type=\"text-editor.default\">\n\t\t\t\t<div class=\"elementor-widget-container\">\n\t\t\t\t\t\t\t\t\t<p style=\"text-align: center;\">En Katua creamos <strong data-start=\"102\" data-end=\"152\">colecciones c\u00e1psula de ropa femenina exclusiva<\/strong>, dise\u00f1adas para mujeres que buscan piezas diferenciadas y con identidad propia. Cada c\u00e1psula re\u00fane prendas con <strong data-start=\"264\" data-end=\"330\">estampados originales, dise\u00f1o colombiano y producci\u00f3n limitada<\/strong>, pensadas para combinar entre s\u00ed o destacar por separado. Descubre propuestas vers\u00e1tiles que elevan tu estilo en verano, eventos especiales o escapadas frente al mar, siempre con la esencia aut\u00e9ntica de Katua.<\/p>\t\t\t\t\t\t\t\t<\/div>\n\t\t\t\t<\/div>\n\t\t\t\t\t<\/div>\n\t\t\t\t<\/div>\n\t\t\t\t<\/div>\n\t\t","protected":false},"excerpt":{"rendered":"<p>\u2728Party Night\u2728Party Night re\u00fane ropa femenina exclusiva dise\u00f1ada para eventos, cenas y noches especiales. Siluetas que estilizan, telas con ca\u00edda elegante y dise\u00f1os pensados para destacar con seguridad.Explora aqu\u00ed\ud83c\udf0a Beach ResortBeach Resort presenta prendas frescas, ligeras y sofisticadas, ideales para vacaciones, destinos tropicales y d\u00edas de verano. Dise\u00f1os vers\u00e1tiles que funcionan tanto para el d\u00eda como para la noche.Explora aqu\u00ed\ud83d\udc1a\u2026<\/p>\n","protected":false},"author":1,"featured_media":0,"parent":0,"menu_order":0,"comment_status":"closed","ping_status":"closed","template":"","meta":{"footnotes":""},"class_list":["post-2180","page","type-page","status-publish","hentry"],"yoast_head":"<!-- This site is optimized with the Yoast SEO plugin v27.0 - https:\/\/yoast.com\/product\/yoast-seo-wordpress\/ -->\n<title>C\u00e1psulas |<\/title>\n<meta name=\"description\" content=\"Katua |\" \/>\n<meta name=\"robots\" content=\"index, follow, max-snippet:-1, max-image-preview:large, max-video-preview:-1\" \/>\n<link rel=\"canonical\" href=\"https:\/\/katua.com.co\/index.php\/capsulas\/\" \/>\n<meta property=\"og:locale\" content=\"es_ES\" \/>\n<meta property=\"og:type\" content=\"article\" \/>\n<meta property=\"og:title\" content=\"C\u00e1psulas |\" \/>\n<meta property=\"og:description\" content=\"Katua |\" \/>\n<meta property=\"og:url\" content=\"https:\/\/katua.com.co\/index.php\/capsulas\/\" \/>\n<meta property=\"og:site_name\" content=\"Katua\" \/>\n<meta property=\"article:publisher\" content=\"https:\/\/www.facebook.com\/Katuastore\" \/>\n<meta property=\"article:modified_time\" content=\"2026-02-27T14:52:34+00:00\" \/>\n<meta property=\"og:image\" content=\"https:\/\/katua.com.co\/wp-content\/uploads\/2020\/07\/NUEVO-LOGO.png\" \/>\n\t<meta property=\"og:image:width\" content=\"567\" \/>\n\t<meta property=\"og:image:height\" content=\"567\" \/>\n\t<meta property=\"og:image:type\" content=\"image\/png\" \/>\n<meta name=\"twitter:card\" content=\"summary_large_image\" \/>\n<meta name=\"twitter:label1\" content=\"Tiempo de lectura\" \/>\n\t<meta name=\"twitter:data1\" content=\"3 minutos\" \/>\n<script type=\"application\/ld+json\" class=\"yoast-schema-graph\">{\"@context\":\"https:\/\/schema.org\",\"@graph\":[{\"@type\":\"WebPage\",\"@id\":\"https:\/\/katua.com.co\/index.php\/capsulas\/\",\"url\":\"https:\/\/katua.com.co\/index.php\/capsulas\/\",\"name\":\"C\u00e1psulas |\",\"isPartOf\":{\"@id\":\"https:\/\/katua.com.co\/#website\"},\"datePublished\":\"2023-10-23T16:15:31+00:00\",\"dateModified\":\"2026-02-27T14:52:34+00:00\",\"description\":\"Katua |\",\"breadcrumb\":{\"@id\":\"https:\/\/katua.com.co\/index.php\/capsulas\/#breadcrumb\"},\"inLanguage\":\"es-CO\",\"potentialAction\":[{\"@type\":\"ReadAction\",\"target\":[\"https:\/\/katua.com.co\/index.php\/capsulas\/\"]}]},{\"@type\":\"BreadcrumbList\",\"@id\":\"https:\/\/katua.com.co\/index.php\/capsulas\/#breadcrumb\",\"itemListElement\":[{\"@type\":\"ListItem\",\"position\":1,\"name\":\"Inicio\",\"item\":\"https:\/\/katua.com.co\/\"},{\"@type\":\"ListItem\",\"position\":2,\"name\":\"C\u00e1psulas\"}]},{\"@type\":\"WebSite\",\"@id\":\"https:\/\/katua.com.co\/#website\",\"url\":\"https:\/\/katua.com.co\/\",\"name\":\"KATUA\",\"description\":\"Moda premium enfocada en ofrecer dise\u00f1os exclusivos de alta calidad!\",\"publisher\":{\"@id\":\"https:\/\/katua.com.co\/#organization\"},\"potentialAction\":[{\"@type\":\"SearchAction\",\"target\":{\"@type\":\"EntryPoint\",\"urlTemplate\":\"https:\/\/katua.com.co\/?s={search_term_string}\"},\"query-input\":{\"@type\":\"PropertyValueSpecification\",\"valueRequired\":true,\"valueName\":\"search_term_string\"}}],\"inLanguage\":\"es-CO\"},{\"@type\":\"Organization\",\"@id\":\"https:\/\/katua.com.co\/#organization\",\"name\":\"KATUA\",\"url\":\"https:\/\/katua.com.co\/\",\"logo\":{\"@type\":\"ImageObject\",\"inLanguage\":\"es-CO\",\"@id\":\"https:\/\/katua.com.co\/#\/schema\/logo\/image\/\",\"url\":\"https:\/\/i0.wp.com\/katua.com.co\/wp-content\/uploads\/2020\/07\/cropped-NUEVO-LOGO.png?fit=512%2C512&ssl=1\",\"contentUrl\":\"https:\/\/i0.wp.com\/katua.com.co\/wp-content\/uploads\/2020\/07\/cropped-NUEVO-LOGO.png?fit=512%2C512&ssl=1\",\"width\":512,\"height\":512,\"caption\":\"KATUA\"},\"image\":{\"@id\":\"https:\/\/katua.com.co\/#\/schema\/logo\/image\/\"},\"sameAs\":[\"https:\/\/www.facebook.com\/Katuastore\",\"https:\/\/www.tiktok.com\/@katua.co\",\"https:\/\/www.instagram.com\/katua.co\/\"]}]}<\/script>\n<!-- \/ Yoast SEO plugin. -->","yoast_head_json":{"title":"C\u00e1psulas |","description":"Katua |","robots":{"index":"index","follow":"follow","max-snippet":"max-snippet:-1","max-image-preview":"max-image-preview:large","max-video-preview":"max-video-preview:-1"},"canonical":"https:\/\/katua.com.co\/index.php\/capsulas\/","og_locale":"es_ES","og_type":"article","og_title":"C\u00e1psulas |","og_description":"Katua |","og_url":"https:\/\/katua.com.co\/index.php\/capsulas\/","og_site_name":"Katua","article_publisher":"https:\/\/www.facebook.com\/Katuastore","article_modified_time":"2026-02-27T14:52:34+00:00","og_image":[{"width":567,"height":567,"url":"https:\/\/katua.com.co\/wp-content\/uploads\/2020\/07\/NUEVO-LOGO.png","type":"image\/png"}],"twitter_card":"summary_large_image","twitter_misc":{"Tiempo de lectura":"3 minutos"},"schema":{"@context":"https:\/\/schema.org","@graph":[{"@type":"WebPage","@id":"https:\/\/katua.com.co\/index.php\/capsulas\/","url":"https:\/\/katua.com.co\/index.php\/capsulas\/","name":"C\u00e1psulas |","isPartOf":{"@id":"https:\/\/katua.com.co\/#website"},"datePublished":"2023-10-23T16:15:31+00:00","dateModified":"2026-02-27T14:52:34+00:00","description":"Katua |","breadcrumb":{"@id":"https:\/\/katua.com.co\/index.php\/capsulas\/#breadcrumb"},"inLanguage":"es-CO","potentialAction":[{"@type":"ReadAction","target":["https:\/\/katua.com.co\/index.php\/capsulas\/"]}]},{"@type":"BreadcrumbList","@id":"https:\/\/katua.com.co\/index.php\/capsulas\/#breadcrumb","itemListElement":[{"@type":"ListItem","position":1,"name":"Inicio","item":"https:\/\/katua.com.co\/"},{"@type":"ListItem","position":2,"name":"C\u00e1psulas"}]},{"@type":"WebSite","@id":"https:\/\/katua.com.co\/#website","url":"https:\/\/katua.com.co\/","name":"KATUA","description":"Moda premium enfocada en ofrecer dise\u00f1os exclusivos de alta calidad!","publisher":{"@id":"https:\/\/katua.com.co\/#organization"},"potentialAction":[{"@type":"SearchAction","target":{"@type":"EntryPoint","urlTemplate":"https:\/\/katua.com.co\/?s={search_term_string}"},"query-input":{"@type":"PropertyValueSpecification","valueRequired":true,"valueName":"search_term_string"}}],"inLanguage":"es-CO"},{"@type":"Organization","@id":"https:\/\/katua.com.co\/#organization","name":"KATUA","url":"https:\/\/katua.com.co\/","logo":{"@type":"ImageObject","inLanguage":"es-CO","@id":"https:\/\/katua.com.co\/#\/schema\/logo\/image\/","url":"https:\/\/i0.wp.com\/katua.com.co\/wp-content\/uploads\/2020\/07\/cropped-NUEVO-LOGO.png?fit=512%2C512&ssl=1","contentUrl":"https:\/\/i0.wp.com\/katua.com.co\/wp-content\/uploads\/2020\/07\/cropped-NUEVO-LOGO.png?fit=512%2C512&ssl=1","width":512,"height":512,"caption":"KATUA"},"image":{"@id":"https:\/\/katua.com.co\/#\/schema\/logo\/image\/"},"sameAs":["https:\/\/www.facebook.com\/Katuastore","https:\/\/www.tiktok.com\/@katua.co","https:\/\/www.instagram.com\/katua.co\/"]}]}},"_links":{"self":[{"href":"https:\/\/katua.com.co\/index.php\/wp-json\/wp\/v2\/pages\/2180","targetHints":{"allow":["GET"]}}],"collection":[{"href":"https:\/\/katua.com.co\/index.php\/wp-json\/wp\/v2\/pages"}],"about":[{"href":"https:\/\/katua.com.co\/index.php\/wp-json\/wp\/v2\/types\/page"}],"author":[{"embeddable":true,"href":"https:\/\/katua.com.co\/index.php\/wp-json\/wp\/v2\/users\/1"}],"replies":[{"embeddable":true,"href":"https:\/\/katua.com.co\/index.php\/wp-json\/wp\/v2\/comments?post=2180"}],"version-history":[{"count":34,"href":"https:\/\/katua.com.co\/index.php\/wp-json\/wp\/v2\/pages\/2180\/revisions"}],"predecessor-version":[{"id":8710,"href":"https:\/\/katua.com.co\/index.php\/wp-json\/wp\/v2\/pages\/2180\/revisions\/8710"}],"wp:attachment":[{"href":"https:\/\/katua.com.co\/index.php\/wp-json\/wp\/v2\/media?parent=2180"}],"curies":[{"name":"wp","href":"https:\/\/api.w.org\/{rel}","templated":true}]}}