{"id":2624,"date":"2023-11-06T16:36:32","date_gmt":"2023-11-06T21:36:32","guid":{"rendered":"https:\/\/katua.com.co\/?post_type=product&#038;p=2624"},"modified":"2026-01-14T16:35:43","modified_gmt":"2026-01-14T21:35:43","slug":"aquarian","status":"publish","type":"product","link":"https:\/\/katua.com.co\/index.php\/producto\/aquarian\/","title":{"rendered":"Aquaria"},"content":{"rendered":"<p>El vestido aquaria est\u00e1 confeccionado en algod\u00f3n suave y natural, su dise\u00f1o vers\u00e1til y fresco para el verano ser\u00e1 tu complemento Perfecto para el d\u00eda \ud83e\udddd\ud83c\udffc\u200d\u2640\ufe0f\ud83c\udf43<\/p>\n","protected":false},"excerpt":{"rendered":"<p>Inspirado en la brisa del verano, el vestido Aquaria est\u00e1 confeccionado con una tela de algod\u00f3n natural de alta calidad y textura liviana. Tiene abertura en forma de cerradura y detalle de tiras en el centro del busto, abertura en la cintura y falda con volantes. \u00a1Un imprescindible en el armario de vacaciones! Dise\u00f1ado exclusivamente por K\u00e1tua.<\/p>\n<p>Descubre m\u00e1s colores disponibles.<\/p>\n<p class=\"body\" dir=\"auto\" data-pm-slice=\"1 1 []\"><strong>Detalles de producto:<\/strong><\/p>\n<ul>\n<li>Escote ajustable<\/li>\n<li>Adecuado para actividades de fin de semana, ropa informal y fiestas.<\/li>\n<li>Dise\u00f1o de tirantes<\/li>\n<li>Perfecto para la temporada de verano<\/li>\n<\/ul>\n<p>Es perfecto para el d\u00eda con tus sandalias favoritas y un bolso tejido, y para vestirlo para una ocasi\u00f3n, \u00fasalo con tacones nude y aretes dorados para darle ese toque de lujo.<\/p>\n","protected":false},"featured_media":5182,"comment_status":"open","ping_status":"closed","template":"","meta":[],"product_brand":[],"product_cat":[70,47,48,57],"product_tag":[],"giftcard-category":[],"class_list":{"0":"post-2624","1":"product","2":"type-product","3":"status-publish","4":"has-post-thumbnail","6":"product_cat-sale","7":"product_cat-vestidos","8":"product_cat-vcortos","9":"product_cat-beachresort","11":"first","12":"instock","13":"sale","14":"taxable","15":"shipping-taxable","16":"purchasable","17":"product-type-variable"},"yoast_head":"<!-- This site is optimized with the Yoast SEO plugin v27.0 - https:\/\/yoast.com\/product\/yoast-seo-wordpress\/ -->\n<title>Aquaria | Katua<\/title>\n<meta name=\"description\" content=\"Katua | Inspirado en la brisa del verano, el vestido Aquaria est\u00e1 confeccionado con una tela de algod\u00f3n natural de alta calidad y textura liviana. Tiene abertura en forma de cerradura y detalle de tiras en el centro del busto, abertura en la cintura y falda con volantes. \u00a1Un imprescindible en el armario de vacaciones! Dise\u00f1ado exclusivamente por K\u00e1tua.  Descubre m\u00e1s colores disponibles. Detalles de producto:    Escote ajustable  Adecuado para actividades de fin de semana, ropa informal y fiestas.  Dise\u00f1o de tirantes  Perfecto para la temporada de verano  Es perfecto para el d\u00eda con tus sandalias favoritas y un bolso tejido, y para vestirlo para una ocasi\u00f3n, \u00fasalo con tacones nude y aretes dorados para darle ese toque de lujo.\" \/>\n<meta name=\"robots\" content=\"index, follow, max-snippet:-1, max-image-preview:large, max-video-preview:-1\" \/>\n<link rel=\"canonical\" href=\"https:\/\/katua.com.co\/index.php\/producto\/aquarian\/\" \/>\n<meta property=\"og:locale\" content=\"es_ES\" \/>\n<meta property=\"og:type\" content=\"article\" \/>\n<meta property=\"og:title\" content=\"Aquaria | Katua\" \/>\n<meta property=\"og:description\" content=\"Katua | Inspirado en la brisa del verano, el vestido Aquaria est\u00e1 confeccionado con una tela de algod\u00f3n natural de alta calidad y textura liviana. Tiene abertura en forma de cerradura y detalle de tiras en el centro del busto, abertura en la cintura y falda con volantes. \u00a1Un imprescindible en el armario de vacaciones! Dise\u00f1ado exclusivamente por K\u00e1tua.  Descubre m\u00e1s colores disponibles. Detalles de producto:    Escote ajustable  Adecuado para actividades de fin de semana, ropa informal y fiestas.  Dise\u00f1o de tirantes  Perfecto para la temporada de verano  Es perfecto para el d\u00eda con tus sandalias favoritas y un bolso tejido, y para vestirlo para una ocasi\u00f3n, \u00fasalo con tacones nude y aretes dorados para darle ese toque de lujo.\" \/>\n<meta property=\"og:url\" content=\"https:\/\/katua.com.co\/index.php\/producto\/aquarian\/\" \/>\n<meta property=\"og:site_name\" content=\"Katua\" \/>\n<meta property=\"article:publisher\" content=\"https:\/\/www.facebook.com\/Katuastore\" \/>\n<meta property=\"article:modified_time\" content=\"2026-01-14T21:35:43+00:00\" \/>\n<meta property=\"og:image\" content=\"https:\/\/katua.com.co\/wp-content\/uploads\/2024\/10\/img_0516.jpeg\" \/>\n\t<meta property=\"og:image:width\" content=\"1146\" \/>\n\t<meta property=\"og:image:height\" content=\"1719\" \/>\n\t<meta property=\"og:image:type\" content=\"image\/jpeg\" \/>\n<meta name=\"twitter:card\" content=\"summary_large_image\" \/>\n<meta name=\"twitter:label1\" content=\"Tiempo de lectura\" \/>\n\t<meta name=\"twitter:data1\" content=\"1 minuto\" \/>\n<script type=\"application\/ld+json\" class=\"yoast-schema-graph\">{\"@context\":\"https:\/\/schema.org\",\"@graph\":[{\"@type\":[\"WebPage\",\"ItemPage\"],\"@id\":\"https:\/\/katua.com.co\/index.php\/producto\/aquarian\/\",\"url\":\"https:\/\/katua.com.co\/index.php\/producto\/aquarian\/\",\"name\":\"Aquaria | Katua\",\"isPartOf\":{\"@id\":\"https:\/\/katua.com.co\/#website\"},\"primaryImageOfPage\":{\"@id\":\"https:\/\/katua.com.co\/index.php\/producto\/aquarian\/#primaryimage\"},\"image\":{\"@id\":\"https:\/\/katua.com.co\/index.php\/producto\/aquarian\/#primaryimage\"},\"thumbnailUrl\":\"https:\/\/katua.com.co\/wp-content\/uploads\/2024\/10\/img_0516.jpeg\",\"datePublished\":\"2023-11-06T21:36:32+00:00\",\"dateModified\":\"2026-01-14T21:35:43+00:00\",\"description\":\"Katua | Inspirado en la brisa del verano, el vestido Aquaria est\u00e1 confeccionado con una tela de algod\u00f3n natural de alta calidad y textura liviana. Tiene abertura en forma de cerradura y detalle de tiras en el centro del busto, abertura en la cintura y falda con volantes. \u00a1Un imprescindible en el armario de vacaciones! Dise\u00f1ado exclusivamente por K\u00e1tua. Descubre m\u00e1s colores disponibles. Detalles de producto: Escote ajustable Adecuado para actividades de fin de semana, ropa informal y fiestas. Dise\u00f1o de tirantes Perfecto para la temporada de verano Es perfecto para el d\u00eda con tus sandalias favoritas y un bolso tejido, y para vestirlo para una ocasi\u00f3n, \u00fasalo con tacones nude y aretes dorados para darle ese toque de lujo.\",\"breadcrumb\":{\"@id\":\"https:\/\/katua.com.co\/index.php\/producto\/aquarian\/#breadcrumb\"},\"inLanguage\":\"es-CO\",\"potentialAction\":[{\"@type\":\"ReadAction\",\"target\":[\"https:\/\/katua.com.co\/index.php\/producto\/aquarian\/\"]}]},{\"@type\":\"ImageObject\",\"inLanguage\":\"es-CO\",\"@id\":\"https:\/\/katua.com.co\/index.php\/producto\/aquarian\/#primaryimage\",\"url\":\"https:\/\/katua.com.co\/wp-content\/uploads\/2024\/10\/img_0516.jpeg\",\"contentUrl\":\"https:\/\/katua.com.co\/wp-content\/uploads\/2024\/10\/img_0516.jpeg\",\"width\":1146,\"height\":1719},{\"@type\":\"BreadcrumbList\",\"@id\":\"https:\/\/katua.com.co\/index.php\/producto\/aquarian\/#breadcrumb\",\"itemListElement\":[{\"@type\":\"ListItem\",\"position\":1,\"name\":\"Inicio\",\"item\":\"https:\/\/katua.com.co\/\"},{\"@type\":\"ListItem\",\"position\":2,\"name\":\"Shop\",\"item\":\"https:\/\/katua.com.co\/index.php\/shop\/\"},{\"@type\":\"ListItem\",\"position\":3,\"name\":\"Aquaria\"}]},{\"@type\":\"WebSite\",\"@id\":\"https:\/\/katua.com.co\/#website\",\"url\":\"https:\/\/katua.com.co\/\",\"name\":\"KATUA\",\"description\":\"Moda premium enfocada en ofrecer dise\u00f1os exclusivos de alta calidad!\",\"publisher\":{\"@id\":\"https:\/\/katua.com.co\/#organization\"},\"potentialAction\":[{\"@type\":\"SearchAction\",\"target\":{\"@type\":\"EntryPoint\",\"urlTemplate\":\"https:\/\/katua.com.co\/?s={search_term_string}\"},\"query-input\":{\"@type\":\"PropertyValueSpecification\",\"valueRequired\":true,\"valueName\":\"search_term_string\"}}],\"inLanguage\":\"es-CO\"},{\"@type\":\"Organization\",\"@id\":\"https:\/\/katua.com.co\/#organization\",\"name\":\"KATUA\",\"url\":\"https:\/\/katua.com.co\/\",\"logo\":{\"@type\":\"ImageObject\",\"inLanguage\":\"es-CO\",\"@id\":\"https:\/\/katua.com.co\/#\/schema\/logo\/image\/\",\"url\":\"https:\/\/i0.wp.com\/katua.com.co\/wp-content\/uploads\/2020\/07\/cropped-NUEVO-LOGO.png?fit=512%2C512&ssl=1\",\"contentUrl\":\"https:\/\/i0.wp.com\/katua.com.co\/wp-content\/uploads\/2020\/07\/cropped-NUEVO-LOGO.png?fit=512%2C512&ssl=1\",\"width\":512,\"height\":512,\"caption\":\"KATUA\"},\"image\":{\"@id\":\"https:\/\/katua.com.co\/#\/schema\/logo\/image\/\"},\"sameAs\":[\"https:\/\/www.facebook.com\/Katuastore\",\"https:\/\/www.tiktok.com\/@katua.co\",\"https:\/\/www.instagram.com\/katua.co\/\"]}]}<\/script>\n<!-- \/ Yoast SEO plugin. -->","yoast_head_json":{"title":"Aquaria | Katua","description":"Katua | Inspirado en la brisa del verano, el vestido Aquaria est\u00e1 confeccionado con una tela de algod\u00f3n natural de alta calidad y textura liviana. Tiene abertura en forma de cerradura y detalle de tiras en el centro del busto, abertura en la cintura y falda con volantes. \u00a1Un imprescindible en el armario de vacaciones! Dise\u00f1ado exclusivamente por K\u00e1tua.  Descubre m\u00e1s colores disponibles. Detalles de producto:    Escote ajustable  Adecuado para actividades de fin de semana, ropa informal y fiestas.  Dise\u00f1o de tirantes  Perfecto para la temporada de verano  Es perfecto para el d\u00eda con tus sandalias favoritas y un bolso tejido, y para vestirlo para una ocasi\u00f3n, \u00fasalo con tacones nude y aretes dorados para darle ese toque de lujo.","robots":{"index":"index","follow":"follow","max-snippet":"max-snippet:-1","max-image-preview":"max-image-preview:large","max-video-preview":"max-video-preview:-1"},"canonical":"https:\/\/katua.com.co\/index.php\/producto\/aquarian\/","og_locale":"es_ES","og_type":"article","og_title":"Aquaria | Katua","og_description":"Katua | Inspirado en la brisa del verano, el vestido Aquaria est\u00e1 confeccionado con una tela de algod\u00f3n natural de alta calidad y textura liviana. Tiene abertura en forma de cerradura y detalle de tiras en el centro del busto, abertura en la cintura y falda con volantes. \u00a1Un imprescindible en el armario de vacaciones! Dise\u00f1ado exclusivamente por K\u00e1tua.  Descubre m\u00e1s colores disponibles. Detalles de producto:    Escote ajustable  Adecuado para actividades de fin de semana, ropa informal y fiestas.  Dise\u00f1o de tirantes  Perfecto para la temporada de verano  Es perfecto para el d\u00eda con tus sandalias favoritas y un bolso tejido, y para vestirlo para una ocasi\u00f3n, \u00fasalo con tacones nude y aretes dorados para darle ese toque de lujo.","og_url":"https:\/\/katua.com.co\/index.php\/producto\/aquarian\/","og_site_name":"Katua","article_publisher":"https:\/\/www.facebook.com\/Katuastore","article_modified_time":"2026-01-14T21:35:43+00:00","og_image":[{"width":1146,"height":1719,"url":"https:\/\/katua.com.co\/wp-content\/uploads\/2024\/10\/img_0516.jpeg","type":"image\/jpeg"}],"twitter_card":"summary_large_image","twitter_misc":{"Tiempo de lectura":"1 minuto"},"schema":{"@context":"https:\/\/schema.org","@graph":[{"@type":["WebPage","ItemPage"],"@id":"https:\/\/katua.com.co\/index.php\/producto\/aquarian\/","url":"https:\/\/katua.com.co\/index.php\/producto\/aquarian\/","name":"Aquaria | Katua","isPartOf":{"@id":"https:\/\/katua.com.co\/#website"},"primaryImageOfPage":{"@id":"https:\/\/katua.com.co\/index.php\/producto\/aquarian\/#primaryimage"},"image":{"@id":"https:\/\/katua.com.co\/index.php\/producto\/aquarian\/#primaryimage"},"thumbnailUrl":"https:\/\/katua.com.co\/wp-content\/uploads\/2024\/10\/img_0516.jpeg","datePublished":"2023-11-06T21:36:32+00:00","dateModified":"2026-01-14T21:35:43+00:00","description":"Katua | Inspirado en la brisa del verano, el vestido Aquaria est\u00e1 confeccionado con una tela de algod\u00f3n natural de alta calidad y textura liviana. Tiene abertura en forma de cerradura y detalle de tiras en el centro del busto, abertura en la cintura y falda con volantes. \u00a1Un imprescindible en el armario de vacaciones! Dise\u00f1ado exclusivamente por K\u00e1tua. Descubre m\u00e1s colores disponibles. Detalles de producto: Escote ajustable Adecuado para actividades de fin de semana, ropa informal y fiestas. Dise\u00f1o de tirantes Perfecto para la temporada de verano Es perfecto para el d\u00eda con tus sandalias favoritas y un bolso tejido, y para vestirlo para una ocasi\u00f3n, \u00fasalo con tacones nude y aretes dorados para darle ese toque de lujo.","breadcrumb":{"@id":"https:\/\/katua.com.co\/index.php\/producto\/aquarian\/#breadcrumb"},"inLanguage":"es-CO","potentialAction":[{"@type":"ReadAction","target":["https:\/\/katua.com.co\/index.php\/producto\/aquarian\/"]}]},{"@type":"ImageObject","inLanguage":"es-CO","@id":"https:\/\/katua.com.co\/index.php\/producto\/aquarian\/#primaryimage","url":"https:\/\/katua.com.co\/wp-content\/uploads\/2024\/10\/img_0516.jpeg","contentUrl":"https:\/\/katua.com.co\/wp-content\/uploads\/2024\/10\/img_0516.jpeg","width":1146,"height":1719},{"@type":"BreadcrumbList","@id":"https:\/\/katua.com.co\/index.php\/producto\/aquarian\/#breadcrumb","itemListElement":[{"@type":"ListItem","position":1,"name":"Inicio","item":"https:\/\/katua.com.co\/"},{"@type":"ListItem","position":2,"name":"Shop","item":"https:\/\/katua.com.co\/index.php\/shop\/"},{"@type":"ListItem","position":3,"name":"Aquaria"}]},{"@type":"WebSite","@id":"https:\/\/katua.com.co\/#website","url":"https:\/\/katua.com.co\/","name":"KATUA","description":"Moda premium enfocada en ofrecer dise\u00f1os exclusivos de alta calidad!","publisher":{"@id":"https:\/\/katua.com.co\/#organization"},"potentialAction":[{"@type":"SearchAction","target":{"@type":"EntryPoint","urlTemplate":"https:\/\/katua.com.co\/?s={search_term_string}"},"query-input":{"@type":"PropertyValueSpecification","valueRequired":true,"valueName":"search_term_string"}}],"inLanguage":"es-CO"},{"@type":"Organization","@id":"https:\/\/katua.com.co\/#organization","name":"KATUA","url":"https:\/\/katua.com.co\/","logo":{"@type":"ImageObject","inLanguage":"es-CO","@id":"https:\/\/katua.com.co\/#\/schema\/logo\/image\/","url":"https:\/\/i0.wp.com\/katua.com.co\/wp-content\/uploads\/2020\/07\/cropped-NUEVO-LOGO.png?fit=512%2C512&ssl=1","contentUrl":"https:\/\/i0.wp.com\/katua.com.co\/wp-content\/uploads\/2020\/07\/cropped-NUEVO-LOGO.png?fit=512%2C512&ssl=1","width":512,"height":512,"caption":"KATUA"},"image":{"@id":"https:\/\/katua.com.co\/#\/schema\/logo\/image\/"},"sameAs":["https:\/\/www.facebook.com\/Katuastore","https:\/\/www.tiktok.com\/@katua.co","https:\/\/www.instagram.com\/katua.co\/"]}]}},"_links":{"self":[{"href":"https:\/\/katua.com.co\/index.php\/wp-json\/wp\/v2\/product\/2624","targetHints":{"allow":["GET"]}}],"collection":[{"href":"https:\/\/katua.com.co\/index.php\/wp-json\/wp\/v2\/product"}],"about":[{"href":"https:\/\/katua.com.co\/index.php\/wp-json\/wp\/v2\/types\/product"}],"replies":[{"embeddable":true,"href":"https:\/\/katua.com.co\/index.php\/wp-json\/wp\/v2\/comments?post=2624"}],"wp:featuredmedia":[{"embeddable":true,"href":"https:\/\/katua.com.co\/index.php\/wp-json\/wp\/v2\/media\/5182"}],"wp:attachment":[{"href":"https:\/\/katua.com.co\/index.php\/wp-json\/wp\/v2\/media?parent=2624"}],"wp:term":[{"taxonomy":"product_brand","embeddable":true,"href":"https:\/\/katua.com.co\/index.php\/wp-json\/wp\/v2\/product_brand?post=2624"},{"taxonomy":"product_cat","embeddable":true,"href":"https:\/\/katua.com.co\/index.php\/wp-json\/wp\/v2\/product_cat?post=2624"},{"taxonomy":"product_tag","embeddable":true,"href":"https:\/\/katua.com.co\/index.php\/wp-json\/wp\/v2\/product_tag?post=2624"},{"taxonomy":"giftcard-category","embeddable":true,"href":"https:\/\/katua.com.co\/index.php\/wp-json\/wp\/v2\/giftcard-category?post=2624"}],"curies":[{"name":"wp","href":"https:\/\/api.w.org\/{rel}","templated":true}]}}