{"id":5301,"date":"2024-11-30T19:31:24","date_gmt":"2024-12-01T00:31:24","guid":{"rendered":"https:\/\/katua.com.co\/?post_type=product&#038;p=5301"},"modified":"2026-01-10T15:17:02","modified_gmt":"2026-01-10T20:17:02","slug":"ana-lino-blanco","status":"publish","type":"product","link":"https:\/\/katua.com.co\/index.php\/producto\/ana-lino-blanco\/","title":{"rendered":"Blusa Ana Lino"},"content":{"rendered":"","protected":false},"excerpt":{"rendered":"<h3><strong>Blusa Ana &#8211; Blanco<\/strong><\/h3>\n<p>\u2728 <strong>Ligereza y estilo que inspiran frescura<\/strong>. La Blusa Ana en blanco es una pieza atemporal confeccionada en lino 100% natural, ideal para climas c\u00e1lidos. Su dise\u00f1o rom\u00e1ntico y delicado, con un lazo frontal, la convierte en el complemento perfecto para cualquier look relajado y chic.<\/p>\n<p>\ud83d\udd39 <strong>Detalles:<\/strong><\/p>\n<ul>\n<li>Lino 100% natural, suave y transpirable.<\/li>\n<li>Lazo ajustable al frente que realza la feminidad.<\/li>\n<li>Corte fluido y ligero para mayor comodidad.<\/li>\n<\/ul>\n<p>\ud83d\uded2 <strong>Perfecta para combinar con faldas, shorts o pantalones de lino. Dale un toque fresco a tu estilo diario.<\/strong><\/p>\n","protected":false},"featured_media":5587,"comment_status":"open","ping_status":"closed","template":"","meta":[],"product_brand":[],"product_cat":[51],"product_tag":[],"giftcard-category":[],"class_list":{"0":"post-5301","1":"product","2":"type-product","3":"status-publish","4":"has-post-thumbnail","6":"product_cat-tops","8":"first","9":"instock","10":"taxable","11":"shipping-taxable","12":"purchasable","13":"product-type-variable"},"yoast_head":"<!-- This site is optimized with the Yoast SEO plugin v27.0 - https:\/\/yoast.com\/product\/yoast-seo-wordpress\/ -->\n<title>Blusa Ana Lino | Katua<\/title>\n<meta name=\"description\" content=\"Katua | Blusa Ana - Blanco \u2728 Ligereza y estilo que inspiran frescura. La Blusa Ana en blanco es una pieza atemporal confeccionada en lino 100% natural, ideal para climas c\u00e1lidos. Su dise\u00f1o rom\u00e1ntico y delicado, con un lazo frontal, la convierte en el complemento perfecto para cualquier look relajado y chic.  \ud83d\udd39 Detalles:   Lino 100% natural, suave y transpirable.  Lazo ajustable al frente que realza la feminidad.  Corte fluido y ligero para mayor comodidad.  \ud83d\uded2 Perfecta para combinar con faldas, shorts o pantalones de lino. Dale un toque fresco a tu estilo diario.\" \/>\n<meta name=\"robots\" content=\"index, follow, max-snippet:-1, max-image-preview:large, max-video-preview:-1\" \/>\n<link rel=\"canonical\" href=\"https:\/\/katua.com.co\/index.php\/producto\/ana-lino-blanco\/\" \/>\n<meta property=\"og:locale\" content=\"es_ES\" \/>\n<meta property=\"og:type\" content=\"article\" \/>\n<meta property=\"og:title\" content=\"Blusa Ana Lino | Katua\" \/>\n<meta property=\"og:description\" content=\"Katua | Blusa Ana - Blanco \u2728 Ligereza y estilo que inspiran frescura. La Blusa Ana en blanco es una pieza atemporal confeccionada en lino 100% natural, ideal para climas c\u00e1lidos. Su dise\u00f1o rom\u00e1ntico y delicado, con un lazo frontal, la convierte en el complemento perfecto para cualquier look relajado y chic.  \ud83d\udd39 Detalles:   Lino 100% natural, suave y transpirable.  Lazo ajustable al frente que realza la feminidad.  Corte fluido y ligero para mayor comodidad.  \ud83d\uded2 Perfecta para combinar con faldas, shorts o pantalones de lino. Dale un toque fresco a tu estilo diario.\" \/>\n<meta property=\"og:url\" content=\"https:\/\/katua.com.co\/index.php\/producto\/ana-lino-blanco\/\" \/>\n<meta property=\"og:site_name\" content=\"Katua\" \/>\n<meta property=\"article:publisher\" content=\"https:\/\/www.facebook.com\/Katuastore\" \/>\n<meta property=\"article:modified_time\" content=\"2026-01-10T20:17:02+00:00\" \/>\n<meta property=\"og:image\" content=\"https:\/\/katua.com.co\/wp-content\/uploads\/2024\/11\/img_1657-scaled.jpeg\" \/>\n\t<meta property=\"og:image:width\" content=\"1707\" \/>\n\t<meta property=\"og:image:height\" content=\"2560\" \/>\n\t<meta property=\"og:image:type\" content=\"image\/jpeg\" \/>\n<meta name=\"twitter:card\" content=\"summary_large_image\" \/>\n<meta name=\"twitter:label1\" content=\"Tiempo de lectura\" \/>\n\t<meta name=\"twitter:data1\" content=\"1 minuto\" \/>\n<script type=\"application\/ld+json\" class=\"yoast-schema-graph\">{\"@context\":\"https:\/\/schema.org\",\"@graph\":[{\"@type\":[\"WebPage\",\"ItemPage\"],\"@id\":\"https:\/\/katua.com.co\/index.php\/producto\/ana-lino-blanco\/\",\"url\":\"https:\/\/katua.com.co\/index.php\/producto\/ana-lino-blanco\/\",\"name\":\"Blusa Ana Lino | Katua\",\"isPartOf\":{\"@id\":\"https:\/\/katua.com.co\/#website\"},\"primaryImageOfPage\":{\"@id\":\"https:\/\/katua.com.co\/index.php\/producto\/ana-lino-blanco\/#primaryimage\"},\"image\":{\"@id\":\"https:\/\/katua.com.co\/index.php\/producto\/ana-lino-blanco\/#primaryimage\"},\"thumbnailUrl\":\"https:\/\/katua.com.co\/wp-content\/uploads\/2024\/11\/img_1657-scaled.jpeg\",\"datePublished\":\"2024-12-01T00:31:24+00:00\",\"dateModified\":\"2026-01-10T20:17:02+00:00\",\"description\":\"Katua | Blusa Ana - Blanco \u2728 Ligereza y estilo que inspiran frescura. La Blusa Ana en blanco es una pieza atemporal confeccionada en lino 100% natural, ideal para climas c\u00e1lidos. Su dise\u00f1o rom\u00e1ntico y delicado, con un lazo frontal, la convierte en el complemento perfecto para cualquier look relajado y chic. \ud83d\udd39 Detalles: Lino 100% natural, suave y transpirable. Lazo ajustable al frente que realza la feminidad. Corte fluido y ligero para mayor comodidad. \ud83d\uded2 Perfecta para combinar con faldas, shorts o pantalones de lino. Dale un toque fresco a tu estilo diario.\",\"breadcrumb\":{\"@id\":\"https:\/\/katua.com.co\/index.php\/producto\/ana-lino-blanco\/#breadcrumb\"},\"inLanguage\":\"es-CO\",\"potentialAction\":[{\"@type\":\"ReadAction\",\"target\":[\"https:\/\/katua.com.co\/index.php\/producto\/ana-lino-blanco\/\"]}]},{\"@type\":\"ImageObject\",\"inLanguage\":\"es-CO\",\"@id\":\"https:\/\/katua.com.co\/index.php\/producto\/ana-lino-blanco\/#primaryimage\",\"url\":\"https:\/\/katua.com.co\/wp-content\/uploads\/2024\/11\/img_1657-scaled.jpeg\",\"contentUrl\":\"https:\/\/katua.com.co\/wp-content\/uploads\/2024\/11\/img_1657-scaled.jpeg\",\"width\":1707,\"height\":2560},{\"@type\":\"BreadcrumbList\",\"@id\":\"https:\/\/katua.com.co\/index.php\/producto\/ana-lino-blanco\/#breadcrumb\",\"itemListElement\":[{\"@type\":\"ListItem\",\"position\":1,\"name\":\"Inicio\",\"item\":\"https:\/\/katua.com.co\/\"},{\"@type\":\"ListItem\",\"position\":2,\"name\":\"Shop\",\"item\":\"https:\/\/katua.com.co\/index.php\/shop\/\"},{\"@type\":\"ListItem\",\"position\":3,\"name\":\"Blusa Ana Lino\"}]},{\"@type\":\"WebSite\",\"@id\":\"https:\/\/katua.com.co\/#website\",\"url\":\"https:\/\/katua.com.co\/\",\"name\":\"KATUA\",\"description\":\"Moda premium enfocada en ofrecer dise\u00f1os exclusivos de alta calidad!\",\"publisher\":{\"@id\":\"https:\/\/katua.com.co\/#organization\"},\"potentialAction\":[{\"@type\":\"SearchAction\",\"target\":{\"@type\":\"EntryPoint\",\"urlTemplate\":\"https:\/\/katua.com.co\/?s={search_term_string}\"},\"query-input\":{\"@type\":\"PropertyValueSpecification\",\"valueRequired\":true,\"valueName\":\"search_term_string\"}}],\"inLanguage\":\"es-CO\"},{\"@type\":\"Organization\",\"@id\":\"https:\/\/katua.com.co\/#organization\",\"name\":\"KATUA\",\"url\":\"https:\/\/katua.com.co\/\",\"logo\":{\"@type\":\"ImageObject\",\"inLanguage\":\"es-CO\",\"@id\":\"https:\/\/katua.com.co\/#\/schema\/logo\/image\/\",\"url\":\"https:\/\/i0.wp.com\/katua.com.co\/wp-content\/uploads\/2020\/07\/cropped-NUEVO-LOGO.png?fit=512%2C512&ssl=1\",\"contentUrl\":\"https:\/\/i0.wp.com\/katua.com.co\/wp-content\/uploads\/2020\/07\/cropped-NUEVO-LOGO.png?fit=512%2C512&ssl=1\",\"width\":512,\"height\":512,\"caption\":\"KATUA\"},\"image\":{\"@id\":\"https:\/\/katua.com.co\/#\/schema\/logo\/image\/\"},\"sameAs\":[\"https:\/\/www.facebook.com\/Katuastore\",\"https:\/\/www.tiktok.com\/@katua.co\",\"https:\/\/www.instagram.com\/katua.co\/\"]}]}<\/script>\n<!-- \/ Yoast SEO plugin. -->","yoast_head_json":{"title":"Blusa Ana Lino | Katua","description":"Katua | Blusa Ana - Blanco \u2728 Ligereza y estilo que inspiran frescura. La Blusa Ana en blanco es una pieza atemporal confeccionada en lino 100% natural, ideal para climas c\u00e1lidos. Su dise\u00f1o rom\u00e1ntico y delicado, con un lazo frontal, la convierte en el complemento perfecto para cualquier look relajado y chic.  \ud83d\udd39 Detalles:   Lino 100% natural, suave y transpirable.  Lazo ajustable al frente que realza la feminidad.  Corte fluido y ligero para mayor comodidad.  \ud83d\uded2 Perfecta para combinar con faldas, shorts o pantalones de lino. Dale un toque fresco a tu estilo diario.","robots":{"index":"index","follow":"follow","max-snippet":"max-snippet:-1","max-image-preview":"max-image-preview:large","max-video-preview":"max-video-preview:-1"},"canonical":"https:\/\/katua.com.co\/index.php\/producto\/ana-lino-blanco\/","og_locale":"es_ES","og_type":"article","og_title":"Blusa Ana Lino | Katua","og_description":"Katua | Blusa Ana - Blanco \u2728 Ligereza y estilo que inspiran frescura. La Blusa Ana en blanco es una pieza atemporal confeccionada en lino 100% natural, ideal para climas c\u00e1lidos. Su dise\u00f1o rom\u00e1ntico y delicado, con un lazo frontal, la convierte en el complemento perfecto para cualquier look relajado y chic.  \ud83d\udd39 Detalles:   Lino 100% natural, suave y transpirable.  Lazo ajustable al frente que realza la feminidad.  Corte fluido y ligero para mayor comodidad.  \ud83d\uded2 Perfecta para combinar con faldas, shorts o pantalones de lino. Dale un toque fresco a tu estilo diario.","og_url":"https:\/\/katua.com.co\/index.php\/producto\/ana-lino-blanco\/","og_site_name":"Katua","article_publisher":"https:\/\/www.facebook.com\/Katuastore","article_modified_time":"2026-01-10T20:17:02+00:00","og_image":[{"width":1707,"height":2560,"url":"https:\/\/katua.com.co\/wp-content\/uploads\/2024\/11\/img_1657-scaled.jpeg","type":"image\/jpeg"}],"twitter_card":"summary_large_image","twitter_misc":{"Tiempo de lectura":"1 minuto"},"schema":{"@context":"https:\/\/schema.org","@graph":[{"@type":["WebPage","ItemPage"],"@id":"https:\/\/katua.com.co\/index.php\/producto\/ana-lino-blanco\/","url":"https:\/\/katua.com.co\/index.php\/producto\/ana-lino-blanco\/","name":"Blusa Ana Lino | Katua","isPartOf":{"@id":"https:\/\/katua.com.co\/#website"},"primaryImageOfPage":{"@id":"https:\/\/katua.com.co\/index.php\/producto\/ana-lino-blanco\/#primaryimage"},"image":{"@id":"https:\/\/katua.com.co\/index.php\/producto\/ana-lino-blanco\/#primaryimage"},"thumbnailUrl":"https:\/\/katua.com.co\/wp-content\/uploads\/2024\/11\/img_1657-scaled.jpeg","datePublished":"2024-12-01T00:31:24+00:00","dateModified":"2026-01-10T20:17:02+00:00","description":"Katua | Blusa Ana - Blanco \u2728 Ligereza y estilo que inspiran frescura. La Blusa Ana en blanco es una pieza atemporal confeccionada en lino 100% natural, ideal para climas c\u00e1lidos. Su dise\u00f1o rom\u00e1ntico y delicado, con un lazo frontal, la convierte en el complemento perfecto para cualquier look relajado y chic. \ud83d\udd39 Detalles: Lino 100% natural, suave y transpirable. Lazo ajustable al frente que realza la feminidad. Corte fluido y ligero para mayor comodidad. \ud83d\uded2 Perfecta para combinar con faldas, shorts o pantalones de lino. Dale un toque fresco a tu estilo diario.","breadcrumb":{"@id":"https:\/\/katua.com.co\/index.php\/producto\/ana-lino-blanco\/#breadcrumb"},"inLanguage":"es-CO","potentialAction":[{"@type":"ReadAction","target":["https:\/\/katua.com.co\/index.php\/producto\/ana-lino-blanco\/"]}]},{"@type":"ImageObject","inLanguage":"es-CO","@id":"https:\/\/katua.com.co\/index.php\/producto\/ana-lino-blanco\/#primaryimage","url":"https:\/\/katua.com.co\/wp-content\/uploads\/2024\/11\/img_1657-scaled.jpeg","contentUrl":"https:\/\/katua.com.co\/wp-content\/uploads\/2024\/11\/img_1657-scaled.jpeg","width":1707,"height":2560},{"@type":"BreadcrumbList","@id":"https:\/\/katua.com.co\/index.php\/producto\/ana-lino-blanco\/#breadcrumb","itemListElement":[{"@type":"ListItem","position":1,"name":"Inicio","item":"https:\/\/katua.com.co\/"},{"@type":"ListItem","position":2,"name":"Shop","item":"https:\/\/katua.com.co\/index.php\/shop\/"},{"@type":"ListItem","position":3,"name":"Blusa Ana Lino"}]},{"@type":"WebSite","@id":"https:\/\/katua.com.co\/#website","url":"https:\/\/katua.com.co\/","name":"KATUA","description":"Moda premium enfocada en ofrecer dise\u00f1os exclusivos de alta calidad!","publisher":{"@id":"https:\/\/katua.com.co\/#organization"},"potentialAction":[{"@type":"SearchAction","target":{"@type":"EntryPoint","urlTemplate":"https:\/\/katua.com.co\/?s={search_term_string}"},"query-input":{"@type":"PropertyValueSpecification","valueRequired":true,"valueName":"search_term_string"}}],"inLanguage":"es-CO"},{"@type":"Organization","@id":"https:\/\/katua.com.co\/#organization","name":"KATUA","url":"https:\/\/katua.com.co\/","logo":{"@type":"ImageObject","inLanguage":"es-CO","@id":"https:\/\/katua.com.co\/#\/schema\/logo\/image\/","url":"https:\/\/i0.wp.com\/katua.com.co\/wp-content\/uploads\/2020\/07\/cropped-NUEVO-LOGO.png?fit=512%2C512&ssl=1","contentUrl":"https:\/\/i0.wp.com\/katua.com.co\/wp-content\/uploads\/2020\/07\/cropped-NUEVO-LOGO.png?fit=512%2C512&ssl=1","width":512,"height":512,"caption":"KATUA"},"image":{"@id":"https:\/\/katua.com.co\/#\/schema\/logo\/image\/"},"sameAs":["https:\/\/www.facebook.com\/Katuastore","https:\/\/www.tiktok.com\/@katua.co","https:\/\/www.instagram.com\/katua.co\/"]}]}},"_links":{"self":[{"href":"https:\/\/katua.com.co\/index.php\/wp-json\/wp\/v2\/product\/5301","targetHints":{"allow":["GET"]}}],"collection":[{"href":"https:\/\/katua.com.co\/index.php\/wp-json\/wp\/v2\/product"}],"about":[{"href":"https:\/\/katua.com.co\/index.php\/wp-json\/wp\/v2\/types\/product"}],"replies":[{"embeddable":true,"href":"https:\/\/katua.com.co\/index.php\/wp-json\/wp\/v2\/comments?post=5301"}],"wp:featuredmedia":[{"embeddable":true,"href":"https:\/\/katua.com.co\/index.php\/wp-json\/wp\/v2\/media\/5587"}],"wp:attachment":[{"href":"https:\/\/katua.com.co\/index.php\/wp-json\/wp\/v2\/media?parent=5301"}],"wp:term":[{"taxonomy":"product_brand","embeddable":true,"href":"https:\/\/katua.com.co\/index.php\/wp-json\/wp\/v2\/product_brand?post=5301"},{"taxonomy":"product_cat","embeddable":true,"href":"https:\/\/katua.com.co\/index.php\/wp-json\/wp\/v2\/product_cat?post=5301"},{"taxonomy":"product_tag","embeddable":true,"href":"https:\/\/katua.com.co\/index.php\/wp-json\/wp\/v2\/product_tag?post=5301"},{"taxonomy":"giftcard-category","embeddable":true,"href":"https:\/\/katua.com.co\/index.php\/wp-json\/wp\/v2\/giftcard-category?post=5301"}],"curies":[{"name":"wp","href":"https:\/\/api.w.org\/{rel}","templated":true}]}}