{"id":5316,"date":"2024-12-01T11:36:13","date_gmt":"2024-12-01T16:36:13","guid":{"rendered":"https:\/\/katua.com.co\/?post_type=product&#038;p=5316"},"modified":"2026-02-10T14:41:24","modified_gmt":"2026-02-10T19:41:24","slug":"blusa-ana-negro","status":"publish","type":"product","link":"https:\/\/katua.com.co\/index.php\/producto\/blusa-ana-negro\/","title":{"rendered":"Blusa Ana Lino Negro"},"content":{"rendered":"","protected":false},"excerpt":{"rendered":"<h3><strong>Blusa Ana &#8211; Negro<\/strong><\/h3>\n<p>\u2728 <strong>Sofisticaci\u00f3n y comodidad en una sola pieza<\/strong>. La Blusa Ana en negro combina un dise\u00f1o vers\u00e1til con lino 100% natural, ofreciendo un equilibrio perfecto entre frescura y elegancia. Su lazo ajustable al frente te permite adaptarla a cualquier ocasi\u00f3n.<\/p>\n<p>\ud83d\udd39 <strong>Detalles:<\/strong><\/p>\n<ul>\n<li>Confeccionada en lino 100% natural, ligero y fresco.<\/li>\n<li>Dise\u00f1o con lazo ajustable para un toque femenino y moderno.<\/li>\n<li>Color negro, ideal para looks diurnos o nocturnos.<\/li>\n<\/ul>\n<p>\ud83d\uded2 <strong>Comb\u00ednala con accesorios dorados y prendas claras para destacar su elegancia. Es un esencial para cualquier guardarropa.<\/strong><\/p>\n","protected":false},"featured_media":5782,"comment_status":"open","ping_status":"closed","template":"","meta":[],"product_brand":[],"product_cat":[51],"product_tag":[],"giftcard-category":[],"class_list":{"0":"post-5316","1":"product","2":"type-product","3":"status-publish","4":"has-post-thumbnail","6":"product_cat-tops","8":"first","9":"instock","10":"taxable","11":"shipping-taxable","12":"purchasable","13":"product-type-variable"},"yoast_head":"<!-- This site is optimized with the Yoast SEO plugin v27.0 - https:\/\/yoast.com\/product\/yoast-seo-wordpress\/ -->\n<title>Blusa Ana Lino Negro | Katua<\/title>\n<meta name=\"description\" content=\"Katua | Blusa Ana - Negro \u2728 Sofisticaci\u00f3n y comodidad en una sola pieza. La Blusa Ana en negro combina un dise\u00f1o vers\u00e1til con lino 100% natural, ofreciendo un equilibrio perfecto entre frescura y elegancia. Su lazo ajustable al frente te permite adaptarla a cualquier ocasi\u00f3n.  \ud83d\udd39 Detalles:   Confeccionada en lino 100% natural, ligero y fresco.  Dise\u00f1o con lazo ajustable para un toque femenino y moderno.  Color negro, ideal para looks diurnos o nocturnos.  \ud83d\uded2 Comb\u00ednala con accesorios dorados y prendas claras para destacar su elegancia. Es un esencial para cualquier guardarropa.\" \/>\n<meta name=\"robots\" content=\"index, follow, max-snippet:-1, max-image-preview:large, max-video-preview:-1\" \/>\n<link rel=\"canonical\" href=\"https:\/\/katua.com.co\/index.php\/producto\/blusa-ana-negro\/\" \/>\n<meta property=\"og:locale\" content=\"es_ES\" \/>\n<meta property=\"og:type\" content=\"article\" \/>\n<meta property=\"og:title\" content=\"Blusa Ana Lino Negro | Katua\" \/>\n<meta property=\"og:description\" content=\"Katua | Blusa Ana - Negro \u2728 Sofisticaci\u00f3n y comodidad en una sola pieza. La Blusa Ana en negro combina un dise\u00f1o vers\u00e1til con lino 100% natural, ofreciendo un equilibrio perfecto entre frescura y elegancia. Su lazo ajustable al frente te permite adaptarla a cualquier ocasi\u00f3n.  \ud83d\udd39 Detalles:   Confeccionada en lino 100% natural, ligero y fresco.  Dise\u00f1o con lazo ajustable para un toque femenino y moderno.  Color negro, ideal para looks diurnos o nocturnos.  \ud83d\uded2 Comb\u00ednala con accesorios dorados y prendas claras para destacar su elegancia. Es un esencial para cualquier guardarropa.\" \/>\n<meta property=\"og:url\" content=\"https:\/\/katua.com.co\/index.php\/producto\/blusa-ana-negro\/\" \/>\n<meta property=\"og:site_name\" content=\"Katua\" \/>\n<meta property=\"article:publisher\" content=\"https:\/\/www.facebook.com\/Katuastore\" \/>\n<meta property=\"article:modified_time\" content=\"2026-02-10T19:41:24+00:00\" \/>\n<meta property=\"og:image\" content=\"https:\/\/katua.com.co\/wp-content\/uploads\/2025\/02\/img_1665-1.jpg\" \/>\n\t<meta property=\"og:image:width\" content=\"1333\" \/>\n\t<meta property=\"og:image:height\" content=\"2000\" \/>\n\t<meta property=\"og:image:type\" content=\"image\/jpeg\" \/>\n<meta name=\"twitter:card\" content=\"summary_large_image\" \/>\n<meta name=\"twitter:label1\" content=\"Tiempo de lectura\" \/>\n\t<meta name=\"twitter:data1\" content=\"1 minuto\" \/>\n<script type=\"application\/ld+json\" class=\"yoast-schema-graph\">{\"@context\":\"https:\/\/schema.org\",\"@graph\":[{\"@type\":[\"WebPage\",\"ItemPage\"],\"@id\":\"https:\/\/katua.com.co\/index.php\/producto\/blusa-ana-negro\/\",\"url\":\"https:\/\/katua.com.co\/index.php\/producto\/blusa-ana-negro\/\",\"name\":\"Blusa Ana Lino Negro | Katua\",\"isPartOf\":{\"@id\":\"https:\/\/katua.com.co\/#website\"},\"primaryImageOfPage\":{\"@id\":\"https:\/\/katua.com.co\/index.php\/producto\/blusa-ana-negro\/#primaryimage\"},\"image\":{\"@id\":\"https:\/\/katua.com.co\/index.php\/producto\/blusa-ana-negro\/#primaryimage\"},\"thumbnailUrl\":\"https:\/\/katua.com.co\/wp-content\/uploads\/2025\/02\/img_1665-1.jpg\",\"datePublished\":\"2024-12-01T16:36:13+00:00\",\"dateModified\":\"2026-02-10T19:41:24+00:00\",\"description\":\"Katua | Blusa Ana - Negro \u2728 Sofisticaci\u00f3n y comodidad en una sola pieza. La Blusa Ana en negro combina un dise\u00f1o vers\u00e1til con lino 100% natural, ofreciendo un equilibrio perfecto entre frescura y elegancia. Su lazo ajustable al frente te permite adaptarla a cualquier ocasi\u00f3n. \ud83d\udd39 Detalles: Confeccionada en lino 100% natural, ligero y fresco. Dise\u00f1o con lazo ajustable para un toque femenino y moderno. Color negro, ideal para looks diurnos o nocturnos. \ud83d\uded2 Comb\u00ednala con accesorios dorados y prendas claras para destacar su elegancia. Es un esencial para cualquier guardarropa.\",\"breadcrumb\":{\"@id\":\"https:\/\/katua.com.co\/index.php\/producto\/blusa-ana-negro\/#breadcrumb\"},\"inLanguage\":\"es-CO\",\"potentialAction\":[{\"@type\":\"ReadAction\",\"target\":[\"https:\/\/katua.com.co\/index.php\/producto\/blusa-ana-negro\/\"]}]},{\"@type\":\"ImageObject\",\"inLanguage\":\"es-CO\",\"@id\":\"https:\/\/katua.com.co\/index.php\/producto\/blusa-ana-negro\/#primaryimage\",\"url\":\"https:\/\/katua.com.co\/wp-content\/uploads\/2025\/02\/img_1665-1.jpg\",\"contentUrl\":\"https:\/\/katua.com.co\/wp-content\/uploads\/2025\/02\/img_1665-1.jpg\",\"width\":1333,\"height\":2000},{\"@type\":\"BreadcrumbList\",\"@id\":\"https:\/\/katua.com.co\/index.php\/producto\/blusa-ana-negro\/#breadcrumb\",\"itemListElement\":[{\"@type\":\"ListItem\",\"position\":1,\"name\":\"Inicio\",\"item\":\"https:\/\/katua.com.co\/\"},{\"@type\":\"ListItem\",\"position\":2,\"name\":\"Shop\",\"item\":\"https:\/\/katua.com.co\/index.php\/shop\/\"},{\"@type\":\"ListItem\",\"position\":3,\"name\":\"Blusa Ana Lino Negro\"}]},{\"@type\":\"WebSite\",\"@id\":\"https:\/\/katua.com.co\/#website\",\"url\":\"https:\/\/katua.com.co\/\",\"name\":\"KATUA\",\"description\":\"Moda premium enfocada en ofrecer dise\u00f1os exclusivos de alta calidad!\",\"publisher\":{\"@id\":\"https:\/\/katua.com.co\/#organization\"},\"potentialAction\":[{\"@type\":\"SearchAction\",\"target\":{\"@type\":\"EntryPoint\",\"urlTemplate\":\"https:\/\/katua.com.co\/?s={search_term_string}\"},\"query-input\":{\"@type\":\"PropertyValueSpecification\",\"valueRequired\":true,\"valueName\":\"search_term_string\"}}],\"inLanguage\":\"es-CO\"},{\"@type\":\"Organization\",\"@id\":\"https:\/\/katua.com.co\/#organization\",\"name\":\"KATUA\",\"url\":\"https:\/\/katua.com.co\/\",\"logo\":{\"@type\":\"ImageObject\",\"inLanguage\":\"es-CO\",\"@id\":\"https:\/\/katua.com.co\/#\/schema\/logo\/image\/\",\"url\":\"https:\/\/i0.wp.com\/katua.com.co\/wp-content\/uploads\/2020\/07\/cropped-NUEVO-LOGO.png?fit=512%2C512&ssl=1\",\"contentUrl\":\"https:\/\/i0.wp.com\/katua.com.co\/wp-content\/uploads\/2020\/07\/cropped-NUEVO-LOGO.png?fit=512%2C512&ssl=1\",\"width\":512,\"height\":512,\"caption\":\"KATUA\"},\"image\":{\"@id\":\"https:\/\/katua.com.co\/#\/schema\/logo\/image\/\"},\"sameAs\":[\"https:\/\/www.facebook.com\/Katuastore\",\"https:\/\/www.tiktok.com\/@katua.co\",\"https:\/\/www.instagram.com\/katua.co\/\"]}]}<\/script>\n<!-- \/ Yoast SEO plugin. -->","yoast_head_json":{"title":"Blusa Ana Lino Negro | Katua","description":"Katua | Blusa Ana - Negro \u2728 Sofisticaci\u00f3n y comodidad en una sola pieza. La Blusa Ana en negro combina un dise\u00f1o vers\u00e1til con lino 100% natural, ofreciendo un equilibrio perfecto entre frescura y elegancia. Su lazo ajustable al frente te permite adaptarla a cualquier ocasi\u00f3n.  \ud83d\udd39 Detalles:   Confeccionada en lino 100% natural, ligero y fresco.  Dise\u00f1o con lazo ajustable para un toque femenino y moderno.  Color negro, ideal para looks diurnos o nocturnos.  \ud83d\uded2 Comb\u00ednala con accesorios dorados y prendas claras para destacar su elegancia. Es un esencial para cualquier guardarropa.","robots":{"index":"index","follow":"follow","max-snippet":"max-snippet:-1","max-image-preview":"max-image-preview:large","max-video-preview":"max-video-preview:-1"},"canonical":"https:\/\/katua.com.co\/index.php\/producto\/blusa-ana-negro\/","og_locale":"es_ES","og_type":"article","og_title":"Blusa Ana Lino Negro | Katua","og_description":"Katua | Blusa Ana - Negro \u2728 Sofisticaci\u00f3n y comodidad en una sola pieza. La Blusa Ana en negro combina un dise\u00f1o vers\u00e1til con lino 100% natural, ofreciendo un equilibrio perfecto entre frescura y elegancia. Su lazo ajustable al frente te permite adaptarla a cualquier ocasi\u00f3n.  \ud83d\udd39 Detalles:   Confeccionada en lino 100% natural, ligero y fresco.  Dise\u00f1o con lazo ajustable para un toque femenino y moderno.  Color negro, ideal para looks diurnos o nocturnos.  \ud83d\uded2 Comb\u00ednala con accesorios dorados y prendas claras para destacar su elegancia. Es un esencial para cualquier guardarropa.","og_url":"https:\/\/katua.com.co\/index.php\/producto\/blusa-ana-negro\/","og_site_name":"Katua","article_publisher":"https:\/\/www.facebook.com\/Katuastore","article_modified_time":"2026-02-10T19:41:24+00:00","og_image":[{"width":1333,"height":2000,"url":"https:\/\/katua.com.co\/wp-content\/uploads\/2025\/02\/img_1665-1.jpg","type":"image\/jpeg"}],"twitter_card":"summary_large_image","twitter_misc":{"Tiempo de lectura":"1 minuto"},"schema":{"@context":"https:\/\/schema.org","@graph":[{"@type":["WebPage","ItemPage"],"@id":"https:\/\/katua.com.co\/index.php\/producto\/blusa-ana-negro\/","url":"https:\/\/katua.com.co\/index.php\/producto\/blusa-ana-negro\/","name":"Blusa Ana Lino Negro | Katua","isPartOf":{"@id":"https:\/\/katua.com.co\/#website"},"primaryImageOfPage":{"@id":"https:\/\/katua.com.co\/index.php\/producto\/blusa-ana-negro\/#primaryimage"},"image":{"@id":"https:\/\/katua.com.co\/index.php\/producto\/blusa-ana-negro\/#primaryimage"},"thumbnailUrl":"https:\/\/katua.com.co\/wp-content\/uploads\/2025\/02\/img_1665-1.jpg","datePublished":"2024-12-01T16:36:13+00:00","dateModified":"2026-02-10T19:41:24+00:00","description":"Katua | Blusa Ana - Negro \u2728 Sofisticaci\u00f3n y comodidad en una sola pieza. La Blusa Ana en negro combina un dise\u00f1o vers\u00e1til con lino 100% natural, ofreciendo un equilibrio perfecto entre frescura y elegancia. Su lazo ajustable al frente te permite adaptarla a cualquier ocasi\u00f3n. \ud83d\udd39 Detalles: Confeccionada en lino 100% natural, ligero y fresco. Dise\u00f1o con lazo ajustable para un toque femenino y moderno. Color negro, ideal para looks diurnos o nocturnos. \ud83d\uded2 Comb\u00ednala con accesorios dorados y prendas claras para destacar su elegancia. Es un esencial para cualquier guardarropa.","breadcrumb":{"@id":"https:\/\/katua.com.co\/index.php\/producto\/blusa-ana-negro\/#breadcrumb"},"inLanguage":"es-CO","potentialAction":[{"@type":"ReadAction","target":["https:\/\/katua.com.co\/index.php\/producto\/blusa-ana-negro\/"]}]},{"@type":"ImageObject","inLanguage":"es-CO","@id":"https:\/\/katua.com.co\/index.php\/producto\/blusa-ana-negro\/#primaryimage","url":"https:\/\/katua.com.co\/wp-content\/uploads\/2025\/02\/img_1665-1.jpg","contentUrl":"https:\/\/katua.com.co\/wp-content\/uploads\/2025\/02\/img_1665-1.jpg","width":1333,"height":2000},{"@type":"BreadcrumbList","@id":"https:\/\/katua.com.co\/index.php\/producto\/blusa-ana-negro\/#breadcrumb","itemListElement":[{"@type":"ListItem","position":1,"name":"Inicio","item":"https:\/\/katua.com.co\/"},{"@type":"ListItem","position":2,"name":"Shop","item":"https:\/\/katua.com.co\/index.php\/shop\/"},{"@type":"ListItem","position":3,"name":"Blusa Ana Lino Negro"}]},{"@type":"WebSite","@id":"https:\/\/katua.com.co\/#website","url":"https:\/\/katua.com.co\/","name":"KATUA","description":"Moda premium enfocada en ofrecer dise\u00f1os exclusivos de alta calidad!","publisher":{"@id":"https:\/\/katua.com.co\/#organization"},"potentialAction":[{"@type":"SearchAction","target":{"@type":"EntryPoint","urlTemplate":"https:\/\/katua.com.co\/?s={search_term_string}"},"query-input":{"@type":"PropertyValueSpecification","valueRequired":true,"valueName":"search_term_string"}}],"inLanguage":"es-CO"},{"@type":"Organization","@id":"https:\/\/katua.com.co\/#organization","name":"KATUA","url":"https:\/\/katua.com.co\/","logo":{"@type":"ImageObject","inLanguage":"es-CO","@id":"https:\/\/katua.com.co\/#\/schema\/logo\/image\/","url":"https:\/\/i0.wp.com\/katua.com.co\/wp-content\/uploads\/2020\/07\/cropped-NUEVO-LOGO.png?fit=512%2C512&ssl=1","contentUrl":"https:\/\/i0.wp.com\/katua.com.co\/wp-content\/uploads\/2020\/07\/cropped-NUEVO-LOGO.png?fit=512%2C512&ssl=1","width":512,"height":512,"caption":"KATUA"},"image":{"@id":"https:\/\/katua.com.co\/#\/schema\/logo\/image\/"},"sameAs":["https:\/\/www.facebook.com\/Katuastore","https:\/\/www.tiktok.com\/@katua.co","https:\/\/www.instagram.com\/katua.co\/"]}]}},"_links":{"self":[{"href":"https:\/\/katua.com.co\/index.php\/wp-json\/wp\/v2\/product\/5316","targetHints":{"allow":["GET"]}}],"collection":[{"href":"https:\/\/katua.com.co\/index.php\/wp-json\/wp\/v2\/product"}],"about":[{"href":"https:\/\/katua.com.co\/index.php\/wp-json\/wp\/v2\/types\/product"}],"replies":[{"embeddable":true,"href":"https:\/\/katua.com.co\/index.php\/wp-json\/wp\/v2\/comments?post=5316"}],"wp:featuredmedia":[{"embeddable":true,"href":"https:\/\/katua.com.co\/index.php\/wp-json\/wp\/v2\/media\/5782"}],"wp:attachment":[{"href":"https:\/\/katua.com.co\/index.php\/wp-json\/wp\/v2\/media?parent=5316"}],"wp:term":[{"taxonomy":"product_brand","embeddable":true,"href":"https:\/\/katua.com.co\/index.php\/wp-json\/wp\/v2\/product_brand?post=5316"},{"taxonomy":"product_cat","embeddable":true,"href":"https:\/\/katua.com.co\/index.php\/wp-json\/wp\/v2\/product_cat?post=5316"},{"taxonomy":"product_tag","embeddable":true,"href":"https:\/\/katua.com.co\/index.php\/wp-json\/wp\/v2\/product_tag?post=5316"},{"taxonomy":"giftcard-category","embeddable":true,"href":"https:\/\/katua.com.co\/index.php\/wp-json\/wp\/v2\/giftcard-category?post=5316"}],"curies":[{"name":"wp","href":"https:\/\/api.w.org\/{rel}","templated":true}]}}