{"id":5464,"date":"2024-12-15T17:54:14","date_gmt":"2024-12-15T22:54:14","guid":{"rendered":"https:\/\/katua.com.co\/?post_type=product&#038;p=5464"},"modified":"2026-01-10T14:46:38","modified_gmt":"2026-01-10T19:46:38","slug":"falda-larga-sea-negro","status":"publish","type":"product","link":"https:\/\/katua.com.co\/index.php\/producto\/falda-larga-sea-negro\/","title":{"rendered":"Falda Larga Sea Negra"},"content":{"rendered":"","protected":false},"excerpt":{"rendered":"<p><strong>Falda Larga Sea Negra<\/strong><br \/>\n\u2728 Eleva tu estilo con la <strong>Falda Larga Sea Negra<\/strong>, un b\u00e1sico esencial para tu guardarropa de verano. Su dise\u00f1o fluido y corte largo estilizan tu figura mientras te brindan comodidad y frescura durante todo el d\u00eda. Vers\u00e1til y f\u00e1cil de combinar, esta falda es perfecta para cualquier ocasi\u00f3n casual.<\/p>\n<p>\ud83d\udd39 <strong>Detalles<\/strong>:<\/p>\n<ul>\n<li>Color negro s\u00f3lido, elegante y f\u00e1cil de combinar.<\/li>\n<li>Corte largo y fluido que alarga la silueta.<\/li>\n<li>Hecha en <strong>algod\u00f3n 100% natural<\/strong> para mayor frescura.<\/li>\n<li><strong>Forro incluido<\/strong> para una sensaci\u00f3n suave y c\u00f3moda.<\/li>\n<\/ul>\n<p>\ud83d\uded2 \u00a1Comb\u00ednala con el <strong>Crop Top Sea<\/strong> en color blanco, azul o negro para crear un conjunto de verano ideal!<\/p>\n","protected":false},"featured_media":5373,"comment_status":"open","ping_status":"closed","template":"","meta":[],"product_brand":[],"product_cat":[71,53,55,57],"product_tag":[],"giftcard-category":[],"class_list":{"0":"post-5464","1":"product","2":"type-product","3":"status-publish","4":"has-post-thumbnail","6":"product_cat-sets","7":"product_cat-faldas","8":"product_cat-flargas","9":"product_cat-beachresort","11":"first","12":"instock","13":"taxable","14":"shipping-taxable","15":"purchasable","16":"product-type-variable"},"yoast_head":"<!-- This site is optimized with the Yoast SEO plugin v27.0 - https:\/\/yoast.com\/product\/yoast-seo-wordpress\/ -->\n<title>Falda Larga Sea Negra | Katua<\/title>\n<meta name=\"description\" content=\"Katua | Falda Larga Sea Negra \u2728 Eleva tu estilo con la Falda Larga Sea Negra, un b\u00e1sico esencial para tu guardarropa de verano. Su dise\u00f1o fluido y corte largo estilizan tu figura mientras te brindan comodidad y frescura durante todo el d\u00eda. Vers\u00e1til y f\u00e1cil de combinar, esta falda es perfecta para cualquier ocasi\u00f3n casual.  \ud83d\udd39 Detalles:   Color negro s\u00f3lido, elegante y f\u00e1cil de combinar.  Corte largo y fluido que alarga la silueta.  Hecha en algod\u00f3n 100% natural para mayor frescura.  Forro incluido para una sensaci\u00f3n suave y c\u00f3moda.  \ud83d\uded2 \u00a1Comb\u00ednala con el Crop Top Sea en color blanco, azul o negro para crear un conjunto de verano ideal!\" \/>\n<meta name=\"robots\" content=\"index, follow, max-snippet:-1, max-image-preview:large, max-video-preview:-1\" \/>\n<link rel=\"canonical\" href=\"https:\/\/katua.com.co\/index.php\/producto\/falda-larga-sea-negro\/\" \/>\n<meta property=\"og:locale\" content=\"es_ES\" \/>\n<meta property=\"og:type\" content=\"article\" \/>\n<meta property=\"og:title\" content=\"Falda Larga Sea Negra | Katua\" \/>\n<meta property=\"og:description\" content=\"Katua | Falda Larga Sea Negra \u2728 Eleva tu estilo con la Falda Larga Sea Negra, un b\u00e1sico esencial para tu guardarropa de verano. Su dise\u00f1o fluido y corte largo estilizan tu figura mientras te brindan comodidad y frescura durante todo el d\u00eda. Vers\u00e1til y f\u00e1cil de combinar, esta falda es perfecta para cualquier ocasi\u00f3n casual.  \ud83d\udd39 Detalles:   Color negro s\u00f3lido, elegante y f\u00e1cil de combinar.  Corte largo y fluido que alarga la silueta.  Hecha en algod\u00f3n 100% natural para mayor frescura.  Forro incluido para una sensaci\u00f3n suave y c\u00f3moda.  \ud83d\uded2 \u00a1Comb\u00ednala con el Crop Top Sea en color blanco, azul o negro para crear un conjunto de verano ideal!\" \/>\n<meta property=\"og:url\" content=\"https:\/\/katua.com.co\/index.php\/producto\/falda-larga-sea-negro\/\" \/>\n<meta property=\"og:site_name\" content=\"Katua\" \/>\n<meta property=\"article:publisher\" content=\"https:\/\/www.facebook.com\/Katuastore\" \/>\n<meta property=\"article:modified_time\" content=\"2026-01-10T19:46:38+00:00\" \/>\n<meta property=\"og:image\" content=\"https:\/\/katua.com.co\/wp-content\/uploads\/2024\/12\/B23A8792-scaled.jpg\" \/>\n\t<meta property=\"og:image:width\" content=\"1707\" \/>\n\t<meta property=\"og:image:height\" content=\"2560\" \/>\n\t<meta property=\"og:image:type\" content=\"image\/jpeg\" \/>\n<meta name=\"twitter:card\" content=\"summary_large_image\" \/>\n<meta name=\"twitter:label1\" content=\"Tiempo de lectura\" \/>\n\t<meta name=\"twitter:data1\" content=\"1 minuto\" \/>\n<script type=\"application\/ld+json\" class=\"yoast-schema-graph\">{\"@context\":\"https:\/\/schema.org\",\"@graph\":[{\"@type\":[\"WebPage\",\"ItemPage\"],\"@id\":\"https:\/\/katua.com.co\/index.php\/producto\/falda-larga-sea-negro\/\",\"url\":\"https:\/\/katua.com.co\/index.php\/producto\/falda-larga-sea-negro\/\",\"name\":\"Falda Larga Sea Negra | Katua\",\"isPartOf\":{\"@id\":\"https:\/\/katua.com.co\/#website\"},\"primaryImageOfPage\":{\"@id\":\"https:\/\/katua.com.co\/index.php\/producto\/falda-larga-sea-negro\/#primaryimage\"},\"image\":{\"@id\":\"https:\/\/katua.com.co\/index.php\/producto\/falda-larga-sea-negro\/#primaryimage\"},\"thumbnailUrl\":\"https:\/\/katua.com.co\/wp-content\/uploads\/2024\/12\/B23A8792-scaled.jpg\",\"datePublished\":\"2024-12-15T22:54:14+00:00\",\"dateModified\":\"2026-01-10T19:46:38+00:00\",\"description\":\"Katua | Falda Larga Sea Negra \u2728 Eleva tu estilo con la Falda Larga Sea Negra, un b\u00e1sico esencial para tu guardarropa de verano. Su dise\u00f1o fluido y corte largo estilizan tu figura mientras te brindan comodidad y frescura durante todo el d\u00eda. Vers\u00e1til y f\u00e1cil de combinar, esta falda es perfecta para cualquier ocasi\u00f3n casual. \ud83d\udd39 Detalles: Color negro s\u00f3lido, elegante y f\u00e1cil de combinar. Corte largo y fluido que alarga la silueta. Hecha en algod\u00f3n 100% natural para mayor frescura. Forro incluido para una sensaci\u00f3n suave y c\u00f3moda. \ud83d\uded2 \u00a1Comb\u00ednala con el Crop Top Sea en color blanco, azul o negro para crear un conjunto de verano ideal!\",\"breadcrumb\":{\"@id\":\"https:\/\/katua.com.co\/index.php\/producto\/falda-larga-sea-negro\/#breadcrumb\"},\"inLanguage\":\"es-CO\",\"potentialAction\":[{\"@type\":\"ReadAction\",\"target\":[\"https:\/\/katua.com.co\/index.php\/producto\/falda-larga-sea-negro\/\"]}]},{\"@type\":\"ImageObject\",\"inLanguage\":\"es-CO\",\"@id\":\"https:\/\/katua.com.co\/index.php\/producto\/falda-larga-sea-negro\/#primaryimage\",\"url\":\"https:\/\/katua.com.co\/wp-content\/uploads\/2024\/12\/B23A8792-scaled.jpg\",\"contentUrl\":\"https:\/\/katua.com.co\/wp-content\/uploads\/2024\/12\/B23A8792-scaled.jpg\",\"width\":1707,\"height\":2560},{\"@type\":\"BreadcrumbList\",\"@id\":\"https:\/\/katua.com.co\/index.php\/producto\/falda-larga-sea-negro\/#breadcrumb\",\"itemListElement\":[{\"@type\":\"ListItem\",\"position\":1,\"name\":\"Inicio\",\"item\":\"https:\/\/katua.com.co\/\"},{\"@type\":\"ListItem\",\"position\":2,\"name\":\"Shop\",\"item\":\"https:\/\/katua.com.co\/index.php\/shop\/\"},{\"@type\":\"ListItem\",\"position\":3,\"name\":\"Falda Larga Sea Negra\"}]},{\"@type\":\"WebSite\",\"@id\":\"https:\/\/katua.com.co\/#website\",\"url\":\"https:\/\/katua.com.co\/\",\"name\":\"KATUA\",\"description\":\"Moda premium enfocada en ofrecer dise\u00f1os exclusivos de alta calidad!\",\"publisher\":{\"@id\":\"https:\/\/katua.com.co\/#organization\"},\"potentialAction\":[{\"@type\":\"SearchAction\",\"target\":{\"@type\":\"EntryPoint\",\"urlTemplate\":\"https:\/\/katua.com.co\/?s={search_term_string}\"},\"query-input\":{\"@type\":\"PropertyValueSpecification\",\"valueRequired\":true,\"valueName\":\"search_term_string\"}}],\"inLanguage\":\"es-CO\"},{\"@type\":\"Organization\",\"@id\":\"https:\/\/katua.com.co\/#organization\",\"name\":\"KATUA\",\"url\":\"https:\/\/katua.com.co\/\",\"logo\":{\"@type\":\"ImageObject\",\"inLanguage\":\"es-CO\",\"@id\":\"https:\/\/katua.com.co\/#\/schema\/logo\/image\/\",\"url\":\"https:\/\/i0.wp.com\/katua.com.co\/wp-content\/uploads\/2020\/07\/cropped-NUEVO-LOGO.png?fit=512%2C512&ssl=1\",\"contentUrl\":\"https:\/\/i0.wp.com\/katua.com.co\/wp-content\/uploads\/2020\/07\/cropped-NUEVO-LOGO.png?fit=512%2C512&ssl=1\",\"width\":512,\"height\":512,\"caption\":\"KATUA\"},\"image\":{\"@id\":\"https:\/\/katua.com.co\/#\/schema\/logo\/image\/\"},\"sameAs\":[\"https:\/\/www.facebook.com\/Katuastore\",\"https:\/\/www.tiktok.com\/@katua.co\",\"https:\/\/www.instagram.com\/katua.co\/\"]}]}<\/script>\n<!-- \/ Yoast SEO plugin. -->","yoast_head_json":{"title":"Falda Larga Sea Negra | Katua","description":"Katua | Falda Larga Sea Negra \u2728 Eleva tu estilo con la Falda Larga Sea Negra, un b\u00e1sico esencial para tu guardarropa de verano. Su dise\u00f1o fluido y corte largo estilizan tu figura mientras te brindan comodidad y frescura durante todo el d\u00eda. Vers\u00e1til y f\u00e1cil de combinar, esta falda es perfecta para cualquier ocasi\u00f3n casual.  \ud83d\udd39 Detalles:   Color negro s\u00f3lido, elegante y f\u00e1cil de combinar.  Corte largo y fluido que alarga la silueta.  Hecha en algod\u00f3n 100% natural para mayor frescura.  Forro incluido para una sensaci\u00f3n suave y c\u00f3moda.  \ud83d\uded2 \u00a1Comb\u00ednala con el Crop Top Sea en color blanco, azul o negro para crear un conjunto de verano ideal!","robots":{"index":"index","follow":"follow","max-snippet":"max-snippet:-1","max-image-preview":"max-image-preview:large","max-video-preview":"max-video-preview:-1"},"canonical":"https:\/\/katua.com.co\/index.php\/producto\/falda-larga-sea-negro\/","og_locale":"es_ES","og_type":"article","og_title":"Falda Larga Sea Negra | Katua","og_description":"Katua | Falda Larga Sea Negra \u2728 Eleva tu estilo con la Falda Larga Sea Negra, un b\u00e1sico esencial para tu guardarropa de verano. Su dise\u00f1o fluido y corte largo estilizan tu figura mientras te brindan comodidad y frescura durante todo el d\u00eda. Vers\u00e1til y f\u00e1cil de combinar, esta falda es perfecta para cualquier ocasi\u00f3n casual.  \ud83d\udd39 Detalles:   Color negro s\u00f3lido, elegante y f\u00e1cil de combinar.  Corte largo y fluido que alarga la silueta.  Hecha en algod\u00f3n 100% natural para mayor frescura.  Forro incluido para una sensaci\u00f3n suave y c\u00f3moda.  \ud83d\uded2 \u00a1Comb\u00ednala con el Crop Top Sea en color blanco, azul o negro para crear un conjunto de verano ideal!","og_url":"https:\/\/katua.com.co\/index.php\/producto\/falda-larga-sea-negro\/","og_site_name":"Katua","article_publisher":"https:\/\/www.facebook.com\/Katuastore","article_modified_time":"2026-01-10T19:46:38+00:00","og_image":[{"width":1707,"height":2560,"url":"https:\/\/katua.com.co\/wp-content\/uploads\/2024\/12\/B23A8792-scaled.jpg","type":"image\/jpeg"}],"twitter_card":"summary_large_image","twitter_misc":{"Tiempo de lectura":"1 minuto"},"schema":{"@context":"https:\/\/schema.org","@graph":[{"@type":["WebPage","ItemPage"],"@id":"https:\/\/katua.com.co\/index.php\/producto\/falda-larga-sea-negro\/","url":"https:\/\/katua.com.co\/index.php\/producto\/falda-larga-sea-negro\/","name":"Falda Larga Sea Negra | Katua","isPartOf":{"@id":"https:\/\/katua.com.co\/#website"},"primaryImageOfPage":{"@id":"https:\/\/katua.com.co\/index.php\/producto\/falda-larga-sea-negro\/#primaryimage"},"image":{"@id":"https:\/\/katua.com.co\/index.php\/producto\/falda-larga-sea-negro\/#primaryimage"},"thumbnailUrl":"https:\/\/katua.com.co\/wp-content\/uploads\/2024\/12\/B23A8792-scaled.jpg","datePublished":"2024-12-15T22:54:14+00:00","dateModified":"2026-01-10T19:46:38+00:00","description":"Katua | Falda Larga Sea Negra \u2728 Eleva tu estilo con la Falda Larga Sea Negra, un b\u00e1sico esencial para tu guardarropa de verano. Su dise\u00f1o fluido y corte largo estilizan tu figura mientras te brindan comodidad y frescura durante todo el d\u00eda. Vers\u00e1til y f\u00e1cil de combinar, esta falda es perfecta para cualquier ocasi\u00f3n casual. \ud83d\udd39 Detalles: Color negro s\u00f3lido, elegante y f\u00e1cil de combinar. Corte largo y fluido que alarga la silueta. Hecha en algod\u00f3n 100% natural para mayor frescura. Forro incluido para una sensaci\u00f3n suave y c\u00f3moda. \ud83d\uded2 \u00a1Comb\u00ednala con el Crop Top Sea en color blanco, azul o negro para crear un conjunto de verano ideal!","breadcrumb":{"@id":"https:\/\/katua.com.co\/index.php\/producto\/falda-larga-sea-negro\/#breadcrumb"},"inLanguage":"es-CO","potentialAction":[{"@type":"ReadAction","target":["https:\/\/katua.com.co\/index.php\/producto\/falda-larga-sea-negro\/"]}]},{"@type":"ImageObject","inLanguage":"es-CO","@id":"https:\/\/katua.com.co\/index.php\/producto\/falda-larga-sea-negro\/#primaryimage","url":"https:\/\/katua.com.co\/wp-content\/uploads\/2024\/12\/B23A8792-scaled.jpg","contentUrl":"https:\/\/katua.com.co\/wp-content\/uploads\/2024\/12\/B23A8792-scaled.jpg","width":1707,"height":2560},{"@type":"BreadcrumbList","@id":"https:\/\/katua.com.co\/index.php\/producto\/falda-larga-sea-negro\/#breadcrumb","itemListElement":[{"@type":"ListItem","position":1,"name":"Inicio","item":"https:\/\/katua.com.co\/"},{"@type":"ListItem","position":2,"name":"Shop","item":"https:\/\/katua.com.co\/index.php\/shop\/"},{"@type":"ListItem","position":3,"name":"Falda Larga Sea Negra"}]},{"@type":"WebSite","@id":"https:\/\/katua.com.co\/#website","url":"https:\/\/katua.com.co\/","name":"KATUA","description":"Moda premium enfocada en ofrecer dise\u00f1os exclusivos de alta calidad!","publisher":{"@id":"https:\/\/katua.com.co\/#organization"},"potentialAction":[{"@type":"SearchAction","target":{"@type":"EntryPoint","urlTemplate":"https:\/\/katua.com.co\/?s={search_term_string}"},"query-input":{"@type":"PropertyValueSpecification","valueRequired":true,"valueName":"search_term_string"}}],"inLanguage":"es-CO"},{"@type":"Organization","@id":"https:\/\/katua.com.co\/#organization","name":"KATUA","url":"https:\/\/katua.com.co\/","logo":{"@type":"ImageObject","inLanguage":"es-CO","@id":"https:\/\/katua.com.co\/#\/schema\/logo\/image\/","url":"https:\/\/i0.wp.com\/katua.com.co\/wp-content\/uploads\/2020\/07\/cropped-NUEVO-LOGO.png?fit=512%2C512&ssl=1","contentUrl":"https:\/\/i0.wp.com\/katua.com.co\/wp-content\/uploads\/2020\/07\/cropped-NUEVO-LOGO.png?fit=512%2C512&ssl=1","width":512,"height":512,"caption":"KATUA"},"image":{"@id":"https:\/\/katua.com.co\/#\/schema\/logo\/image\/"},"sameAs":["https:\/\/www.facebook.com\/Katuastore","https:\/\/www.tiktok.com\/@katua.co","https:\/\/www.instagram.com\/katua.co\/"]}]}},"_links":{"self":[{"href":"https:\/\/katua.com.co\/index.php\/wp-json\/wp\/v2\/product\/5464","targetHints":{"allow":["GET"]}}],"collection":[{"href":"https:\/\/katua.com.co\/index.php\/wp-json\/wp\/v2\/product"}],"about":[{"href":"https:\/\/katua.com.co\/index.php\/wp-json\/wp\/v2\/types\/product"}],"replies":[{"embeddable":true,"href":"https:\/\/katua.com.co\/index.php\/wp-json\/wp\/v2\/comments?post=5464"}],"wp:featuredmedia":[{"embeddable":true,"href":"https:\/\/katua.com.co\/index.php\/wp-json\/wp\/v2\/media\/5373"}],"wp:attachment":[{"href":"https:\/\/katua.com.co\/index.php\/wp-json\/wp\/v2\/media?parent=5464"}],"wp:term":[{"taxonomy":"product_brand","embeddable":true,"href":"https:\/\/katua.com.co\/index.php\/wp-json\/wp\/v2\/product_brand?post=5464"},{"taxonomy":"product_cat","embeddable":true,"href":"https:\/\/katua.com.co\/index.php\/wp-json\/wp\/v2\/product_cat?post=5464"},{"taxonomy":"product_tag","embeddable":true,"href":"https:\/\/katua.com.co\/index.php\/wp-json\/wp\/v2\/product_tag?post=5464"},{"taxonomy":"giftcard-category","embeddable":true,"href":"https:\/\/katua.com.co\/index.php\/wp-json\/wp\/v2\/giftcard-category?post=5464"}],"curies":[{"name":"wp","href":"https:\/\/api.w.org\/{rel}","templated":true}]}}