{"id":6136,"date":"2025-02-27T19:25:05","date_gmt":"2025-02-28T00:25:05","guid":{"rendered":"https:\/\/katua.com.co\/?post_type=product&#038;p=6136"},"modified":"2025-12-10T17:13:22","modified_gmt":"2025-12-10T22:13:22","slug":"falda-venus-frutos-del-mar-rojo","status":"publish","type":"product","link":"https:\/\/katua.com.co\/index.php\/producto\/falda-venus-frutos-del-mar-rojo\/","title":{"rendered":"Falda Venus Frutos del Mar Rojo"},"content":{"rendered":"<p data-start=\"45\" data-end=\"84\"><strong data-start=\"45\" data-end=\"82\">Falda Venus &#8211; Frutos del Mar Rojo<\/strong><\/p>\n<p data-start=\"86\" data-end=\"380\">\ud83c\udf0a <strong data-start=\"89\" data-end=\"136\">Elegancia y arte en una silueta sofisticada<\/strong>. La Falda Venus combina un dise\u00f1o ce\u00f1ido con el exclusivo estampado <em data-start=\"205\" data-end=\"226\">Frutos del Mar Rojo<\/em>, creado especialmente para Katua. Su corte favorecedor realza la figura, mientras que el lazo decorativo en la cintura a\u00f1ade un toque sutil y femenino.<\/p>\n<p data-start=\"382\" data-end=\"400\">\ud83d\udd39 <strong data-start=\"385\" data-end=\"398\">Detalles:<\/strong><\/p>\n<ul data-start=\"401\" data-end=\"610\">\n<li data-start=\"401\" data-end=\"463\"><strong data-start=\"403\" data-end=\"416\">Material:<\/strong> Algod\u00f3n 100% natural, ligero y transpirable.<\/li>\n<li data-start=\"464\" data-end=\"542\"><strong data-start=\"466\" data-end=\"477\">Dise\u00f1o:<\/strong> Falda ajustada de tiro alto con lazo decorativo en la cintura.<\/li>\n<li data-start=\"543\" data-end=\"610\"><strong data-start=\"545\" data-end=\"559\">Estampado:<\/strong> <em data-start=\"560\" data-end=\"581\">Frutos del Mar Rojo<\/em>, una pieza \u00fanica de Katua.<\/li>\n<\/ul>\n<p data-start=\"612\" data-end=\"750\">\ud83d\uded2 <strong data-start=\"615\" data-end=\"633\">Tip de estilo:<\/strong> Ll\u00e9vala con la <strong data-start=\"649\" data-end=\"664\">Blusa Venus<\/strong> para un conjunto armonioso o comb\u00ednala con tonos neutros para un look m\u00e1s vers\u00e1til.<\/p>\n","protected":false},"excerpt":{"rendered":"<p>Falda Venus &#8211; Frutos del Mar Rojo \ud83c\udf0a Elegancia y arte en una silueta sofisticada. La Falda Venus combina un dise\u00f1o ce\u00f1ido con el exclusivo estampado Frutos del Mar Rojo, creado especialmente para Katua. Su corte favorecedor realza la figura, mientras que el lazo decorativo en la cintura a\u00f1ade un toque sutil y femenino. \ud83d\udd39 Detalles: Material: Algod\u00f3n 100% natural,\u2026<\/p>\n","protected":false},"featured_media":6068,"comment_status":"open","ping_status":"closed","template":"","meta":[],"product_brand":[],"product_cat":[73,71,53,54,57],"product_tag":[],"giftcard-category":[],"class_list":{"0":"post-6136","1":"product","2":"type-product","3":"status-publish","4":"has-post-thumbnail","6":"product_cat-frutosdelmarkatua","7":"product_cat-sets","8":"product_cat-faldas","9":"product_cat-fmini","10":"product_cat-beachresort","12":"first","13":"outofstock","14":"taxable","15":"shipping-taxable","16":"purchasable","17":"product-type-variable"},"yoast_head":"<!-- This site is optimized with the Yoast SEO plugin v27.0 - https:\/\/yoast.com\/product\/yoast-seo-wordpress\/ -->\n<title>Falda Venus Frutos del Mar Rojo | Katua<\/title>\n<meta name=\"description\" content=\"Katua | Falda Venus - Frutos del Mar Rojo \ud83c\udf0a Elegancia y arte en una silueta sofisticada. La Falda Venus combina un dise\u00f1o ce\u00f1ido con el exclusivo estampado Frutos\" \/>\n<meta name=\"robots\" content=\"index, follow, max-snippet:-1, max-image-preview:large, max-video-preview:-1\" \/>\n<link rel=\"canonical\" href=\"https:\/\/katua.com.co\/index.php\/producto\/falda-venus-frutos-del-mar-rojo\/\" \/>\n<meta property=\"og:locale\" content=\"es_ES\" \/>\n<meta property=\"og:type\" content=\"article\" \/>\n<meta property=\"og:title\" content=\"Falda Venus Frutos del Mar Rojo | Katua\" \/>\n<meta property=\"og:description\" content=\"Katua | Falda Venus - Frutos del Mar Rojo \ud83c\udf0a Elegancia y arte en una silueta sofisticada. La Falda Venus combina un dise\u00f1o ce\u00f1ido con el exclusivo estampado Frutos\" \/>\n<meta property=\"og:url\" content=\"https:\/\/katua.com.co\/index.php\/producto\/falda-venus-frutos-del-mar-rojo\/\" \/>\n<meta property=\"og:site_name\" content=\"Katua\" \/>\n<meta property=\"article:publisher\" content=\"https:\/\/www.facebook.com\/Katuastore\" \/>\n<meta property=\"article:modified_time\" content=\"2025-12-10T22:13:22+00:00\" \/>\n<meta property=\"og:image\" content=\"https:\/\/katua.com.co\/wp-content\/uploads\/2025\/02\/img_1110-1.jpg\" \/>\n\t<meta property=\"og:image:width\" content=\"1333\" \/>\n\t<meta property=\"og:image:height\" content=\"2000\" \/>\n\t<meta property=\"og:image:type\" content=\"image\/jpeg\" \/>\n<meta name=\"twitter:card\" content=\"summary_large_image\" \/>\n<meta name=\"twitter:label1\" content=\"Tiempo de lectura\" \/>\n\t<meta name=\"twitter:data1\" content=\"1 minuto\" \/>\n<script type=\"application\/ld+json\" class=\"yoast-schema-graph\">{\"@context\":\"https:\/\/schema.org\",\"@graph\":[{\"@type\":[\"WebPage\",\"ItemPage\"],\"@id\":\"https:\/\/katua.com.co\/index.php\/producto\/falda-venus-frutos-del-mar-rojo\/\",\"url\":\"https:\/\/katua.com.co\/index.php\/producto\/falda-venus-frutos-del-mar-rojo\/\",\"name\":\"Falda Venus Frutos del Mar Rojo | Katua\",\"isPartOf\":{\"@id\":\"https:\/\/katua.com.co\/#website\"},\"primaryImageOfPage\":{\"@id\":\"https:\/\/katua.com.co\/index.php\/producto\/falda-venus-frutos-del-mar-rojo\/#primaryimage\"},\"image\":{\"@id\":\"https:\/\/katua.com.co\/index.php\/producto\/falda-venus-frutos-del-mar-rojo\/#primaryimage\"},\"thumbnailUrl\":\"https:\/\/katua.com.co\/wp-content\/uploads\/2025\/02\/img_1110-1.jpg\",\"datePublished\":\"2025-02-28T00:25:05+00:00\",\"dateModified\":\"2025-12-10T22:13:22+00:00\",\"description\":\"Katua | Falda Venus - Frutos del Mar Rojo \ud83c\udf0a Elegancia y arte en una silueta sofisticada. La Falda Venus combina un dise\u00f1o ce\u00f1ido con el exclusivo estampado Frutos\",\"breadcrumb\":{\"@id\":\"https:\/\/katua.com.co\/index.php\/producto\/falda-venus-frutos-del-mar-rojo\/#breadcrumb\"},\"inLanguage\":\"es-CO\",\"potentialAction\":[{\"@type\":\"ReadAction\",\"target\":[\"https:\/\/katua.com.co\/index.php\/producto\/falda-venus-frutos-del-mar-rojo\/\"]}]},{\"@type\":\"ImageObject\",\"inLanguage\":\"es-CO\",\"@id\":\"https:\/\/katua.com.co\/index.php\/producto\/falda-venus-frutos-del-mar-rojo\/#primaryimage\",\"url\":\"https:\/\/katua.com.co\/wp-content\/uploads\/2025\/02\/img_1110-1.jpg\",\"contentUrl\":\"https:\/\/katua.com.co\/wp-content\/uploads\/2025\/02\/img_1110-1.jpg\",\"width\":1333,\"height\":2000},{\"@type\":\"BreadcrumbList\",\"@id\":\"https:\/\/katua.com.co\/index.php\/producto\/falda-venus-frutos-del-mar-rojo\/#breadcrumb\",\"itemListElement\":[{\"@type\":\"ListItem\",\"position\":1,\"name\":\"Inicio\",\"item\":\"https:\/\/katua.com.co\/\"},{\"@type\":\"ListItem\",\"position\":2,\"name\":\"Shop\",\"item\":\"https:\/\/katua.com.co\/index.php\/shop\/\"},{\"@type\":\"ListItem\",\"position\":3,\"name\":\"Falda Venus Frutos del Mar Rojo\"}]},{\"@type\":\"WebSite\",\"@id\":\"https:\/\/katua.com.co\/#website\",\"url\":\"https:\/\/katua.com.co\/\",\"name\":\"KATUA\",\"description\":\"Moda premium enfocada en ofrecer dise\u00f1os exclusivos de alta calidad!\",\"publisher\":{\"@id\":\"https:\/\/katua.com.co\/#organization\"},\"potentialAction\":[{\"@type\":\"SearchAction\",\"target\":{\"@type\":\"EntryPoint\",\"urlTemplate\":\"https:\/\/katua.com.co\/?s={search_term_string}\"},\"query-input\":{\"@type\":\"PropertyValueSpecification\",\"valueRequired\":true,\"valueName\":\"search_term_string\"}}],\"inLanguage\":\"es-CO\"},{\"@type\":\"Organization\",\"@id\":\"https:\/\/katua.com.co\/#organization\",\"name\":\"KATUA\",\"url\":\"https:\/\/katua.com.co\/\",\"logo\":{\"@type\":\"ImageObject\",\"inLanguage\":\"es-CO\",\"@id\":\"https:\/\/katua.com.co\/#\/schema\/logo\/image\/\",\"url\":\"https:\/\/i0.wp.com\/katua.com.co\/wp-content\/uploads\/2020\/07\/cropped-NUEVO-LOGO.png?fit=512%2C512&ssl=1\",\"contentUrl\":\"https:\/\/i0.wp.com\/katua.com.co\/wp-content\/uploads\/2020\/07\/cropped-NUEVO-LOGO.png?fit=512%2C512&ssl=1\",\"width\":512,\"height\":512,\"caption\":\"KATUA\"},\"image\":{\"@id\":\"https:\/\/katua.com.co\/#\/schema\/logo\/image\/\"},\"sameAs\":[\"https:\/\/www.facebook.com\/Katuastore\",\"https:\/\/www.tiktok.com\/@katua.co\",\"https:\/\/www.instagram.com\/katua.co\/\"]}]}<\/script>\n<!-- \/ Yoast SEO plugin. -->","yoast_head_json":{"title":"Falda Venus Frutos del Mar Rojo | Katua","description":"Katua | Falda Venus - Frutos del Mar Rojo \ud83c\udf0a Elegancia y arte en una silueta sofisticada. La Falda Venus combina un dise\u00f1o ce\u00f1ido con el exclusivo estampado Frutos","robots":{"index":"index","follow":"follow","max-snippet":"max-snippet:-1","max-image-preview":"max-image-preview:large","max-video-preview":"max-video-preview:-1"},"canonical":"https:\/\/katua.com.co\/index.php\/producto\/falda-venus-frutos-del-mar-rojo\/","og_locale":"es_ES","og_type":"article","og_title":"Falda Venus Frutos del Mar Rojo | Katua","og_description":"Katua | Falda Venus - Frutos del Mar Rojo \ud83c\udf0a Elegancia y arte en una silueta sofisticada. La Falda Venus combina un dise\u00f1o ce\u00f1ido con el exclusivo estampado Frutos","og_url":"https:\/\/katua.com.co\/index.php\/producto\/falda-venus-frutos-del-mar-rojo\/","og_site_name":"Katua","article_publisher":"https:\/\/www.facebook.com\/Katuastore","article_modified_time":"2025-12-10T22:13:22+00:00","og_image":[{"width":1333,"height":2000,"url":"https:\/\/katua.com.co\/wp-content\/uploads\/2025\/02\/img_1110-1.jpg","type":"image\/jpeg"}],"twitter_card":"summary_large_image","twitter_misc":{"Tiempo de lectura":"1 minuto"},"schema":{"@context":"https:\/\/schema.org","@graph":[{"@type":["WebPage","ItemPage"],"@id":"https:\/\/katua.com.co\/index.php\/producto\/falda-venus-frutos-del-mar-rojo\/","url":"https:\/\/katua.com.co\/index.php\/producto\/falda-venus-frutos-del-mar-rojo\/","name":"Falda Venus Frutos del Mar Rojo | Katua","isPartOf":{"@id":"https:\/\/katua.com.co\/#website"},"primaryImageOfPage":{"@id":"https:\/\/katua.com.co\/index.php\/producto\/falda-venus-frutos-del-mar-rojo\/#primaryimage"},"image":{"@id":"https:\/\/katua.com.co\/index.php\/producto\/falda-venus-frutos-del-mar-rojo\/#primaryimage"},"thumbnailUrl":"https:\/\/katua.com.co\/wp-content\/uploads\/2025\/02\/img_1110-1.jpg","datePublished":"2025-02-28T00:25:05+00:00","dateModified":"2025-12-10T22:13:22+00:00","description":"Katua | Falda Venus - Frutos del Mar Rojo \ud83c\udf0a Elegancia y arte en una silueta sofisticada. La Falda Venus combina un dise\u00f1o ce\u00f1ido con el exclusivo estampado Frutos","breadcrumb":{"@id":"https:\/\/katua.com.co\/index.php\/producto\/falda-venus-frutos-del-mar-rojo\/#breadcrumb"},"inLanguage":"es-CO","potentialAction":[{"@type":"ReadAction","target":["https:\/\/katua.com.co\/index.php\/producto\/falda-venus-frutos-del-mar-rojo\/"]}]},{"@type":"ImageObject","inLanguage":"es-CO","@id":"https:\/\/katua.com.co\/index.php\/producto\/falda-venus-frutos-del-mar-rojo\/#primaryimage","url":"https:\/\/katua.com.co\/wp-content\/uploads\/2025\/02\/img_1110-1.jpg","contentUrl":"https:\/\/katua.com.co\/wp-content\/uploads\/2025\/02\/img_1110-1.jpg","width":1333,"height":2000},{"@type":"BreadcrumbList","@id":"https:\/\/katua.com.co\/index.php\/producto\/falda-venus-frutos-del-mar-rojo\/#breadcrumb","itemListElement":[{"@type":"ListItem","position":1,"name":"Inicio","item":"https:\/\/katua.com.co\/"},{"@type":"ListItem","position":2,"name":"Shop","item":"https:\/\/katua.com.co\/index.php\/shop\/"},{"@type":"ListItem","position":3,"name":"Falda Venus Frutos del Mar Rojo"}]},{"@type":"WebSite","@id":"https:\/\/katua.com.co\/#website","url":"https:\/\/katua.com.co\/","name":"KATUA","description":"Moda premium enfocada en ofrecer dise\u00f1os exclusivos de alta calidad!","publisher":{"@id":"https:\/\/katua.com.co\/#organization"},"potentialAction":[{"@type":"SearchAction","target":{"@type":"EntryPoint","urlTemplate":"https:\/\/katua.com.co\/?s={search_term_string}"},"query-input":{"@type":"PropertyValueSpecification","valueRequired":true,"valueName":"search_term_string"}}],"inLanguage":"es-CO"},{"@type":"Organization","@id":"https:\/\/katua.com.co\/#organization","name":"KATUA","url":"https:\/\/katua.com.co\/","logo":{"@type":"ImageObject","inLanguage":"es-CO","@id":"https:\/\/katua.com.co\/#\/schema\/logo\/image\/","url":"https:\/\/i0.wp.com\/katua.com.co\/wp-content\/uploads\/2020\/07\/cropped-NUEVO-LOGO.png?fit=512%2C512&ssl=1","contentUrl":"https:\/\/i0.wp.com\/katua.com.co\/wp-content\/uploads\/2020\/07\/cropped-NUEVO-LOGO.png?fit=512%2C512&ssl=1","width":512,"height":512,"caption":"KATUA"},"image":{"@id":"https:\/\/katua.com.co\/#\/schema\/logo\/image\/"},"sameAs":["https:\/\/www.facebook.com\/Katuastore","https:\/\/www.tiktok.com\/@katua.co","https:\/\/www.instagram.com\/katua.co\/"]}]}},"_links":{"self":[{"href":"https:\/\/katua.com.co\/index.php\/wp-json\/wp\/v2\/product\/6136","targetHints":{"allow":["GET"]}}],"collection":[{"href":"https:\/\/katua.com.co\/index.php\/wp-json\/wp\/v2\/product"}],"about":[{"href":"https:\/\/katua.com.co\/index.php\/wp-json\/wp\/v2\/types\/product"}],"replies":[{"embeddable":true,"href":"https:\/\/katua.com.co\/index.php\/wp-json\/wp\/v2\/comments?post=6136"}],"wp:featuredmedia":[{"embeddable":true,"href":"https:\/\/katua.com.co\/index.php\/wp-json\/wp\/v2\/media\/6068"}],"wp:attachment":[{"href":"https:\/\/katua.com.co\/index.php\/wp-json\/wp\/v2\/media?parent=6136"}],"wp:term":[{"taxonomy":"product_brand","embeddable":true,"href":"https:\/\/katua.com.co\/index.php\/wp-json\/wp\/v2\/product_brand?post=6136"},{"taxonomy":"product_cat","embeddable":true,"href":"https:\/\/katua.com.co\/index.php\/wp-json\/wp\/v2\/product_cat?post=6136"},{"taxonomy":"product_tag","embeddable":true,"href":"https:\/\/katua.com.co\/index.php\/wp-json\/wp\/v2\/product_tag?post=6136"},{"taxonomy":"giftcard-category","embeddable":true,"href":"https:\/\/katua.com.co\/index.php\/wp-json\/wp\/v2\/giftcard-category?post=6136"}],"curies":[{"name":"wp","href":"https:\/\/api.w.org\/{rel}","templated":true}]}}