{"id":6163,"date":"2025-02-28T17:05:12","date_gmt":"2025-02-28T22:05:12","guid":{"rendered":"https:\/\/katua.com.co\/?post_type=product&#038;p=6163"},"modified":"2025-12-15T16:19:57","modified_gmt":"2025-12-15T21:19:57","slug":"blusa-romantica-fdm-azul","status":"publish","type":"product","link":"https:\/\/katua.com.co\/index.php\/producto\/blusa-romantica-fdm-azul\/","title":{"rendered":"Blusa romantica frutos del mar azul"},"content":{"rendered":"<p data-start=\"115\" data-end=\"144\"><strong data-start=\"115\" data-end=\"144\">Crop Top Rom\u00e1ntico Frutos del mar Azul<\/strong><\/p>\n<p data-start=\"146\" data-end=\"424\">\u2728 <strong data-start=\"148\" data-end=\"190\">Encanto y frescura en una prenda \u00fanica<\/strong>. Este crop top combina elegancia y comodidad, confeccionado en algod\u00f3n 100% natural que acaricia suavemente la piel. Su dise\u00f1o vers\u00e1til permite adaptarlo a diferentes estilos, convirti\u00e9ndolo en una pieza esencial para tu guardarropa.<\/p>\n<p data-start=\"426\" data-end=\"442\">\ud83d\udd39 <strong data-start=\"429\" data-end=\"442\">Detalles:<\/strong><\/p>\n<ul data-start=\"443\" data-end=\"651\">\n<li data-start=\"443\" data-end=\"514\"><strong data-start=\"445\" data-end=\"458\">Material:<\/strong> Algod\u00f3n 100% natural, garantizando frescura y suavidad.<\/li>\n<li data-start=\"515\" data-end=\"581\"><strong data-start=\"517\" data-end=\"528\">Dise\u00f1o:<\/strong> Vers\u00e1til y adaptable, ideal para diversas ocasiones, en especial una escapadita a la playa!<\/li>\n<li data-start=\"582\" data-end=\"651\"><strong data-start=\"584\" data-end=\"594\">Color:<\/strong> Blanco puro que aporta luminosidad y combina f\u00e1cilmente.<\/li>\n<\/ul>\n<p data-start=\"653\" data-end=\"769\">\ud83d\uded2 <strong data-start=\"656\" data-end=\"674\">Comb\u00ednalo con:<\/strong> Faldas, pantalones o shorts de la colecci\u00f3n Katua para crear conjuntos armoniosos y a la moda.<\/p>\n","protected":false},"excerpt":{"rendered":"<p>Crop Top Rom\u00e1ntico Frutos del mar Azul \u2728 Encanto y frescura en una prenda \u00fanica. Este crop top combina elegancia y comodidad, confeccionado en algod\u00f3n 100% natural que acaricia suavemente la piel. Su dise\u00f1o vers\u00e1til permite adaptarlo a diferentes estilos, convirti\u00e9ndolo en una pieza esencial para tu guardarropa. \ud83d\udd39 Detalles: Material: Algod\u00f3n 100% natural, garantizando frescura y suavidad. Dise\u00f1o: Vers\u00e1til\u2026<\/p>\n","protected":false},"featured_media":5929,"comment_status":"open","ping_status":"closed","template":"","meta":[],"product_brand":[],"product_cat":[73,71,51,57],"product_tag":[],"giftcard-category":[],"class_list":{"0":"post-6163","1":"product","2":"type-product","3":"status-publish","4":"has-post-thumbnail","6":"product_cat-frutosdelmarkatua","7":"product_cat-sets","8":"product_cat-tops","9":"product_cat-beachresort","11":"first","12":"outofstock","13":"taxable","14":"shipping-taxable","15":"purchasable","16":"product-type-variable"},"yoast_head":"<!-- This site is optimized with the Yoast SEO plugin v27.0 - https:\/\/yoast.com\/product\/yoast-seo-wordpress\/ -->\n<title>Blusa romantica frutos del mar azul | Katua<\/title>\n<meta name=\"description\" content=\"Katua | Crop Top Rom\u00e1ntico Frutos del mar Azul \u2728 Encanto y frescura en una prenda \u00fanica. Este crop top combina elegancia y comodidad, confeccionado en algod\u00f3n\" \/>\n<meta name=\"robots\" content=\"index, follow, max-snippet:-1, max-image-preview:large, max-video-preview:-1\" \/>\n<link rel=\"canonical\" href=\"https:\/\/katua.com.co\/index.php\/producto\/blusa-romantica-fdm-azul\/\" \/>\n<meta property=\"og:locale\" content=\"es_ES\" \/>\n<meta property=\"og:type\" content=\"article\" \/>\n<meta property=\"og:title\" content=\"Blusa romantica frutos del mar azul | Katua\" \/>\n<meta property=\"og:description\" content=\"Katua | Crop Top Rom\u00e1ntico Frutos del mar Azul \u2728 Encanto y frescura en una prenda \u00fanica. Este crop top combina elegancia y comodidad, confeccionado en algod\u00f3n\" \/>\n<meta property=\"og:url\" content=\"https:\/\/katua.com.co\/index.php\/producto\/blusa-romantica-fdm-azul\/\" \/>\n<meta property=\"og:site_name\" content=\"Katua\" \/>\n<meta property=\"article:publisher\" content=\"https:\/\/www.facebook.com\/Katuastore\" \/>\n<meta property=\"article:modified_time\" content=\"2025-12-15T21:19:57+00:00\" \/>\n<meta property=\"og:image\" content=\"https:\/\/katua.com.co\/wp-content\/uploads\/2025\/02\/img_2025-1-e1740780423155.jpg\" \/>\n\t<meta property=\"og:image:width\" content=\"573\" \/>\n\t<meta property=\"og:image:height\" content=\"893\" \/>\n\t<meta property=\"og:image:type\" content=\"image\/jpeg\" \/>\n<meta name=\"twitter:card\" content=\"summary_large_image\" \/>\n<meta name=\"twitter:label1\" content=\"Tiempo de lectura\" \/>\n\t<meta name=\"twitter:data1\" content=\"1 minuto\" \/>\n<script type=\"application\/ld+json\" class=\"yoast-schema-graph\">{\"@context\":\"https:\/\/schema.org\",\"@graph\":[{\"@type\":[\"WebPage\",\"ItemPage\"],\"@id\":\"https:\/\/katua.com.co\/index.php\/producto\/blusa-romantica-fdm-azul\/\",\"url\":\"https:\/\/katua.com.co\/index.php\/producto\/blusa-romantica-fdm-azul\/\",\"name\":\"Blusa romantica frutos del mar azul | Katua\",\"isPartOf\":{\"@id\":\"https:\/\/katua.com.co\/#website\"},\"primaryImageOfPage\":{\"@id\":\"https:\/\/katua.com.co\/index.php\/producto\/blusa-romantica-fdm-azul\/#primaryimage\"},\"image\":{\"@id\":\"https:\/\/katua.com.co\/index.php\/producto\/blusa-romantica-fdm-azul\/#primaryimage\"},\"thumbnailUrl\":\"https:\/\/katua.com.co\/wp-content\/uploads\/2025\/02\/img_2025-1-e1740780423155.jpg\",\"datePublished\":\"2025-02-28T22:05:12+00:00\",\"dateModified\":\"2025-12-15T21:19:57+00:00\",\"description\":\"Katua | Crop Top Rom\u00e1ntico Frutos del mar Azul \u2728 Encanto y frescura en una prenda \u00fanica. Este crop top combina elegancia y comodidad, confeccionado en algod\u00f3n\",\"breadcrumb\":{\"@id\":\"https:\/\/katua.com.co\/index.php\/producto\/blusa-romantica-fdm-azul\/#breadcrumb\"},\"inLanguage\":\"es-CO\",\"potentialAction\":[{\"@type\":\"ReadAction\",\"target\":[\"https:\/\/katua.com.co\/index.php\/producto\/blusa-romantica-fdm-azul\/\"]}]},{\"@type\":\"ImageObject\",\"inLanguage\":\"es-CO\",\"@id\":\"https:\/\/katua.com.co\/index.php\/producto\/blusa-romantica-fdm-azul\/#primaryimage\",\"url\":\"https:\/\/katua.com.co\/wp-content\/uploads\/2025\/02\/img_2025-1-e1740780423155.jpg\",\"contentUrl\":\"https:\/\/katua.com.co\/wp-content\/uploads\/2025\/02\/img_2025-1-e1740780423155.jpg\",\"width\":573,\"height\":893},{\"@type\":\"BreadcrumbList\",\"@id\":\"https:\/\/katua.com.co\/index.php\/producto\/blusa-romantica-fdm-azul\/#breadcrumb\",\"itemListElement\":[{\"@type\":\"ListItem\",\"position\":1,\"name\":\"Inicio\",\"item\":\"https:\/\/katua.com.co\/\"},{\"@type\":\"ListItem\",\"position\":2,\"name\":\"Shop\",\"item\":\"https:\/\/katua.com.co\/index.php\/shop\/\"},{\"@type\":\"ListItem\",\"position\":3,\"name\":\"Blusa romantica frutos del mar azul\"}]},{\"@type\":\"WebSite\",\"@id\":\"https:\/\/katua.com.co\/#website\",\"url\":\"https:\/\/katua.com.co\/\",\"name\":\"KATUA\",\"description\":\"Moda premium enfocada en ofrecer dise\u00f1os exclusivos de alta calidad!\",\"publisher\":{\"@id\":\"https:\/\/katua.com.co\/#organization\"},\"potentialAction\":[{\"@type\":\"SearchAction\",\"target\":{\"@type\":\"EntryPoint\",\"urlTemplate\":\"https:\/\/katua.com.co\/?s={search_term_string}\"},\"query-input\":{\"@type\":\"PropertyValueSpecification\",\"valueRequired\":true,\"valueName\":\"search_term_string\"}}],\"inLanguage\":\"es-CO\"},{\"@type\":\"Organization\",\"@id\":\"https:\/\/katua.com.co\/#organization\",\"name\":\"KATUA\",\"url\":\"https:\/\/katua.com.co\/\",\"logo\":{\"@type\":\"ImageObject\",\"inLanguage\":\"es-CO\",\"@id\":\"https:\/\/katua.com.co\/#\/schema\/logo\/image\/\",\"url\":\"https:\/\/i0.wp.com\/katua.com.co\/wp-content\/uploads\/2020\/07\/cropped-NUEVO-LOGO.png?fit=512%2C512&ssl=1\",\"contentUrl\":\"https:\/\/i0.wp.com\/katua.com.co\/wp-content\/uploads\/2020\/07\/cropped-NUEVO-LOGO.png?fit=512%2C512&ssl=1\",\"width\":512,\"height\":512,\"caption\":\"KATUA\"},\"image\":{\"@id\":\"https:\/\/katua.com.co\/#\/schema\/logo\/image\/\"},\"sameAs\":[\"https:\/\/www.facebook.com\/Katuastore\",\"https:\/\/www.tiktok.com\/@katua.co\",\"https:\/\/www.instagram.com\/katua.co\/\"]}]}<\/script>\n<!-- \/ Yoast SEO plugin. -->","yoast_head_json":{"title":"Blusa romantica frutos del mar azul | Katua","description":"Katua | Crop Top Rom\u00e1ntico Frutos del mar Azul \u2728 Encanto y frescura en una prenda \u00fanica. Este crop top combina elegancia y comodidad, confeccionado en algod\u00f3n","robots":{"index":"index","follow":"follow","max-snippet":"max-snippet:-1","max-image-preview":"max-image-preview:large","max-video-preview":"max-video-preview:-1"},"canonical":"https:\/\/katua.com.co\/index.php\/producto\/blusa-romantica-fdm-azul\/","og_locale":"es_ES","og_type":"article","og_title":"Blusa romantica frutos del mar azul | Katua","og_description":"Katua | Crop Top Rom\u00e1ntico Frutos del mar Azul \u2728 Encanto y frescura en una prenda \u00fanica. Este crop top combina elegancia y comodidad, confeccionado en algod\u00f3n","og_url":"https:\/\/katua.com.co\/index.php\/producto\/blusa-romantica-fdm-azul\/","og_site_name":"Katua","article_publisher":"https:\/\/www.facebook.com\/Katuastore","article_modified_time":"2025-12-15T21:19:57+00:00","og_image":[{"width":573,"height":893,"url":"https:\/\/katua.com.co\/wp-content\/uploads\/2025\/02\/img_2025-1-e1740780423155.jpg","type":"image\/jpeg"}],"twitter_card":"summary_large_image","twitter_misc":{"Tiempo de lectura":"1 minuto"},"schema":{"@context":"https:\/\/schema.org","@graph":[{"@type":["WebPage","ItemPage"],"@id":"https:\/\/katua.com.co\/index.php\/producto\/blusa-romantica-fdm-azul\/","url":"https:\/\/katua.com.co\/index.php\/producto\/blusa-romantica-fdm-azul\/","name":"Blusa romantica frutos del mar azul | Katua","isPartOf":{"@id":"https:\/\/katua.com.co\/#website"},"primaryImageOfPage":{"@id":"https:\/\/katua.com.co\/index.php\/producto\/blusa-romantica-fdm-azul\/#primaryimage"},"image":{"@id":"https:\/\/katua.com.co\/index.php\/producto\/blusa-romantica-fdm-azul\/#primaryimage"},"thumbnailUrl":"https:\/\/katua.com.co\/wp-content\/uploads\/2025\/02\/img_2025-1-e1740780423155.jpg","datePublished":"2025-02-28T22:05:12+00:00","dateModified":"2025-12-15T21:19:57+00:00","description":"Katua | Crop Top Rom\u00e1ntico Frutos del mar Azul \u2728 Encanto y frescura en una prenda \u00fanica. Este crop top combina elegancia y comodidad, confeccionado en algod\u00f3n","breadcrumb":{"@id":"https:\/\/katua.com.co\/index.php\/producto\/blusa-romantica-fdm-azul\/#breadcrumb"},"inLanguage":"es-CO","potentialAction":[{"@type":"ReadAction","target":["https:\/\/katua.com.co\/index.php\/producto\/blusa-romantica-fdm-azul\/"]}]},{"@type":"ImageObject","inLanguage":"es-CO","@id":"https:\/\/katua.com.co\/index.php\/producto\/blusa-romantica-fdm-azul\/#primaryimage","url":"https:\/\/katua.com.co\/wp-content\/uploads\/2025\/02\/img_2025-1-e1740780423155.jpg","contentUrl":"https:\/\/katua.com.co\/wp-content\/uploads\/2025\/02\/img_2025-1-e1740780423155.jpg","width":573,"height":893},{"@type":"BreadcrumbList","@id":"https:\/\/katua.com.co\/index.php\/producto\/blusa-romantica-fdm-azul\/#breadcrumb","itemListElement":[{"@type":"ListItem","position":1,"name":"Inicio","item":"https:\/\/katua.com.co\/"},{"@type":"ListItem","position":2,"name":"Shop","item":"https:\/\/katua.com.co\/index.php\/shop\/"},{"@type":"ListItem","position":3,"name":"Blusa romantica frutos del mar azul"}]},{"@type":"WebSite","@id":"https:\/\/katua.com.co\/#website","url":"https:\/\/katua.com.co\/","name":"KATUA","description":"Moda premium enfocada en ofrecer dise\u00f1os exclusivos de alta calidad!","publisher":{"@id":"https:\/\/katua.com.co\/#organization"},"potentialAction":[{"@type":"SearchAction","target":{"@type":"EntryPoint","urlTemplate":"https:\/\/katua.com.co\/?s={search_term_string}"},"query-input":{"@type":"PropertyValueSpecification","valueRequired":true,"valueName":"search_term_string"}}],"inLanguage":"es-CO"},{"@type":"Organization","@id":"https:\/\/katua.com.co\/#organization","name":"KATUA","url":"https:\/\/katua.com.co\/","logo":{"@type":"ImageObject","inLanguage":"es-CO","@id":"https:\/\/katua.com.co\/#\/schema\/logo\/image\/","url":"https:\/\/i0.wp.com\/katua.com.co\/wp-content\/uploads\/2020\/07\/cropped-NUEVO-LOGO.png?fit=512%2C512&ssl=1","contentUrl":"https:\/\/i0.wp.com\/katua.com.co\/wp-content\/uploads\/2020\/07\/cropped-NUEVO-LOGO.png?fit=512%2C512&ssl=1","width":512,"height":512,"caption":"KATUA"},"image":{"@id":"https:\/\/katua.com.co\/#\/schema\/logo\/image\/"},"sameAs":["https:\/\/www.facebook.com\/Katuastore","https:\/\/www.tiktok.com\/@katua.co","https:\/\/www.instagram.com\/katua.co\/"]}]}},"_links":{"self":[{"href":"https:\/\/katua.com.co\/index.php\/wp-json\/wp\/v2\/product\/6163","targetHints":{"allow":["GET"]}}],"collection":[{"href":"https:\/\/katua.com.co\/index.php\/wp-json\/wp\/v2\/product"}],"about":[{"href":"https:\/\/katua.com.co\/index.php\/wp-json\/wp\/v2\/types\/product"}],"replies":[{"embeddable":true,"href":"https:\/\/katua.com.co\/index.php\/wp-json\/wp\/v2\/comments?post=6163"}],"wp:featuredmedia":[{"embeddable":true,"href":"https:\/\/katua.com.co\/index.php\/wp-json\/wp\/v2\/media\/5929"}],"wp:attachment":[{"href":"https:\/\/katua.com.co\/index.php\/wp-json\/wp\/v2\/media?parent=6163"}],"wp:term":[{"taxonomy":"product_brand","embeddable":true,"href":"https:\/\/katua.com.co\/index.php\/wp-json\/wp\/v2\/product_brand?post=6163"},{"taxonomy":"product_cat","embeddable":true,"href":"https:\/\/katua.com.co\/index.php\/wp-json\/wp\/v2\/product_cat?post=6163"},{"taxonomy":"product_tag","embeddable":true,"href":"https:\/\/katua.com.co\/index.php\/wp-json\/wp\/v2\/product_tag?post=6163"},{"taxonomy":"giftcard-category","embeddable":true,"href":"https:\/\/katua.com.co\/index.php\/wp-json\/wp\/v2\/giftcard-category?post=6163"}],"curies":[{"name":"wp","href":"https:\/\/api.w.org\/{rel}","templated":true}]}}