{"id":6184,"date":"2025-02-28T17:32:35","date_gmt":"2025-02-28T22:32:35","guid":{"rendered":"https:\/\/katua.com.co\/?post_type=product&#038;p=6184"},"modified":"2026-01-10T14:38:00","modified_gmt":"2026-01-10T19:38:00","slug":"blusa-simone-lila","status":"publish","type":"product","link":"https:\/\/katua.com.co\/index.php\/producto\/blusa-simone-lila\/","title":{"rendered":"Blusa Simone Lila"},"content":{"rendered":"<p data-start=\"43\" data-end=\"376\">\ud83d\udc9c <strong data-start=\"46\" data-end=\"94\">Un encanto inspirado en la Costa Amalfitana.<\/strong> La Blusa Simone Lila captura la esencia del verano con su dise\u00f1o fresco y su exclusivo estampado inspirado en la belleza vibrante de la costa italiana. Confeccionada en <strong data-start=\"264\" data-end=\"289\">100% algod\u00f3n org\u00e1nico<\/strong>, su textura suave y ligera la convierte en la elecci\u00f3n ideal para los d\u00edas soleados.<\/p>\n<p data-start=\"378\" data-end=\"580\">\ud83c\udf3f <strong data-start=\"381\" data-end=\"401\">Caracter\u00edsticas:<\/strong><br data-start=\"401\" data-end=\"404\" \/>\u2714\ufe0f Algod\u00f3n org\u00e1nico, transpirable y c\u00f3modo.<br data-start=\"447\" data-end=\"450\" \/>\u2714\ufe0f Print exclusivo de Katua, inspirado en la Costa Amalfitana.<br data-start=\"512\" data-end=\"515\" \/>\u2714\ufe0f Dise\u00f1o vers\u00e1til y femenino, perfecto para cualquier ocasi\u00f3n.<\/p>\n<p data-start=\"582\" data-end=\"663\">\ud83d\udca1 <strong data-start=\"585\" data-end=\"661\">Ll\u00e9vala a juego con la Falda Simone para un look arm\u00f3nico y sofisticado.<\/strong><\/p>\n","protected":false},"excerpt":{"rendered":"<p>\ud83d\udc9c Un encanto inspirado en la Costa Amalfitana. La Blusa Simone Lila captura la esencia del verano con su dise\u00f1o fresco y su exclusivo estampado inspirado en la belleza vibrante de la costa italiana. Confeccionada en 100% algod\u00f3n org\u00e1nico, su textura suave y ligera la convierte en la elecci\u00f3n ideal para los d\u00edas soleados. \ud83c\udf3f Caracter\u00edsticas:\u2714\ufe0f Algod\u00f3n org\u00e1nico, transpirable y\u2026<\/p>\n","protected":false},"featured_media":6000,"comment_status":"open","ping_status":"closed","template":"","meta":[],"product_brand":[],"product_cat":[74,70,71,51,57],"product_tag":[],"giftcard-category":[],"class_list":{"0":"post-6184","1":"product","2":"type-product","3":"status-publish","4":"has-post-thumbnail","6":"product_cat-costa-italiana","7":"product_cat-sale","8":"product_cat-sets","9":"product_cat-tops","10":"product_cat-beachresort","12":"first","13":"outofstock","14":"sale","15":"taxable","16":"shipping-taxable","17":"purchasable","18":"product-type-variable"},"yoast_head":"<!-- This site is optimized with the Yoast SEO plugin v27.0 - https:\/\/yoast.com\/product\/yoast-seo-wordpress\/ -->\n<title>Blusa Simone Lila | Katua<\/title>\n<meta name=\"description\" content=\"Katua | \ud83d\udc9c Un encanto inspirado en la Costa Amalfitana. La Blusa Simone Lila captura la esencia del verano con su dise\u00f1o fresco y su exclusivo estampado inspirado\" \/>\n<meta name=\"robots\" content=\"index, follow, max-snippet:-1, max-image-preview:large, max-video-preview:-1\" \/>\n<link rel=\"canonical\" href=\"https:\/\/katua.com.co\/index.php\/producto\/blusa-simone-lila\/\" \/>\n<meta property=\"og:locale\" content=\"es_ES\" \/>\n<meta property=\"og:type\" content=\"article\" \/>\n<meta property=\"og:title\" content=\"Blusa Simone Lila | Katua\" \/>\n<meta property=\"og:description\" content=\"Katua | \ud83d\udc9c Un encanto inspirado en la Costa Amalfitana. La Blusa Simone Lila captura la esencia del verano con su dise\u00f1o fresco y su exclusivo estampado inspirado\" \/>\n<meta property=\"og:url\" content=\"https:\/\/katua.com.co\/index.php\/producto\/blusa-simone-lila\/\" \/>\n<meta property=\"og:site_name\" content=\"Katua\" \/>\n<meta property=\"article:publisher\" content=\"https:\/\/www.facebook.com\/Katuastore\" \/>\n<meta property=\"article:modified_time\" content=\"2026-01-10T19:38:00+00:00\" \/>\n<meta property=\"og:image\" content=\"https:\/\/katua.com.co\/wp-content\/uploads\/2025\/02\/img_1992-1-1.jpg\" \/>\n\t<meta property=\"og:image:width\" content=\"1267\" \/>\n\t<meta property=\"og:image:height\" content=\"1900\" \/>\n\t<meta property=\"og:image:type\" content=\"image\/jpeg\" \/>\n<meta name=\"twitter:card\" content=\"summary_large_image\" \/>\n<meta name=\"twitter:label1\" content=\"Tiempo de lectura\" \/>\n\t<meta name=\"twitter:data1\" content=\"1 minuto\" \/>\n<script type=\"application\/ld+json\" class=\"yoast-schema-graph\">{\"@context\":\"https:\/\/schema.org\",\"@graph\":[{\"@type\":[\"WebPage\",\"ItemPage\"],\"@id\":\"https:\/\/katua.com.co\/index.php\/producto\/blusa-simone-lila\/\",\"url\":\"https:\/\/katua.com.co\/index.php\/producto\/blusa-simone-lila\/\",\"name\":\"Blusa Simone Lila | Katua\",\"isPartOf\":{\"@id\":\"https:\/\/katua.com.co\/#website\"},\"primaryImageOfPage\":{\"@id\":\"https:\/\/katua.com.co\/index.php\/producto\/blusa-simone-lila\/#primaryimage\"},\"image\":{\"@id\":\"https:\/\/katua.com.co\/index.php\/producto\/blusa-simone-lila\/#primaryimage\"},\"thumbnailUrl\":\"https:\/\/katua.com.co\/wp-content\/uploads\/2025\/02\/img_1992-1-1.jpg\",\"datePublished\":\"2025-02-28T22:32:35+00:00\",\"dateModified\":\"2026-01-10T19:38:00+00:00\",\"description\":\"Katua | \ud83d\udc9c Un encanto inspirado en la Costa Amalfitana. La Blusa Simone Lila captura la esencia del verano con su dise\u00f1o fresco y su exclusivo estampado inspirado\",\"breadcrumb\":{\"@id\":\"https:\/\/katua.com.co\/index.php\/producto\/blusa-simone-lila\/#breadcrumb\"},\"inLanguage\":\"es-CO\",\"potentialAction\":[{\"@type\":\"ReadAction\",\"target\":[\"https:\/\/katua.com.co\/index.php\/producto\/blusa-simone-lila\/\"]}]},{\"@type\":\"ImageObject\",\"inLanguage\":\"es-CO\",\"@id\":\"https:\/\/katua.com.co\/index.php\/producto\/blusa-simone-lila\/#primaryimage\",\"url\":\"https:\/\/katua.com.co\/wp-content\/uploads\/2025\/02\/img_1992-1-1.jpg\",\"contentUrl\":\"https:\/\/katua.com.co\/wp-content\/uploads\/2025\/02\/img_1992-1-1.jpg\",\"width\":1267,\"height\":1900},{\"@type\":\"BreadcrumbList\",\"@id\":\"https:\/\/katua.com.co\/index.php\/producto\/blusa-simone-lila\/#breadcrumb\",\"itemListElement\":[{\"@type\":\"ListItem\",\"position\":1,\"name\":\"Inicio\",\"item\":\"https:\/\/katua.com.co\/\"},{\"@type\":\"ListItem\",\"position\":2,\"name\":\"Shop\",\"item\":\"https:\/\/katua.com.co\/index.php\/shop\/\"},{\"@type\":\"ListItem\",\"position\":3,\"name\":\"Blusa Simone Lila\"}]},{\"@type\":\"WebSite\",\"@id\":\"https:\/\/katua.com.co\/#website\",\"url\":\"https:\/\/katua.com.co\/\",\"name\":\"KATUA\",\"description\":\"Moda premium enfocada en ofrecer dise\u00f1os exclusivos de alta calidad!\",\"publisher\":{\"@id\":\"https:\/\/katua.com.co\/#organization\"},\"potentialAction\":[{\"@type\":\"SearchAction\",\"target\":{\"@type\":\"EntryPoint\",\"urlTemplate\":\"https:\/\/katua.com.co\/?s={search_term_string}\"},\"query-input\":{\"@type\":\"PropertyValueSpecification\",\"valueRequired\":true,\"valueName\":\"search_term_string\"}}],\"inLanguage\":\"es-CO\"},{\"@type\":\"Organization\",\"@id\":\"https:\/\/katua.com.co\/#organization\",\"name\":\"KATUA\",\"url\":\"https:\/\/katua.com.co\/\",\"logo\":{\"@type\":\"ImageObject\",\"inLanguage\":\"es-CO\",\"@id\":\"https:\/\/katua.com.co\/#\/schema\/logo\/image\/\",\"url\":\"https:\/\/i0.wp.com\/katua.com.co\/wp-content\/uploads\/2020\/07\/cropped-NUEVO-LOGO.png?fit=512%2C512&ssl=1\",\"contentUrl\":\"https:\/\/i0.wp.com\/katua.com.co\/wp-content\/uploads\/2020\/07\/cropped-NUEVO-LOGO.png?fit=512%2C512&ssl=1\",\"width\":512,\"height\":512,\"caption\":\"KATUA\"},\"image\":{\"@id\":\"https:\/\/katua.com.co\/#\/schema\/logo\/image\/\"},\"sameAs\":[\"https:\/\/www.facebook.com\/Katuastore\",\"https:\/\/www.tiktok.com\/@katua.co\",\"https:\/\/www.instagram.com\/katua.co\/\"]}]}<\/script>\n<!-- \/ Yoast SEO plugin. -->","yoast_head_json":{"title":"Blusa Simone Lila | Katua","description":"Katua | \ud83d\udc9c Un encanto inspirado en la Costa Amalfitana. La Blusa Simone Lila captura la esencia del verano con su dise\u00f1o fresco y su exclusivo estampado inspirado","robots":{"index":"index","follow":"follow","max-snippet":"max-snippet:-1","max-image-preview":"max-image-preview:large","max-video-preview":"max-video-preview:-1"},"canonical":"https:\/\/katua.com.co\/index.php\/producto\/blusa-simone-lila\/","og_locale":"es_ES","og_type":"article","og_title":"Blusa Simone Lila | Katua","og_description":"Katua | \ud83d\udc9c Un encanto inspirado en la Costa Amalfitana. La Blusa Simone Lila captura la esencia del verano con su dise\u00f1o fresco y su exclusivo estampado inspirado","og_url":"https:\/\/katua.com.co\/index.php\/producto\/blusa-simone-lila\/","og_site_name":"Katua","article_publisher":"https:\/\/www.facebook.com\/Katuastore","article_modified_time":"2026-01-10T19:38:00+00:00","og_image":[{"width":1267,"height":1900,"url":"https:\/\/katua.com.co\/wp-content\/uploads\/2025\/02\/img_1992-1-1.jpg","type":"image\/jpeg"}],"twitter_card":"summary_large_image","twitter_misc":{"Tiempo de lectura":"1 minuto"},"schema":{"@context":"https:\/\/schema.org","@graph":[{"@type":["WebPage","ItemPage"],"@id":"https:\/\/katua.com.co\/index.php\/producto\/blusa-simone-lila\/","url":"https:\/\/katua.com.co\/index.php\/producto\/blusa-simone-lila\/","name":"Blusa Simone Lila | Katua","isPartOf":{"@id":"https:\/\/katua.com.co\/#website"},"primaryImageOfPage":{"@id":"https:\/\/katua.com.co\/index.php\/producto\/blusa-simone-lila\/#primaryimage"},"image":{"@id":"https:\/\/katua.com.co\/index.php\/producto\/blusa-simone-lila\/#primaryimage"},"thumbnailUrl":"https:\/\/katua.com.co\/wp-content\/uploads\/2025\/02\/img_1992-1-1.jpg","datePublished":"2025-02-28T22:32:35+00:00","dateModified":"2026-01-10T19:38:00+00:00","description":"Katua | \ud83d\udc9c Un encanto inspirado en la Costa Amalfitana. La Blusa Simone Lila captura la esencia del verano con su dise\u00f1o fresco y su exclusivo estampado inspirado","breadcrumb":{"@id":"https:\/\/katua.com.co\/index.php\/producto\/blusa-simone-lila\/#breadcrumb"},"inLanguage":"es-CO","potentialAction":[{"@type":"ReadAction","target":["https:\/\/katua.com.co\/index.php\/producto\/blusa-simone-lila\/"]}]},{"@type":"ImageObject","inLanguage":"es-CO","@id":"https:\/\/katua.com.co\/index.php\/producto\/blusa-simone-lila\/#primaryimage","url":"https:\/\/katua.com.co\/wp-content\/uploads\/2025\/02\/img_1992-1-1.jpg","contentUrl":"https:\/\/katua.com.co\/wp-content\/uploads\/2025\/02\/img_1992-1-1.jpg","width":1267,"height":1900},{"@type":"BreadcrumbList","@id":"https:\/\/katua.com.co\/index.php\/producto\/blusa-simone-lila\/#breadcrumb","itemListElement":[{"@type":"ListItem","position":1,"name":"Inicio","item":"https:\/\/katua.com.co\/"},{"@type":"ListItem","position":2,"name":"Shop","item":"https:\/\/katua.com.co\/index.php\/shop\/"},{"@type":"ListItem","position":3,"name":"Blusa Simone Lila"}]},{"@type":"WebSite","@id":"https:\/\/katua.com.co\/#website","url":"https:\/\/katua.com.co\/","name":"KATUA","description":"Moda premium enfocada en ofrecer dise\u00f1os exclusivos de alta calidad!","publisher":{"@id":"https:\/\/katua.com.co\/#organization"},"potentialAction":[{"@type":"SearchAction","target":{"@type":"EntryPoint","urlTemplate":"https:\/\/katua.com.co\/?s={search_term_string}"},"query-input":{"@type":"PropertyValueSpecification","valueRequired":true,"valueName":"search_term_string"}}],"inLanguage":"es-CO"},{"@type":"Organization","@id":"https:\/\/katua.com.co\/#organization","name":"KATUA","url":"https:\/\/katua.com.co\/","logo":{"@type":"ImageObject","inLanguage":"es-CO","@id":"https:\/\/katua.com.co\/#\/schema\/logo\/image\/","url":"https:\/\/i0.wp.com\/katua.com.co\/wp-content\/uploads\/2020\/07\/cropped-NUEVO-LOGO.png?fit=512%2C512&ssl=1","contentUrl":"https:\/\/i0.wp.com\/katua.com.co\/wp-content\/uploads\/2020\/07\/cropped-NUEVO-LOGO.png?fit=512%2C512&ssl=1","width":512,"height":512,"caption":"KATUA"},"image":{"@id":"https:\/\/katua.com.co\/#\/schema\/logo\/image\/"},"sameAs":["https:\/\/www.facebook.com\/Katuastore","https:\/\/www.tiktok.com\/@katua.co","https:\/\/www.instagram.com\/katua.co\/"]}]}},"_links":{"self":[{"href":"https:\/\/katua.com.co\/index.php\/wp-json\/wp\/v2\/product\/6184","targetHints":{"allow":["GET"]}}],"collection":[{"href":"https:\/\/katua.com.co\/index.php\/wp-json\/wp\/v2\/product"}],"about":[{"href":"https:\/\/katua.com.co\/index.php\/wp-json\/wp\/v2\/types\/product"}],"replies":[{"embeddable":true,"href":"https:\/\/katua.com.co\/index.php\/wp-json\/wp\/v2\/comments?post=6184"}],"wp:featuredmedia":[{"embeddable":true,"href":"https:\/\/katua.com.co\/index.php\/wp-json\/wp\/v2\/media\/6000"}],"wp:attachment":[{"href":"https:\/\/katua.com.co\/index.php\/wp-json\/wp\/v2\/media?parent=6184"}],"wp:term":[{"taxonomy":"product_brand","embeddable":true,"href":"https:\/\/katua.com.co\/index.php\/wp-json\/wp\/v2\/product_brand?post=6184"},{"taxonomy":"product_cat","embeddable":true,"href":"https:\/\/katua.com.co\/index.php\/wp-json\/wp\/v2\/product_cat?post=6184"},{"taxonomy":"product_tag","embeddable":true,"href":"https:\/\/katua.com.co\/index.php\/wp-json\/wp\/v2\/product_tag?post=6184"},{"taxonomy":"giftcard-category","embeddable":true,"href":"https:\/\/katua.com.co\/index.php\/wp-json\/wp\/v2\/giftcard-category?post=6184"}],"curies":[{"name":"wp","href":"https:\/\/api.w.org\/{rel}","templated":true}]}}