{"id":6231,"date":"2025-03-01T15:40:32","date_gmt":"2025-03-01T20:40:32","guid":{"rendered":"https:\/\/katua.com.co\/?post_type=product&#038;p=6231"},"modified":"2026-01-10T14:21:51","modified_gmt":"2026-01-10T19:21:51","slug":"falda-musa-globo-sea-verde","status":"publish","type":"product","link":"https:\/\/katua.com.co\/index.php\/producto\/falda-musa-globo-sea-verde\/","title":{"rendered":"Falda Musa Globo Sea Verde"},"content":{"rendered":"","protected":false},"excerpt":{"rendered":"<p data-start=\"0\" data-end=\"429\">\ud83c\udf0a <strong data-start=\"3\" data-end=\"47\">Fresca, et\u00e9rea y con inspiraci\u00f3n marina.<\/strong> La <strong data-start=\"51\" data-end=\"69\">Falda Musa Sea<\/strong> es una pieza \u00fanica confeccionada en <strong data-start=\"106\" data-end=\"131\">100% algod\u00f3n org\u00e1nico<\/strong>, con un dise\u00f1o <strong data-start=\"147\" data-end=\"161\">tipo globo<\/strong> que aporta volumen sutil y movimiento. Su <strong data-start=\"204\" data-end=\"233\">estampado exclusivo &#8220;Sea&#8221;<\/strong>, inspirado en una ma\u00f1ana cerca del mar, combina tonos verdes suaves que evocan la frescura de la naturaleza. La cintura con resorte y el <strong data-start=\"371\" data-end=\"390\">lazo decorativo<\/strong> realzan su ajuste c\u00f3modo y femenino.<\/p>\n<p data-start=\"431\" data-end=\"638\">\ud83c\udf3f <strong data-start=\"434\" data-end=\"454\">Caracter\u00edsticas:<\/strong><br data-start=\"454\" data-end=\"457\" \/>\u2714\ufe0f Algod\u00f3n org\u00e1nico ligero y transpirable.<br data-start=\"499\" data-end=\"502\" \/>\u2714\ufe0f Estampado exclusivo inspirado en el mar.<br data-start=\"545\" data-end=\"548\" \/>\u2714\ufe0f Dise\u00f1o tipo globo con ca\u00edda favorecedora.<br data-start=\"592\" data-end=\"595\" \/>\u2714\ufe0f Cintura con resorte y lazo decorativo.<\/p>\n<p data-start=\"640\" data-end=\"714\">\u2728 <strong data-start=\"642\" data-end=\"712\">Comb\u00ednala con la Blusa Musa Sea para un look armonioso y elegante.<\/strong><\/p>\n<p data-start=\"716\" data-end=\"789\" data-is-last-node=\"\" data-is-only-node=\"\">Una prenda que captura la esencia del oc\u00e9ano con un toque sofisticado. \ud83d\udc9a<\/p>\n","protected":false},"featured_media":5916,"comment_status":"open","ping_status":"closed","template":"","meta":[],"product_brand":[],"product_cat":[74,70,71,53,54,57],"product_tag":[],"giftcard-category":[],"class_list":{"0":"post-6231","1":"product","2":"type-product","3":"status-publish","4":"has-post-thumbnail","6":"product_cat-costa-italiana","7":"product_cat-sale","8":"product_cat-sets","9":"product_cat-faldas","10":"product_cat-fmini","11":"product_cat-beachresort","13":"first","14":"instock","15":"sale","16":"taxable","17":"shipping-taxable","18":"purchasable","19":"product-type-variable"},"yoast_head":"<!-- This site is optimized with the Yoast SEO plugin v27.0 - https:\/\/yoast.com\/product\/yoast-seo-wordpress\/ -->\n<title>Falda Musa Globo Sea Verde | Katua<\/title>\n<meta name=\"description\" content=\"Katua | \ud83c\udf0a Fresca, et\u00e9rea y con inspiraci\u00f3n marina. La Falda Musa Sea es una pieza \u00fanica confeccionada en 100% algod\u00f3n org\u00e1nico, con un dise\u00f1o tipo globo que aporta volumen sutil y movimiento. Su estampado exclusivo &quot;Sea&quot;, inspirado en una ma\u00f1ana cerca del mar, combina tonos verdes suaves que evocan la frescura de la naturaleza. La cintura con resorte y el lazo decorativo realzan su ajuste c\u00f3modo y femenino. \ud83c\udf3f Caracter\u00edsticas:\u2714\ufe0f Algod\u00f3n org\u00e1nico ligero y transpirable.\u2714\ufe0f Estampado exclusivo inspirado en el mar.\u2714\ufe0f Dise\u00f1o tipo globo con ca\u00edda favorecedora.\u2714\ufe0f Cintura con resorte y lazo decorativo. \u2728 Comb\u00ednala con la Blusa Musa Sea para un look armonioso y elegante. Una prenda que captura la esencia del oc\u00e9ano con un toque sofisticado. \ud83d\udc9a\" \/>\n<meta name=\"robots\" content=\"index, follow, max-snippet:-1, max-image-preview:large, max-video-preview:-1\" \/>\n<link rel=\"canonical\" href=\"https:\/\/katua.com.co\/index.php\/producto\/falda-musa-globo-sea-verde\/\" \/>\n<meta property=\"og:locale\" content=\"es_ES\" \/>\n<meta property=\"og:type\" content=\"article\" \/>\n<meta property=\"og:title\" content=\"Falda Musa Globo Sea Verde | Katua\" \/>\n<meta property=\"og:description\" content=\"Katua | \ud83c\udf0a Fresca, et\u00e9rea y con inspiraci\u00f3n marina. La Falda Musa Sea es una pieza \u00fanica confeccionada en 100% algod\u00f3n org\u00e1nico, con un dise\u00f1o tipo globo que aporta volumen sutil y movimiento. Su estampado exclusivo &quot;Sea&quot;, inspirado en una ma\u00f1ana cerca del mar, combina tonos verdes suaves que evocan la frescura de la naturaleza. La cintura con resorte y el lazo decorativo realzan su ajuste c\u00f3modo y femenino. \ud83c\udf3f Caracter\u00edsticas:\u2714\ufe0f Algod\u00f3n org\u00e1nico ligero y transpirable.\u2714\ufe0f Estampado exclusivo inspirado en el mar.\u2714\ufe0f Dise\u00f1o tipo globo con ca\u00edda favorecedora.\u2714\ufe0f Cintura con resorte y lazo decorativo. \u2728 Comb\u00ednala con la Blusa Musa Sea para un look armonioso y elegante. Una prenda que captura la esencia del oc\u00e9ano con un toque sofisticado. \ud83d\udc9a\" \/>\n<meta property=\"og:url\" content=\"https:\/\/katua.com.co\/index.php\/producto\/falda-musa-globo-sea-verde\/\" \/>\n<meta property=\"og:site_name\" content=\"Katua\" \/>\n<meta property=\"article:publisher\" content=\"https:\/\/www.facebook.com\/Katuastore\" \/>\n<meta property=\"article:modified_time\" content=\"2026-01-10T19:21:51+00:00\" \/>\n<meta property=\"og:image\" content=\"https:\/\/katua.com.co\/wp-content\/uploads\/2025\/02\/img_1130-1-3.jpg\" \/>\n\t<meta property=\"og:image:width\" content=\"1333\" \/>\n\t<meta property=\"og:image:height\" content=\"2000\" \/>\n\t<meta property=\"og:image:type\" content=\"image\/jpeg\" \/>\n<meta name=\"twitter:card\" content=\"summary_large_image\" \/>\n<meta name=\"twitter:label1\" content=\"Tiempo de lectura\" \/>\n\t<meta name=\"twitter:data1\" content=\"1 minuto\" \/>\n<script type=\"application\/ld+json\" class=\"yoast-schema-graph\">{\"@context\":\"https:\/\/schema.org\",\"@graph\":[{\"@type\":[\"WebPage\",\"ItemPage\"],\"@id\":\"https:\/\/katua.com.co\/index.php\/producto\/falda-musa-globo-sea-verde\/\",\"url\":\"https:\/\/katua.com.co\/index.php\/producto\/falda-musa-globo-sea-verde\/\",\"name\":\"Falda Musa Globo Sea Verde | Katua\",\"isPartOf\":{\"@id\":\"https:\/\/katua.com.co\/#website\"},\"primaryImageOfPage\":{\"@id\":\"https:\/\/katua.com.co\/index.php\/producto\/falda-musa-globo-sea-verde\/#primaryimage\"},\"image\":{\"@id\":\"https:\/\/katua.com.co\/index.php\/producto\/falda-musa-globo-sea-verde\/#primaryimage\"},\"thumbnailUrl\":\"https:\/\/katua.com.co\/wp-content\/uploads\/2025\/02\/img_1130-1-3.jpg\",\"datePublished\":\"2025-03-01T20:40:32+00:00\",\"dateModified\":\"2026-01-10T19:21:51+00:00\",\"description\":\"Katua | \ud83c\udf0a Fresca, et\u00e9rea y con inspiraci\u00f3n marina. La Falda Musa Sea es una pieza \u00fanica confeccionada en 100% algod\u00f3n org\u00e1nico, con un dise\u00f1o tipo globo que aporta volumen sutil y movimiento. Su estampado exclusivo \\\"Sea\\\", inspirado en una ma\u00f1ana cerca del mar, combina tonos verdes suaves que evocan la frescura de la naturaleza. La cintura con resorte y el lazo decorativo realzan su ajuste c\u00f3modo y femenino. \ud83c\udf3f Caracter\u00edsticas:\u2714\ufe0f Algod\u00f3n org\u00e1nico ligero y transpirable.\u2714\ufe0f Estampado exclusivo inspirado en el mar.\u2714\ufe0f Dise\u00f1o tipo globo con ca\u00edda favorecedora.\u2714\ufe0f Cintura con resorte y lazo decorativo. \u2728 Comb\u00ednala con la Blusa Musa Sea para un look armonioso y elegante. Una prenda que captura la esencia del oc\u00e9ano con un toque sofisticado. \ud83d\udc9a\",\"breadcrumb\":{\"@id\":\"https:\/\/katua.com.co\/index.php\/producto\/falda-musa-globo-sea-verde\/#breadcrumb\"},\"inLanguage\":\"es-CO\",\"potentialAction\":[{\"@type\":\"ReadAction\",\"target\":[\"https:\/\/katua.com.co\/index.php\/producto\/falda-musa-globo-sea-verde\/\"]}]},{\"@type\":\"ImageObject\",\"inLanguage\":\"es-CO\",\"@id\":\"https:\/\/katua.com.co\/index.php\/producto\/falda-musa-globo-sea-verde\/#primaryimage\",\"url\":\"https:\/\/katua.com.co\/wp-content\/uploads\/2025\/02\/img_1130-1-3.jpg\",\"contentUrl\":\"https:\/\/katua.com.co\/wp-content\/uploads\/2025\/02\/img_1130-1-3.jpg\",\"width\":1333,\"height\":2000},{\"@type\":\"BreadcrumbList\",\"@id\":\"https:\/\/katua.com.co\/index.php\/producto\/falda-musa-globo-sea-verde\/#breadcrumb\",\"itemListElement\":[{\"@type\":\"ListItem\",\"position\":1,\"name\":\"Inicio\",\"item\":\"https:\/\/katua.com.co\/\"},{\"@type\":\"ListItem\",\"position\":2,\"name\":\"Shop\",\"item\":\"https:\/\/katua.com.co\/index.php\/shop\/\"},{\"@type\":\"ListItem\",\"position\":3,\"name\":\"Falda Musa Globo Sea Verde\"}]},{\"@type\":\"WebSite\",\"@id\":\"https:\/\/katua.com.co\/#website\",\"url\":\"https:\/\/katua.com.co\/\",\"name\":\"KATUA\",\"description\":\"Moda premium enfocada en ofrecer dise\u00f1os exclusivos de alta calidad!\",\"publisher\":{\"@id\":\"https:\/\/katua.com.co\/#organization\"},\"potentialAction\":[{\"@type\":\"SearchAction\",\"target\":{\"@type\":\"EntryPoint\",\"urlTemplate\":\"https:\/\/katua.com.co\/?s={search_term_string}\"},\"query-input\":{\"@type\":\"PropertyValueSpecification\",\"valueRequired\":true,\"valueName\":\"search_term_string\"}}],\"inLanguage\":\"es-CO\"},{\"@type\":\"Organization\",\"@id\":\"https:\/\/katua.com.co\/#organization\",\"name\":\"KATUA\",\"url\":\"https:\/\/katua.com.co\/\",\"logo\":{\"@type\":\"ImageObject\",\"inLanguage\":\"es-CO\",\"@id\":\"https:\/\/katua.com.co\/#\/schema\/logo\/image\/\",\"url\":\"https:\/\/i0.wp.com\/katua.com.co\/wp-content\/uploads\/2020\/07\/cropped-NUEVO-LOGO.png?fit=512%2C512&ssl=1\",\"contentUrl\":\"https:\/\/i0.wp.com\/katua.com.co\/wp-content\/uploads\/2020\/07\/cropped-NUEVO-LOGO.png?fit=512%2C512&ssl=1\",\"width\":512,\"height\":512,\"caption\":\"KATUA\"},\"image\":{\"@id\":\"https:\/\/katua.com.co\/#\/schema\/logo\/image\/\"},\"sameAs\":[\"https:\/\/www.facebook.com\/Katuastore\",\"https:\/\/www.tiktok.com\/@katua.co\",\"https:\/\/www.instagram.com\/katua.co\/\"]}]}<\/script>\n<!-- \/ Yoast SEO plugin. -->","yoast_head_json":{"title":"Falda Musa Globo Sea Verde | Katua","description":"Katua | \ud83c\udf0a Fresca, et\u00e9rea y con inspiraci\u00f3n marina. La Falda Musa Sea es una pieza \u00fanica confeccionada en 100% algod\u00f3n org\u00e1nico, con un dise\u00f1o tipo globo que aporta volumen sutil y movimiento. Su estampado exclusivo \"Sea\", inspirado en una ma\u00f1ana cerca del mar, combina tonos verdes suaves que evocan la frescura de la naturaleza. La cintura con resorte y el lazo decorativo realzan su ajuste c\u00f3modo y femenino. \ud83c\udf3f Caracter\u00edsticas:\u2714\ufe0f Algod\u00f3n org\u00e1nico ligero y transpirable.\u2714\ufe0f Estampado exclusivo inspirado en el mar.\u2714\ufe0f Dise\u00f1o tipo globo con ca\u00edda favorecedora.\u2714\ufe0f Cintura con resorte y lazo decorativo. \u2728 Comb\u00ednala con la Blusa Musa Sea para un look armonioso y elegante. Una prenda que captura la esencia del oc\u00e9ano con un toque sofisticado. \ud83d\udc9a","robots":{"index":"index","follow":"follow","max-snippet":"max-snippet:-1","max-image-preview":"max-image-preview:large","max-video-preview":"max-video-preview:-1"},"canonical":"https:\/\/katua.com.co\/index.php\/producto\/falda-musa-globo-sea-verde\/","og_locale":"es_ES","og_type":"article","og_title":"Falda Musa Globo Sea Verde | Katua","og_description":"Katua | \ud83c\udf0a Fresca, et\u00e9rea y con inspiraci\u00f3n marina. La Falda Musa Sea es una pieza \u00fanica confeccionada en 100% algod\u00f3n org\u00e1nico, con un dise\u00f1o tipo globo que aporta volumen sutil y movimiento. Su estampado exclusivo \"Sea\", inspirado en una ma\u00f1ana cerca del mar, combina tonos verdes suaves que evocan la frescura de la naturaleza. La cintura con resorte y el lazo decorativo realzan su ajuste c\u00f3modo y femenino. \ud83c\udf3f Caracter\u00edsticas:\u2714\ufe0f Algod\u00f3n org\u00e1nico ligero y transpirable.\u2714\ufe0f Estampado exclusivo inspirado en el mar.\u2714\ufe0f Dise\u00f1o tipo globo con ca\u00edda favorecedora.\u2714\ufe0f Cintura con resorte y lazo decorativo. \u2728 Comb\u00ednala con la Blusa Musa Sea para un look armonioso y elegante. Una prenda que captura la esencia del oc\u00e9ano con un toque sofisticado. \ud83d\udc9a","og_url":"https:\/\/katua.com.co\/index.php\/producto\/falda-musa-globo-sea-verde\/","og_site_name":"Katua","article_publisher":"https:\/\/www.facebook.com\/Katuastore","article_modified_time":"2026-01-10T19:21:51+00:00","og_image":[{"width":1333,"height":2000,"url":"https:\/\/katua.com.co\/wp-content\/uploads\/2025\/02\/img_1130-1-3.jpg","type":"image\/jpeg"}],"twitter_card":"summary_large_image","twitter_misc":{"Tiempo de lectura":"1 minuto"},"schema":{"@context":"https:\/\/schema.org","@graph":[{"@type":["WebPage","ItemPage"],"@id":"https:\/\/katua.com.co\/index.php\/producto\/falda-musa-globo-sea-verde\/","url":"https:\/\/katua.com.co\/index.php\/producto\/falda-musa-globo-sea-verde\/","name":"Falda Musa Globo Sea Verde | Katua","isPartOf":{"@id":"https:\/\/katua.com.co\/#website"},"primaryImageOfPage":{"@id":"https:\/\/katua.com.co\/index.php\/producto\/falda-musa-globo-sea-verde\/#primaryimage"},"image":{"@id":"https:\/\/katua.com.co\/index.php\/producto\/falda-musa-globo-sea-verde\/#primaryimage"},"thumbnailUrl":"https:\/\/katua.com.co\/wp-content\/uploads\/2025\/02\/img_1130-1-3.jpg","datePublished":"2025-03-01T20:40:32+00:00","dateModified":"2026-01-10T19:21:51+00:00","description":"Katua | \ud83c\udf0a Fresca, et\u00e9rea y con inspiraci\u00f3n marina. La Falda Musa Sea es una pieza \u00fanica confeccionada en 100% algod\u00f3n org\u00e1nico, con un dise\u00f1o tipo globo que aporta volumen sutil y movimiento. Su estampado exclusivo \"Sea\", inspirado en una ma\u00f1ana cerca del mar, combina tonos verdes suaves que evocan la frescura de la naturaleza. La cintura con resorte y el lazo decorativo realzan su ajuste c\u00f3modo y femenino. \ud83c\udf3f Caracter\u00edsticas:\u2714\ufe0f Algod\u00f3n org\u00e1nico ligero y transpirable.\u2714\ufe0f Estampado exclusivo inspirado en el mar.\u2714\ufe0f Dise\u00f1o tipo globo con ca\u00edda favorecedora.\u2714\ufe0f Cintura con resorte y lazo decorativo. \u2728 Comb\u00ednala con la Blusa Musa Sea para un look armonioso y elegante. Una prenda que captura la esencia del oc\u00e9ano con un toque sofisticado. \ud83d\udc9a","breadcrumb":{"@id":"https:\/\/katua.com.co\/index.php\/producto\/falda-musa-globo-sea-verde\/#breadcrumb"},"inLanguage":"es-CO","potentialAction":[{"@type":"ReadAction","target":["https:\/\/katua.com.co\/index.php\/producto\/falda-musa-globo-sea-verde\/"]}]},{"@type":"ImageObject","inLanguage":"es-CO","@id":"https:\/\/katua.com.co\/index.php\/producto\/falda-musa-globo-sea-verde\/#primaryimage","url":"https:\/\/katua.com.co\/wp-content\/uploads\/2025\/02\/img_1130-1-3.jpg","contentUrl":"https:\/\/katua.com.co\/wp-content\/uploads\/2025\/02\/img_1130-1-3.jpg","width":1333,"height":2000},{"@type":"BreadcrumbList","@id":"https:\/\/katua.com.co\/index.php\/producto\/falda-musa-globo-sea-verde\/#breadcrumb","itemListElement":[{"@type":"ListItem","position":1,"name":"Inicio","item":"https:\/\/katua.com.co\/"},{"@type":"ListItem","position":2,"name":"Shop","item":"https:\/\/katua.com.co\/index.php\/shop\/"},{"@type":"ListItem","position":3,"name":"Falda Musa Globo Sea Verde"}]},{"@type":"WebSite","@id":"https:\/\/katua.com.co\/#website","url":"https:\/\/katua.com.co\/","name":"KATUA","description":"Moda premium enfocada en ofrecer dise\u00f1os exclusivos de alta calidad!","publisher":{"@id":"https:\/\/katua.com.co\/#organization"},"potentialAction":[{"@type":"SearchAction","target":{"@type":"EntryPoint","urlTemplate":"https:\/\/katua.com.co\/?s={search_term_string}"},"query-input":{"@type":"PropertyValueSpecification","valueRequired":true,"valueName":"search_term_string"}}],"inLanguage":"es-CO"},{"@type":"Organization","@id":"https:\/\/katua.com.co\/#organization","name":"KATUA","url":"https:\/\/katua.com.co\/","logo":{"@type":"ImageObject","inLanguage":"es-CO","@id":"https:\/\/katua.com.co\/#\/schema\/logo\/image\/","url":"https:\/\/i0.wp.com\/katua.com.co\/wp-content\/uploads\/2020\/07\/cropped-NUEVO-LOGO.png?fit=512%2C512&ssl=1","contentUrl":"https:\/\/i0.wp.com\/katua.com.co\/wp-content\/uploads\/2020\/07\/cropped-NUEVO-LOGO.png?fit=512%2C512&ssl=1","width":512,"height":512,"caption":"KATUA"},"image":{"@id":"https:\/\/katua.com.co\/#\/schema\/logo\/image\/"},"sameAs":["https:\/\/www.facebook.com\/Katuastore","https:\/\/www.tiktok.com\/@katua.co","https:\/\/www.instagram.com\/katua.co\/"]}]}},"_links":{"self":[{"href":"https:\/\/katua.com.co\/index.php\/wp-json\/wp\/v2\/product\/6231","targetHints":{"allow":["GET"]}}],"collection":[{"href":"https:\/\/katua.com.co\/index.php\/wp-json\/wp\/v2\/product"}],"about":[{"href":"https:\/\/katua.com.co\/index.php\/wp-json\/wp\/v2\/types\/product"}],"replies":[{"embeddable":true,"href":"https:\/\/katua.com.co\/index.php\/wp-json\/wp\/v2\/comments?post=6231"}],"wp:featuredmedia":[{"embeddable":true,"href":"https:\/\/katua.com.co\/index.php\/wp-json\/wp\/v2\/media\/5916"}],"wp:attachment":[{"href":"https:\/\/katua.com.co\/index.php\/wp-json\/wp\/v2\/media?parent=6231"}],"wp:term":[{"taxonomy":"product_brand","embeddable":true,"href":"https:\/\/katua.com.co\/index.php\/wp-json\/wp\/v2\/product_brand?post=6231"},{"taxonomy":"product_cat","embeddable":true,"href":"https:\/\/katua.com.co\/index.php\/wp-json\/wp\/v2\/product_cat?post=6231"},{"taxonomy":"product_tag","embeddable":true,"href":"https:\/\/katua.com.co\/index.php\/wp-json\/wp\/v2\/product_tag?post=6231"},{"taxonomy":"giftcard-category","embeddable":true,"href":"https:\/\/katua.com.co\/index.php\/wp-json\/wp\/v2\/giftcard-category?post=6231"}],"curies":[{"name":"wp","href":"https:\/\/api.w.org\/{rel}","templated":true}]}}