{"id":6241,"date":"2025-03-01T15:54:45","date_gmt":"2025-03-01T20:54:45","guid":{"rendered":"https:\/\/katua.com.co\/?post_type=product&#038;p=6241"},"modified":"2026-03-31T17:19:57","modified_gmt":"2026-03-31T22:19:57","slug":"falda-musa-globo-italiana","status":"publish","type":"product","link":"https:\/\/katua.com.co\/index.php\/producto\/falda-musa-globo-italiana\/","title":{"rendered":"Falda Musa Globo Italiana"},"content":{"rendered":"","protected":false},"excerpt":{"rendered":"<p data-start=\"0\" data-end=\"68\">\ud83c\udf4a <strong data-start=\"3\" data-end=\"66\">Falda Musa Italia Naranja \u2013 Un toque vibrante y sofisticado<\/strong><\/p>\n<p data-start=\"70\" data-end=\"433\">La <strong data-start=\"73\" data-end=\"94\">Falda Musa Italia<\/strong> en tonos naranjas est\u00e1 inspirada en la calidez y el encanto de la costa amalfitana. Confeccionada en <strong data-start=\"196\" data-end=\"221\">100% algod\u00f3n org\u00e1nico<\/strong>, su dise\u00f1o tipo <strong data-start=\"238\" data-end=\"247\">globo<\/strong> crea un efecto estructurado pero ligero, perfecto para cualquier ocasi\u00f3n. Su cintura el\u00e1stica garantiza comodidad, mientras que el <strong data-start=\"379\" data-end=\"398\">lazo decorativo<\/strong> a\u00f1ade un toque sutil y femenino.<\/p>\n<p data-start=\"435\" data-end=\"613\">\u2728 <strong data-start=\"437\" data-end=\"457\">Caracter\u00edsticas:<\/strong><br data-start=\"457\" data-end=\"460\" \/>\u2714\ufe0f Algod\u00f3n org\u00e1nico ligero y transpirable.<br data-start=\"502\" data-end=\"505\" \/>\u2714\ufe0f Estampado exclusivo inspirado en Italia.<br data-start=\"548\" data-end=\"551\" \/>\u2714\ufe0f Dise\u00f1o tipo globo con cintura el\u00e1stica y lazo decorativo.<\/p>\n<p data-start=\"615\" data-end=\"700\" data-is-last-node=\"\" data-is-only-node=\"\">\ud83c\udf4a <strong data-start=\"618\" data-end=\"700\" data-is-last-node=\"\">Ll\u00e9vala con la Blusa Musa Italia para un conjunto lleno de estilo y elegancia.<\/strong><\/p>\n","protected":false},"featured_media":5854,"comment_status":"open","ping_status":"closed","template":"","meta":[],"product_brand":[],"product_cat":[74,71,53,54,57],"product_tag":[],"giftcard-category":[],"class_list":{"0":"post-6241","1":"product","2":"type-product","3":"status-publish","4":"has-post-thumbnail","6":"product_cat-costa-italiana","7":"product_cat-sets","8":"product_cat-faldas","9":"product_cat-fmini","10":"product_cat-beachresort","12":"first","13":"instock","14":"taxable","15":"shipping-taxable","16":"purchasable","17":"product-type-variable"},"yoast_head":"<!-- This site is optimized with the Yoast SEO plugin v27.0 - https:\/\/yoast.com\/product\/yoast-seo-wordpress\/ -->\n<title>Falda Musa Globo Italiana | Katua<\/title>\n<meta name=\"description\" content=\"Katua | \ud83c\udf4a Falda Musa Italia Naranja \u2013 Un toque vibrante y sofisticado La Falda Musa Italia en tonos naranjas est\u00e1 inspirada en la calidez y el encanto de la costa amalfitana. Confeccionada en 100% algod\u00f3n org\u00e1nico, su dise\u00f1o tipo globo crea un efecto estructurado pero ligero, perfecto para cualquier ocasi\u00f3n. Su cintura el\u00e1stica garantiza comodidad, mientras que el lazo decorativo a\u00f1ade un toque sutil y femenino. \u2728 Caracter\u00edsticas:\u2714\ufe0f Algod\u00f3n org\u00e1nico ligero y transpirable.\u2714\ufe0f Estampado exclusivo inspirado en Italia.\u2714\ufe0f Dise\u00f1o tipo globo con cintura el\u00e1stica y lazo decorativo. \ud83c\udf4a Ll\u00e9vala con la Blusa Musa Italia para un conjunto lleno de estilo y elegancia.\" \/>\n<meta name=\"robots\" content=\"index, follow, max-snippet:-1, max-image-preview:large, max-video-preview:-1\" \/>\n<link rel=\"canonical\" href=\"https:\/\/katua.com.co\/index.php\/producto\/falda-musa-globo-italiana\/\" \/>\n<meta property=\"og:locale\" content=\"es_ES\" \/>\n<meta property=\"og:type\" content=\"article\" \/>\n<meta property=\"og:title\" content=\"Falda Musa Globo Italiana | Katua\" \/>\n<meta property=\"og:description\" content=\"Katua | \ud83c\udf4a Falda Musa Italia Naranja \u2013 Un toque vibrante y sofisticado La Falda Musa Italia en tonos naranjas est\u00e1 inspirada en la calidez y el encanto de la costa amalfitana. Confeccionada en 100% algod\u00f3n org\u00e1nico, su dise\u00f1o tipo globo crea un efecto estructurado pero ligero, perfecto para cualquier ocasi\u00f3n. Su cintura el\u00e1stica garantiza comodidad, mientras que el lazo decorativo a\u00f1ade un toque sutil y femenino. \u2728 Caracter\u00edsticas:\u2714\ufe0f Algod\u00f3n org\u00e1nico ligero y transpirable.\u2714\ufe0f Estampado exclusivo inspirado en Italia.\u2714\ufe0f Dise\u00f1o tipo globo con cintura el\u00e1stica y lazo decorativo. \ud83c\udf4a Ll\u00e9vala con la Blusa Musa Italia para un conjunto lleno de estilo y elegancia.\" \/>\n<meta property=\"og:url\" content=\"https:\/\/katua.com.co\/index.php\/producto\/falda-musa-globo-italiana\/\" \/>\n<meta property=\"og:site_name\" content=\"Katua\" \/>\n<meta property=\"article:publisher\" content=\"https:\/\/www.facebook.com\/Katuastore\" \/>\n<meta property=\"article:modified_time\" content=\"2026-03-31T22:19:57+00:00\" \/>\n<meta property=\"og:image\" content=\"https:\/\/katua.com.co\/wp-content\/uploads\/2025\/02\/img_1724-1.jpg\" \/>\n\t<meta property=\"og:image:width\" content=\"1333\" \/>\n\t<meta property=\"og:image:height\" content=\"2000\" \/>\n\t<meta property=\"og:image:type\" content=\"image\/jpeg\" \/>\n<meta name=\"twitter:card\" content=\"summary_large_image\" \/>\n<meta name=\"twitter:label1\" content=\"Tiempo de lectura\" \/>\n\t<meta name=\"twitter:data1\" content=\"1 minuto\" \/>\n<script type=\"application\/ld+json\" class=\"yoast-schema-graph\">{\"@context\":\"https:\/\/schema.org\",\"@graph\":[{\"@type\":[\"WebPage\",\"ItemPage\"],\"@id\":\"https:\/\/katua.com.co\/index.php\/producto\/falda-musa-globo-italiana\/\",\"url\":\"https:\/\/katua.com.co\/index.php\/producto\/falda-musa-globo-italiana\/\",\"name\":\"Falda Musa Globo Italiana | Katua\",\"isPartOf\":{\"@id\":\"https:\/\/katua.com.co\/#website\"},\"primaryImageOfPage\":{\"@id\":\"https:\/\/katua.com.co\/index.php\/producto\/falda-musa-globo-italiana\/#primaryimage\"},\"image\":{\"@id\":\"https:\/\/katua.com.co\/index.php\/producto\/falda-musa-globo-italiana\/#primaryimage\"},\"thumbnailUrl\":\"https:\/\/katua.com.co\/wp-content\/uploads\/2025\/02\/img_1724-1.jpg\",\"datePublished\":\"2025-03-01T20:54:45+00:00\",\"dateModified\":\"2026-03-31T22:19:57+00:00\",\"description\":\"Katua | \ud83c\udf4a Falda Musa Italia Naranja \u2013 Un toque vibrante y sofisticado La Falda Musa Italia en tonos naranjas est\u00e1 inspirada en la calidez y el encanto de la costa amalfitana. Confeccionada en 100% algod\u00f3n org\u00e1nico, su dise\u00f1o tipo globo crea un efecto estructurado pero ligero, perfecto para cualquier ocasi\u00f3n. Su cintura el\u00e1stica garantiza comodidad, mientras que el lazo decorativo a\u00f1ade un toque sutil y femenino. \u2728 Caracter\u00edsticas:\u2714\ufe0f Algod\u00f3n org\u00e1nico ligero y transpirable.\u2714\ufe0f Estampado exclusivo inspirado en Italia.\u2714\ufe0f Dise\u00f1o tipo globo con cintura el\u00e1stica y lazo decorativo. \ud83c\udf4a Ll\u00e9vala con la Blusa Musa Italia para un conjunto lleno de estilo y elegancia.\",\"breadcrumb\":{\"@id\":\"https:\/\/katua.com.co\/index.php\/producto\/falda-musa-globo-italiana\/#breadcrumb\"},\"inLanguage\":\"es-CO\",\"potentialAction\":[{\"@type\":\"ReadAction\",\"target\":[\"https:\/\/katua.com.co\/index.php\/producto\/falda-musa-globo-italiana\/\"]}]},{\"@type\":\"ImageObject\",\"inLanguage\":\"es-CO\",\"@id\":\"https:\/\/katua.com.co\/index.php\/producto\/falda-musa-globo-italiana\/#primaryimage\",\"url\":\"https:\/\/katua.com.co\/wp-content\/uploads\/2025\/02\/img_1724-1.jpg\",\"contentUrl\":\"https:\/\/katua.com.co\/wp-content\/uploads\/2025\/02\/img_1724-1.jpg\",\"width\":1333,\"height\":2000},{\"@type\":\"BreadcrumbList\",\"@id\":\"https:\/\/katua.com.co\/index.php\/producto\/falda-musa-globo-italiana\/#breadcrumb\",\"itemListElement\":[{\"@type\":\"ListItem\",\"position\":1,\"name\":\"Inicio\",\"item\":\"https:\/\/katua.com.co\/\"},{\"@type\":\"ListItem\",\"position\":2,\"name\":\"Shop\",\"item\":\"https:\/\/katua.com.co\/index.php\/shop\/\"},{\"@type\":\"ListItem\",\"position\":3,\"name\":\"Falda Musa Globo Italiana\"}]},{\"@type\":\"WebSite\",\"@id\":\"https:\/\/katua.com.co\/#website\",\"url\":\"https:\/\/katua.com.co\/\",\"name\":\"KATUA\",\"description\":\"Moda premium enfocada en ofrecer dise\u00f1os exclusivos de alta calidad!\",\"publisher\":{\"@id\":\"https:\/\/katua.com.co\/#organization\"},\"potentialAction\":[{\"@type\":\"SearchAction\",\"target\":{\"@type\":\"EntryPoint\",\"urlTemplate\":\"https:\/\/katua.com.co\/?s={search_term_string}\"},\"query-input\":{\"@type\":\"PropertyValueSpecification\",\"valueRequired\":true,\"valueName\":\"search_term_string\"}}],\"inLanguage\":\"es-CO\"},{\"@type\":\"Organization\",\"@id\":\"https:\/\/katua.com.co\/#organization\",\"name\":\"KATUA\",\"url\":\"https:\/\/katua.com.co\/\",\"logo\":{\"@type\":\"ImageObject\",\"inLanguage\":\"es-CO\",\"@id\":\"https:\/\/katua.com.co\/#\/schema\/logo\/image\/\",\"url\":\"https:\/\/i0.wp.com\/katua.com.co\/wp-content\/uploads\/2020\/07\/cropped-NUEVO-LOGO.png?fit=512%2C512&ssl=1\",\"contentUrl\":\"https:\/\/i0.wp.com\/katua.com.co\/wp-content\/uploads\/2020\/07\/cropped-NUEVO-LOGO.png?fit=512%2C512&ssl=1\",\"width\":512,\"height\":512,\"caption\":\"KATUA\"},\"image\":{\"@id\":\"https:\/\/katua.com.co\/#\/schema\/logo\/image\/\"},\"sameAs\":[\"https:\/\/www.facebook.com\/Katuastore\",\"https:\/\/www.tiktok.com\/@katua.co\",\"https:\/\/www.instagram.com\/katua.co\/\"]}]}<\/script>\n<!-- \/ Yoast SEO plugin. -->","yoast_head_json":{"title":"Falda Musa Globo Italiana | Katua","description":"Katua | \ud83c\udf4a Falda Musa Italia Naranja \u2013 Un toque vibrante y sofisticado La Falda Musa Italia en tonos naranjas est\u00e1 inspirada en la calidez y el encanto de la costa amalfitana. Confeccionada en 100% algod\u00f3n org\u00e1nico, su dise\u00f1o tipo globo crea un efecto estructurado pero ligero, perfecto para cualquier ocasi\u00f3n. Su cintura el\u00e1stica garantiza comodidad, mientras que el lazo decorativo a\u00f1ade un toque sutil y femenino. \u2728 Caracter\u00edsticas:\u2714\ufe0f Algod\u00f3n org\u00e1nico ligero y transpirable.\u2714\ufe0f Estampado exclusivo inspirado en Italia.\u2714\ufe0f Dise\u00f1o tipo globo con cintura el\u00e1stica y lazo decorativo. \ud83c\udf4a Ll\u00e9vala con la Blusa Musa Italia para un conjunto lleno de estilo y elegancia.","robots":{"index":"index","follow":"follow","max-snippet":"max-snippet:-1","max-image-preview":"max-image-preview:large","max-video-preview":"max-video-preview:-1"},"canonical":"https:\/\/katua.com.co\/index.php\/producto\/falda-musa-globo-italiana\/","og_locale":"es_ES","og_type":"article","og_title":"Falda Musa Globo Italiana | Katua","og_description":"Katua | \ud83c\udf4a Falda Musa Italia Naranja \u2013 Un toque vibrante y sofisticado La Falda Musa Italia en tonos naranjas est\u00e1 inspirada en la calidez y el encanto de la costa amalfitana. Confeccionada en 100% algod\u00f3n org\u00e1nico, su dise\u00f1o tipo globo crea un efecto estructurado pero ligero, perfecto para cualquier ocasi\u00f3n. Su cintura el\u00e1stica garantiza comodidad, mientras que el lazo decorativo a\u00f1ade un toque sutil y femenino. \u2728 Caracter\u00edsticas:\u2714\ufe0f Algod\u00f3n org\u00e1nico ligero y transpirable.\u2714\ufe0f Estampado exclusivo inspirado en Italia.\u2714\ufe0f Dise\u00f1o tipo globo con cintura el\u00e1stica y lazo decorativo. \ud83c\udf4a Ll\u00e9vala con la Blusa Musa Italia para un conjunto lleno de estilo y elegancia.","og_url":"https:\/\/katua.com.co\/index.php\/producto\/falda-musa-globo-italiana\/","og_site_name":"Katua","article_publisher":"https:\/\/www.facebook.com\/Katuastore","article_modified_time":"2026-03-31T22:19:57+00:00","og_image":[{"width":1333,"height":2000,"url":"https:\/\/katua.com.co\/wp-content\/uploads\/2025\/02\/img_1724-1.jpg","type":"image\/jpeg"}],"twitter_card":"summary_large_image","twitter_misc":{"Tiempo de lectura":"1 minuto"},"schema":{"@context":"https:\/\/schema.org","@graph":[{"@type":["WebPage","ItemPage"],"@id":"https:\/\/katua.com.co\/index.php\/producto\/falda-musa-globo-italiana\/","url":"https:\/\/katua.com.co\/index.php\/producto\/falda-musa-globo-italiana\/","name":"Falda Musa Globo Italiana | Katua","isPartOf":{"@id":"https:\/\/katua.com.co\/#website"},"primaryImageOfPage":{"@id":"https:\/\/katua.com.co\/index.php\/producto\/falda-musa-globo-italiana\/#primaryimage"},"image":{"@id":"https:\/\/katua.com.co\/index.php\/producto\/falda-musa-globo-italiana\/#primaryimage"},"thumbnailUrl":"https:\/\/katua.com.co\/wp-content\/uploads\/2025\/02\/img_1724-1.jpg","datePublished":"2025-03-01T20:54:45+00:00","dateModified":"2026-03-31T22:19:57+00:00","description":"Katua | \ud83c\udf4a Falda Musa Italia Naranja \u2013 Un toque vibrante y sofisticado La Falda Musa Italia en tonos naranjas est\u00e1 inspirada en la calidez y el encanto de la costa amalfitana. Confeccionada en 100% algod\u00f3n org\u00e1nico, su dise\u00f1o tipo globo crea un efecto estructurado pero ligero, perfecto para cualquier ocasi\u00f3n. Su cintura el\u00e1stica garantiza comodidad, mientras que el lazo decorativo a\u00f1ade un toque sutil y femenino. \u2728 Caracter\u00edsticas:\u2714\ufe0f Algod\u00f3n org\u00e1nico ligero y transpirable.\u2714\ufe0f Estampado exclusivo inspirado en Italia.\u2714\ufe0f Dise\u00f1o tipo globo con cintura el\u00e1stica y lazo decorativo. \ud83c\udf4a Ll\u00e9vala con la Blusa Musa Italia para un conjunto lleno de estilo y elegancia.","breadcrumb":{"@id":"https:\/\/katua.com.co\/index.php\/producto\/falda-musa-globo-italiana\/#breadcrumb"},"inLanguage":"es-CO","potentialAction":[{"@type":"ReadAction","target":["https:\/\/katua.com.co\/index.php\/producto\/falda-musa-globo-italiana\/"]}]},{"@type":"ImageObject","inLanguage":"es-CO","@id":"https:\/\/katua.com.co\/index.php\/producto\/falda-musa-globo-italiana\/#primaryimage","url":"https:\/\/katua.com.co\/wp-content\/uploads\/2025\/02\/img_1724-1.jpg","contentUrl":"https:\/\/katua.com.co\/wp-content\/uploads\/2025\/02\/img_1724-1.jpg","width":1333,"height":2000},{"@type":"BreadcrumbList","@id":"https:\/\/katua.com.co\/index.php\/producto\/falda-musa-globo-italiana\/#breadcrumb","itemListElement":[{"@type":"ListItem","position":1,"name":"Inicio","item":"https:\/\/katua.com.co\/"},{"@type":"ListItem","position":2,"name":"Shop","item":"https:\/\/katua.com.co\/index.php\/shop\/"},{"@type":"ListItem","position":3,"name":"Falda Musa Globo Italiana"}]},{"@type":"WebSite","@id":"https:\/\/katua.com.co\/#website","url":"https:\/\/katua.com.co\/","name":"KATUA","description":"Moda premium enfocada en ofrecer dise\u00f1os exclusivos de alta calidad!","publisher":{"@id":"https:\/\/katua.com.co\/#organization"},"potentialAction":[{"@type":"SearchAction","target":{"@type":"EntryPoint","urlTemplate":"https:\/\/katua.com.co\/?s={search_term_string}"},"query-input":{"@type":"PropertyValueSpecification","valueRequired":true,"valueName":"search_term_string"}}],"inLanguage":"es-CO"},{"@type":"Organization","@id":"https:\/\/katua.com.co\/#organization","name":"KATUA","url":"https:\/\/katua.com.co\/","logo":{"@type":"ImageObject","inLanguage":"es-CO","@id":"https:\/\/katua.com.co\/#\/schema\/logo\/image\/","url":"https:\/\/i0.wp.com\/katua.com.co\/wp-content\/uploads\/2020\/07\/cropped-NUEVO-LOGO.png?fit=512%2C512&ssl=1","contentUrl":"https:\/\/i0.wp.com\/katua.com.co\/wp-content\/uploads\/2020\/07\/cropped-NUEVO-LOGO.png?fit=512%2C512&ssl=1","width":512,"height":512,"caption":"KATUA"},"image":{"@id":"https:\/\/katua.com.co\/#\/schema\/logo\/image\/"},"sameAs":["https:\/\/www.facebook.com\/Katuastore","https:\/\/www.tiktok.com\/@katua.co","https:\/\/www.instagram.com\/katua.co\/"]}]}},"_links":{"self":[{"href":"https:\/\/katua.com.co\/index.php\/wp-json\/wp\/v2\/product\/6241","targetHints":{"allow":["GET"]}}],"collection":[{"href":"https:\/\/katua.com.co\/index.php\/wp-json\/wp\/v2\/product"}],"about":[{"href":"https:\/\/katua.com.co\/index.php\/wp-json\/wp\/v2\/types\/product"}],"replies":[{"embeddable":true,"href":"https:\/\/katua.com.co\/index.php\/wp-json\/wp\/v2\/comments?post=6241"}],"wp:featuredmedia":[{"embeddable":true,"href":"https:\/\/katua.com.co\/index.php\/wp-json\/wp\/v2\/media\/5854"}],"wp:attachment":[{"href":"https:\/\/katua.com.co\/index.php\/wp-json\/wp\/v2\/media?parent=6241"}],"wp:term":[{"taxonomy":"product_brand","embeddable":true,"href":"https:\/\/katua.com.co\/index.php\/wp-json\/wp\/v2\/product_brand?post=6241"},{"taxonomy":"product_cat","embeddable":true,"href":"https:\/\/katua.com.co\/index.php\/wp-json\/wp\/v2\/product_cat?post=6241"},{"taxonomy":"product_tag","embeddable":true,"href":"https:\/\/katua.com.co\/index.php\/wp-json\/wp\/v2\/product_tag?post=6241"},{"taxonomy":"giftcard-category","embeddable":true,"href":"https:\/\/katua.com.co\/index.php\/wp-json\/wp\/v2\/giftcard-category?post=6241"}],"curies":[{"name":"wp","href":"https:\/\/api.w.org\/{rel}","templated":true}]}}