{"id":6252,"date":"2025-03-01T16:07:34","date_gmt":"2025-03-01T21:07:34","guid":{"rendered":"https:\/\/katua.com.co\/?post_type=product&#038;p=6252"},"modified":"2026-02-20T18:23:43","modified_gmt":"2026-02-20T23:23:43","slug":"falda-musa-sea-azul","status":"publish","type":"product","link":"https:\/\/katua.com.co\/index.php\/producto\/falda-musa-sea-azul\/","title":{"rendered":"Falda Musa Sea Azul"},"content":{"rendered":"","protected":false},"excerpt":{"rendered":"<p data-start=\"0\" data-end=\"60\">\ud83c\udf0a <strong data-start=\"3\" data-end=\"58\">Falda Musa Sea Azul \u2013 Inspirada en la brisa del mar<\/strong><\/p>\n<p data-start=\"62\" data-end=\"433\">La <strong data-start=\"65\" data-end=\"83\">Falda Musa Sea<\/strong> en tonos azules evoca la serenidad de una ma\u00f1ana junto al mar. Confeccionada en <strong data-start=\"164\" data-end=\"197\">algod\u00f3n org\u00e1nico 100% natural<\/strong>, su dise\u00f1o tipo globo con cintura el\u00e1stica ofrece comodidad y un ajuste favorecedor, mientras que el <strong data-start=\"299\" data-end=\"322\">estampado exclusivo<\/strong> aporta un toque art\u00edstico y sofisticado. El lazo decorativo en la cintura a\u00f1ade un detalle femenino y sutil.<\/p>\n<p data-start=\"435\" data-end=\"631\">\u2728 <strong data-start=\"437\" data-end=\"457\">Caracter\u00edsticas:<\/strong><br data-start=\"457\" data-end=\"460\" \/>\u2714\ufe0f Algod\u00f3n org\u00e1nico, fresco y ligero.<br data-start=\"497\" data-end=\"500\" \/>\u2714\ufe0f Cintura con resorte para mayor comodidad.<br data-start=\"544\" data-end=\"547\" \/>\u2714\ufe0f Estampado inspirado en el oc\u00e9ano.<br data-start=\"583\" data-end=\"586\" \/>\u2714\ufe0f Dise\u00f1o tipo globo que realza la silueta.<\/p>\n<p data-start=\"633\" data-end=\"709\" data-is-last-node=\"\" data-is-only-node=\"\">\ud83c\udf0a <strong data-start=\"636\" data-end=\"709\" data-is-last-node=\"\">Comb\u00ednala con la Blusa Musa Sea Azul para un look fresco y armonioso.<\/strong><\/p>\n","protected":false},"featured_media":5750,"comment_status":"open","ping_status":"closed","template":"","meta":[],"product_brand":[],"product_cat":[74,71,53,54,57],"product_tag":[],"giftcard-category":[],"class_list":{"0":"post-6252","1":"product","2":"type-product","3":"status-publish","4":"has-post-thumbnail","6":"product_cat-costa-italiana","7":"product_cat-sets","8":"product_cat-faldas","9":"product_cat-fmini","10":"product_cat-beachresort","12":"first","13":"outofstock","14":"taxable","15":"shipping-taxable","16":"purchasable","17":"product-type-variable"},"yoast_head":"<!-- This site is optimized with the Yoast SEO plugin v27.0 - https:\/\/yoast.com\/product\/yoast-seo-wordpress\/ -->\n<title>Falda Musa Sea Azul | Katua<\/title>\n<meta name=\"description\" content=\"Katua | \ud83c\udf0a Falda Musa Sea Azul \u2013 Inspirada en la brisa del mar La Falda Musa Sea en tonos azules evoca la serenidad de una ma\u00f1ana junto al mar. Confeccionada en algod\u00f3n org\u00e1nico 100% natural, su dise\u00f1o tipo globo con cintura el\u00e1stica ofrece comodidad y un ajuste favorecedor, mientras que el estampado exclusivo aporta un toque art\u00edstico y sofisticado. El lazo decorativo en la cintura a\u00f1ade un detalle femenino y sutil. \u2728 Caracter\u00edsticas:\u2714\ufe0f Algod\u00f3n org\u00e1nico, fresco y ligero.\u2714\ufe0f Cintura con resorte para mayor comodidad.\u2714\ufe0f Estampado inspirado en el oc\u00e9ano.\u2714\ufe0f Dise\u00f1o tipo globo que realza la silueta. \ud83c\udf0a Comb\u00ednala con la Blusa Musa Sea Azul para un look fresco y armonioso.\" \/>\n<meta name=\"robots\" content=\"index, follow, max-snippet:-1, max-image-preview:large, max-video-preview:-1\" \/>\n<link rel=\"canonical\" href=\"https:\/\/katua.com.co\/index.php\/producto\/falda-musa-sea-azul\/\" \/>\n<meta property=\"og:locale\" content=\"es_ES\" \/>\n<meta property=\"og:type\" content=\"article\" \/>\n<meta property=\"og:title\" content=\"Falda Musa Sea Azul | Katua\" \/>\n<meta property=\"og:description\" content=\"Katua | \ud83c\udf0a Falda Musa Sea Azul \u2013 Inspirada en la brisa del mar La Falda Musa Sea en tonos azules evoca la serenidad de una ma\u00f1ana junto al mar. Confeccionada en algod\u00f3n org\u00e1nico 100% natural, su dise\u00f1o tipo globo con cintura el\u00e1stica ofrece comodidad y un ajuste favorecedor, mientras que el estampado exclusivo aporta un toque art\u00edstico y sofisticado. El lazo decorativo en la cintura a\u00f1ade un detalle femenino y sutil. \u2728 Caracter\u00edsticas:\u2714\ufe0f Algod\u00f3n org\u00e1nico, fresco y ligero.\u2714\ufe0f Cintura con resorte para mayor comodidad.\u2714\ufe0f Estampado inspirado en el oc\u00e9ano.\u2714\ufe0f Dise\u00f1o tipo globo que realza la silueta. \ud83c\udf0a Comb\u00ednala con la Blusa Musa Sea Azul para un look fresco y armonioso.\" \/>\n<meta property=\"og:url\" content=\"https:\/\/katua.com.co\/index.php\/producto\/falda-musa-sea-azul\/\" \/>\n<meta property=\"og:site_name\" content=\"Katua\" \/>\n<meta property=\"article:publisher\" content=\"https:\/\/www.facebook.com\/Katuastore\" \/>\n<meta property=\"article:modified_time\" content=\"2026-02-20T23:23:43+00:00\" \/>\n<meta property=\"og:image\" content=\"https:\/\/katua.com.co\/wp-content\/uploads\/2025\/02\/img_2128-1.jpg\" \/>\n\t<meta property=\"og:image:width\" content=\"1333\" \/>\n\t<meta property=\"og:image:height\" content=\"2000\" \/>\n\t<meta property=\"og:image:type\" content=\"image\/jpeg\" \/>\n<meta name=\"twitter:card\" content=\"summary_large_image\" \/>\n<meta name=\"twitter:label1\" content=\"Tiempo de lectura\" \/>\n\t<meta name=\"twitter:data1\" content=\"1 minuto\" \/>\n<script type=\"application\/ld+json\" class=\"yoast-schema-graph\">{\"@context\":\"https:\/\/schema.org\",\"@graph\":[{\"@type\":[\"WebPage\",\"ItemPage\"],\"@id\":\"https:\/\/katua.com.co\/index.php\/producto\/falda-musa-sea-azul\/\",\"url\":\"https:\/\/katua.com.co\/index.php\/producto\/falda-musa-sea-azul\/\",\"name\":\"Falda Musa Sea Azul | Katua\",\"isPartOf\":{\"@id\":\"https:\/\/katua.com.co\/#website\"},\"primaryImageOfPage\":{\"@id\":\"https:\/\/katua.com.co\/index.php\/producto\/falda-musa-sea-azul\/#primaryimage\"},\"image\":{\"@id\":\"https:\/\/katua.com.co\/index.php\/producto\/falda-musa-sea-azul\/#primaryimage\"},\"thumbnailUrl\":\"https:\/\/katua.com.co\/wp-content\/uploads\/2025\/02\/img_2128-1.jpg\",\"datePublished\":\"2025-03-01T21:07:34+00:00\",\"dateModified\":\"2026-02-20T23:23:43+00:00\",\"description\":\"Katua | \ud83c\udf0a Falda Musa Sea Azul \u2013 Inspirada en la brisa del mar La Falda Musa Sea en tonos azules evoca la serenidad de una ma\u00f1ana junto al mar. Confeccionada en algod\u00f3n org\u00e1nico 100% natural, su dise\u00f1o tipo globo con cintura el\u00e1stica ofrece comodidad y un ajuste favorecedor, mientras que el estampado exclusivo aporta un toque art\u00edstico y sofisticado. El lazo decorativo en la cintura a\u00f1ade un detalle femenino y sutil. \u2728 Caracter\u00edsticas:\u2714\ufe0f Algod\u00f3n org\u00e1nico, fresco y ligero.\u2714\ufe0f Cintura con resorte para mayor comodidad.\u2714\ufe0f Estampado inspirado en el oc\u00e9ano.\u2714\ufe0f Dise\u00f1o tipo globo que realza la silueta. \ud83c\udf0a Comb\u00ednala con la Blusa Musa Sea Azul para un look fresco y armonioso.\",\"breadcrumb\":{\"@id\":\"https:\/\/katua.com.co\/index.php\/producto\/falda-musa-sea-azul\/#breadcrumb\"},\"inLanguage\":\"es-CO\",\"potentialAction\":[{\"@type\":\"ReadAction\",\"target\":[\"https:\/\/katua.com.co\/index.php\/producto\/falda-musa-sea-azul\/\"]}]},{\"@type\":\"ImageObject\",\"inLanguage\":\"es-CO\",\"@id\":\"https:\/\/katua.com.co\/index.php\/producto\/falda-musa-sea-azul\/#primaryimage\",\"url\":\"https:\/\/katua.com.co\/wp-content\/uploads\/2025\/02\/img_2128-1.jpg\",\"contentUrl\":\"https:\/\/katua.com.co\/wp-content\/uploads\/2025\/02\/img_2128-1.jpg\",\"width\":1333,\"height\":2000},{\"@type\":\"BreadcrumbList\",\"@id\":\"https:\/\/katua.com.co\/index.php\/producto\/falda-musa-sea-azul\/#breadcrumb\",\"itemListElement\":[{\"@type\":\"ListItem\",\"position\":1,\"name\":\"Inicio\",\"item\":\"https:\/\/katua.com.co\/\"},{\"@type\":\"ListItem\",\"position\":2,\"name\":\"Shop\",\"item\":\"https:\/\/katua.com.co\/index.php\/shop\/\"},{\"@type\":\"ListItem\",\"position\":3,\"name\":\"Falda Musa Sea Azul\"}]},{\"@type\":\"WebSite\",\"@id\":\"https:\/\/katua.com.co\/#website\",\"url\":\"https:\/\/katua.com.co\/\",\"name\":\"KATUA\",\"description\":\"Moda premium enfocada en ofrecer dise\u00f1os exclusivos de alta calidad!\",\"publisher\":{\"@id\":\"https:\/\/katua.com.co\/#organization\"},\"potentialAction\":[{\"@type\":\"SearchAction\",\"target\":{\"@type\":\"EntryPoint\",\"urlTemplate\":\"https:\/\/katua.com.co\/?s={search_term_string}\"},\"query-input\":{\"@type\":\"PropertyValueSpecification\",\"valueRequired\":true,\"valueName\":\"search_term_string\"}}],\"inLanguage\":\"es-CO\"},{\"@type\":\"Organization\",\"@id\":\"https:\/\/katua.com.co\/#organization\",\"name\":\"KATUA\",\"url\":\"https:\/\/katua.com.co\/\",\"logo\":{\"@type\":\"ImageObject\",\"inLanguage\":\"es-CO\",\"@id\":\"https:\/\/katua.com.co\/#\/schema\/logo\/image\/\",\"url\":\"https:\/\/i0.wp.com\/katua.com.co\/wp-content\/uploads\/2020\/07\/cropped-NUEVO-LOGO.png?fit=512%2C512&ssl=1\",\"contentUrl\":\"https:\/\/i0.wp.com\/katua.com.co\/wp-content\/uploads\/2020\/07\/cropped-NUEVO-LOGO.png?fit=512%2C512&ssl=1\",\"width\":512,\"height\":512,\"caption\":\"KATUA\"},\"image\":{\"@id\":\"https:\/\/katua.com.co\/#\/schema\/logo\/image\/\"},\"sameAs\":[\"https:\/\/www.facebook.com\/Katuastore\",\"https:\/\/www.tiktok.com\/@katua.co\",\"https:\/\/www.instagram.com\/katua.co\/\"]}]}<\/script>\n<!-- \/ Yoast SEO plugin. -->","yoast_head_json":{"title":"Falda Musa Sea Azul | Katua","description":"Katua | \ud83c\udf0a Falda Musa Sea Azul \u2013 Inspirada en la brisa del mar La Falda Musa Sea en tonos azules evoca la serenidad de una ma\u00f1ana junto al mar. Confeccionada en algod\u00f3n org\u00e1nico 100% natural, su dise\u00f1o tipo globo con cintura el\u00e1stica ofrece comodidad y un ajuste favorecedor, mientras que el estampado exclusivo aporta un toque art\u00edstico y sofisticado. El lazo decorativo en la cintura a\u00f1ade un detalle femenino y sutil. \u2728 Caracter\u00edsticas:\u2714\ufe0f Algod\u00f3n org\u00e1nico, fresco y ligero.\u2714\ufe0f Cintura con resorte para mayor comodidad.\u2714\ufe0f Estampado inspirado en el oc\u00e9ano.\u2714\ufe0f Dise\u00f1o tipo globo que realza la silueta. \ud83c\udf0a Comb\u00ednala con la Blusa Musa Sea Azul para un look fresco y armonioso.","robots":{"index":"index","follow":"follow","max-snippet":"max-snippet:-1","max-image-preview":"max-image-preview:large","max-video-preview":"max-video-preview:-1"},"canonical":"https:\/\/katua.com.co\/index.php\/producto\/falda-musa-sea-azul\/","og_locale":"es_ES","og_type":"article","og_title":"Falda Musa Sea Azul | Katua","og_description":"Katua | \ud83c\udf0a Falda Musa Sea Azul \u2013 Inspirada en la brisa del mar La Falda Musa Sea en tonos azules evoca la serenidad de una ma\u00f1ana junto al mar. Confeccionada en algod\u00f3n org\u00e1nico 100% natural, su dise\u00f1o tipo globo con cintura el\u00e1stica ofrece comodidad y un ajuste favorecedor, mientras que el estampado exclusivo aporta un toque art\u00edstico y sofisticado. El lazo decorativo en la cintura a\u00f1ade un detalle femenino y sutil. \u2728 Caracter\u00edsticas:\u2714\ufe0f Algod\u00f3n org\u00e1nico, fresco y ligero.\u2714\ufe0f Cintura con resorte para mayor comodidad.\u2714\ufe0f Estampado inspirado en el oc\u00e9ano.\u2714\ufe0f Dise\u00f1o tipo globo que realza la silueta. \ud83c\udf0a Comb\u00ednala con la Blusa Musa Sea Azul para un look fresco y armonioso.","og_url":"https:\/\/katua.com.co\/index.php\/producto\/falda-musa-sea-azul\/","og_site_name":"Katua","article_publisher":"https:\/\/www.facebook.com\/Katuastore","article_modified_time":"2026-02-20T23:23:43+00:00","og_image":[{"width":1333,"height":2000,"url":"https:\/\/katua.com.co\/wp-content\/uploads\/2025\/02\/img_2128-1.jpg","type":"image\/jpeg"}],"twitter_card":"summary_large_image","twitter_misc":{"Tiempo de lectura":"1 minuto"},"schema":{"@context":"https:\/\/schema.org","@graph":[{"@type":["WebPage","ItemPage"],"@id":"https:\/\/katua.com.co\/index.php\/producto\/falda-musa-sea-azul\/","url":"https:\/\/katua.com.co\/index.php\/producto\/falda-musa-sea-azul\/","name":"Falda Musa Sea Azul | Katua","isPartOf":{"@id":"https:\/\/katua.com.co\/#website"},"primaryImageOfPage":{"@id":"https:\/\/katua.com.co\/index.php\/producto\/falda-musa-sea-azul\/#primaryimage"},"image":{"@id":"https:\/\/katua.com.co\/index.php\/producto\/falda-musa-sea-azul\/#primaryimage"},"thumbnailUrl":"https:\/\/katua.com.co\/wp-content\/uploads\/2025\/02\/img_2128-1.jpg","datePublished":"2025-03-01T21:07:34+00:00","dateModified":"2026-02-20T23:23:43+00:00","description":"Katua | \ud83c\udf0a Falda Musa Sea Azul \u2013 Inspirada en la brisa del mar La Falda Musa Sea en tonos azules evoca la serenidad de una ma\u00f1ana junto al mar. Confeccionada en algod\u00f3n org\u00e1nico 100% natural, su dise\u00f1o tipo globo con cintura el\u00e1stica ofrece comodidad y un ajuste favorecedor, mientras que el estampado exclusivo aporta un toque art\u00edstico y sofisticado. El lazo decorativo en la cintura a\u00f1ade un detalle femenino y sutil. \u2728 Caracter\u00edsticas:\u2714\ufe0f Algod\u00f3n org\u00e1nico, fresco y ligero.\u2714\ufe0f Cintura con resorte para mayor comodidad.\u2714\ufe0f Estampado inspirado en el oc\u00e9ano.\u2714\ufe0f Dise\u00f1o tipo globo que realza la silueta. \ud83c\udf0a Comb\u00ednala con la Blusa Musa Sea Azul para un look fresco y armonioso.","breadcrumb":{"@id":"https:\/\/katua.com.co\/index.php\/producto\/falda-musa-sea-azul\/#breadcrumb"},"inLanguage":"es-CO","potentialAction":[{"@type":"ReadAction","target":["https:\/\/katua.com.co\/index.php\/producto\/falda-musa-sea-azul\/"]}]},{"@type":"ImageObject","inLanguage":"es-CO","@id":"https:\/\/katua.com.co\/index.php\/producto\/falda-musa-sea-azul\/#primaryimage","url":"https:\/\/katua.com.co\/wp-content\/uploads\/2025\/02\/img_2128-1.jpg","contentUrl":"https:\/\/katua.com.co\/wp-content\/uploads\/2025\/02\/img_2128-1.jpg","width":1333,"height":2000},{"@type":"BreadcrumbList","@id":"https:\/\/katua.com.co\/index.php\/producto\/falda-musa-sea-azul\/#breadcrumb","itemListElement":[{"@type":"ListItem","position":1,"name":"Inicio","item":"https:\/\/katua.com.co\/"},{"@type":"ListItem","position":2,"name":"Shop","item":"https:\/\/katua.com.co\/index.php\/shop\/"},{"@type":"ListItem","position":3,"name":"Falda Musa Sea Azul"}]},{"@type":"WebSite","@id":"https:\/\/katua.com.co\/#website","url":"https:\/\/katua.com.co\/","name":"KATUA","description":"Moda premium enfocada en ofrecer dise\u00f1os exclusivos de alta calidad!","publisher":{"@id":"https:\/\/katua.com.co\/#organization"},"potentialAction":[{"@type":"SearchAction","target":{"@type":"EntryPoint","urlTemplate":"https:\/\/katua.com.co\/?s={search_term_string}"},"query-input":{"@type":"PropertyValueSpecification","valueRequired":true,"valueName":"search_term_string"}}],"inLanguage":"es-CO"},{"@type":"Organization","@id":"https:\/\/katua.com.co\/#organization","name":"KATUA","url":"https:\/\/katua.com.co\/","logo":{"@type":"ImageObject","inLanguage":"es-CO","@id":"https:\/\/katua.com.co\/#\/schema\/logo\/image\/","url":"https:\/\/i0.wp.com\/katua.com.co\/wp-content\/uploads\/2020\/07\/cropped-NUEVO-LOGO.png?fit=512%2C512&ssl=1","contentUrl":"https:\/\/i0.wp.com\/katua.com.co\/wp-content\/uploads\/2020\/07\/cropped-NUEVO-LOGO.png?fit=512%2C512&ssl=1","width":512,"height":512,"caption":"KATUA"},"image":{"@id":"https:\/\/katua.com.co\/#\/schema\/logo\/image\/"},"sameAs":["https:\/\/www.facebook.com\/Katuastore","https:\/\/www.tiktok.com\/@katua.co","https:\/\/www.instagram.com\/katua.co\/"]}]}},"_links":{"self":[{"href":"https:\/\/katua.com.co\/index.php\/wp-json\/wp\/v2\/product\/6252","targetHints":{"allow":["GET"]}}],"collection":[{"href":"https:\/\/katua.com.co\/index.php\/wp-json\/wp\/v2\/product"}],"about":[{"href":"https:\/\/katua.com.co\/index.php\/wp-json\/wp\/v2\/types\/product"}],"replies":[{"embeddable":true,"href":"https:\/\/katua.com.co\/index.php\/wp-json\/wp\/v2\/comments?post=6252"}],"wp:featuredmedia":[{"embeddable":true,"href":"https:\/\/katua.com.co\/index.php\/wp-json\/wp\/v2\/media\/5750"}],"wp:attachment":[{"href":"https:\/\/katua.com.co\/index.php\/wp-json\/wp\/v2\/media?parent=6252"}],"wp:term":[{"taxonomy":"product_brand","embeddable":true,"href":"https:\/\/katua.com.co\/index.php\/wp-json\/wp\/v2\/product_brand?post=6252"},{"taxonomy":"product_cat","embeddable":true,"href":"https:\/\/katua.com.co\/index.php\/wp-json\/wp\/v2\/product_cat?post=6252"},{"taxonomy":"product_tag","embeddable":true,"href":"https:\/\/katua.com.co\/index.php\/wp-json\/wp\/v2\/product_tag?post=6252"},{"taxonomy":"giftcard-category","embeddable":true,"href":"https:\/\/katua.com.co\/index.php\/wp-json\/wp\/v2\/giftcard-category?post=6252"}],"curies":[{"name":"wp","href":"https:\/\/api.w.org\/{rel}","templated":true}]}}