{"id":6269,"date":"2025-03-01T16:26:59","date_gmt":"2025-03-01T21:26:59","guid":{"rendered":"https:\/\/katua.com.co\/?post_type=product&#038;p=6269"},"modified":"2026-01-14T18:52:38","modified_gmt":"2026-01-14T23:52:38","slug":"vestido-coast-vibes-amalfi","status":"publish","type":"product","link":"https:\/\/katua.com.co\/index.php\/producto\/vestido-coast-vibes-amalfi\/","title":{"rendered":"Vestido Coast Vibes Amalfi"},"content":{"rendered":"","protected":false},"excerpt":{"rendered":"<p data-start=\"0\" data-end=\"75\">\ud83c\udf3f\u2728 <strong data-start=\"4\" data-end=\"73\">Vestido Coast Vibes Amalfi \u2013 Un susurro de Italia en cada detalle<\/strong><\/p>\n<p data-start=\"77\" data-end=\"380\">El <strong data-start=\"80\" data-end=\"110\">Vestido Coast Vibes Amalfi<\/strong> es una oda a la belleza y frescura de la costa italiana. Confeccionado en <strong data-start=\"185\" data-end=\"218\">algod\u00f3n org\u00e1nico 100% natural<\/strong>, su suavidad y ligereza lo hacen perfecto para los d\u00edas soleados. Su escote en V con delicados boleros enmarca la silueta con un toque rom\u00e1ntico y sofisticado.<\/p>\n<p data-start=\"382\" data-end=\"579\">El <strong data-start=\"385\" data-end=\"415\">estampado exclusivo Amalfi<\/strong>, en tonos verdes y amarillos, evoca la esencia del Mediterr\u00e1neo con detalles de frutas inspiradas en el limoncello, transport\u00e1ndote a un verano eterno en Italia.<\/p>\n<p data-start=\"581\" data-end=\"813\">\ud83c\udf4b <strong data-start=\"584\" data-end=\"604\">Caracter\u00edsticas:<\/strong><br data-start=\"604\" data-end=\"607\" \/>\u2714\ufe0f Algod\u00f3n org\u00e1nico, fresco y ligero.<br data-start=\"644\" data-end=\"647\" \/>\u2714\ufe0f Estampado exclusivo inspirado en la costa italiana.<br data-start=\"701\" data-end=\"704\" data-is-only-node=\"\" \/>\u2714\ufe0f Escote en V con boleros para un toque femenino.<br data-start=\"754\" data-end=\"757\" \/>\u2714\ufe0f Un dise\u00f1o fluido y elegante para cualquier ocasi\u00f3n.<\/p>\n<p data-start=\"815\" data-end=\"906\" data-is-last-node=\"\" data-is-only-node=\"\">Un vestido dise\u00f1ado para resaltar tu esencia natural con la frescura del Mediterr\u00e1neo. \u2600\ufe0f\ud83c\udf3f<\/p>\n","protected":false},"featured_media":5833,"comment_status":"open","ping_status":"closed","template":"","meta":[],"product_brand":[],"product_cat":[74,47,49,57],"product_tag":[],"giftcard-category":[],"class_list":{"0":"post-6269","1":"product","2":"type-product","3":"status-publish","4":"has-post-thumbnail","6":"product_cat-costa-italiana","7":"product_cat-vestidos","8":"product_cat-vlargos","9":"product_cat-beachresort","11":"first","12":"instock","13":"taxable","14":"shipping-taxable","15":"purchasable","16":"product-type-variable"},"yoast_head":"<!-- This site is optimized with the Yoast SEO plugin v27.0 - https:\/\/yoast.com\/product\/yoast-seo-wordpress\/ -->\n<title>Vestido Coast Vibes Amalfi | Katua<\/title>\n<meta name=\"description\" content=\"Katua | \ud83c\udf3f\u2728 Vestido Coast Vibes Amalfi \u2013 Un susurro de Italia en cada detalle El Vestido Coast Vibes Amalfi es una oda a la belleza y frescura de la costa italiana. Confeccionado en algod\u00f3n org\u00e1nico 100% natural, su suavidad y ligereza lo hacen perfecto para los d\u00edas soleados. Su escote en V con delicados boleros enmarca la silueta con un toque rom\u00e1ntico y sofisticado. El estampado exclusivo Amalfi, en tonos verdes y amarillos, evoca la esencia del Mediterr\u00e1neo con detalles de frutas inspiradas en el limoncello, transport\u00e1ndote a un verano eterno en Italia. \ud83c\udf4b Caracter\u00edsticas:\u2714\ufe0f Algod\u00f3n org\u00e1nico, fresco y ligero.\u2714\ufe0f Estampado exclusivo inspirado en la costa italiana.\u2714\ufe0f Escote en V con boleros para un toque femenino.\u2714\ufe0f Un dise\u00f1o fluido y elegante para cualquier ocasi\u00f3n. Un vestido dise\u00f1ado para resaltar tu esencia natural con la frescura del Mediterr\u00e1neo. \u2600\ufe0f\ud83c\udf3f\" \/>\n<meta name=\"robots\" content=\"index, follow, max-snippet:-1, max-image-preview:large, max-video-preview:-1\" \/>\n<link rel=\"canonical\" href=\"https:\/\/katua.com.co\/index.php\/producto\/vestido-coast-vibes-amalfi\/\" \/>\n<meta property=\"og:locale\" content=\"es_ES\" \/>\n<meta property=\"og:type\" content=\"article\" \/>\n<meta property=\"og:title\" content=\"Vestido Coast Vibes Amalfi | Katua\" \/>\n<meta property=\"og:description\" content=\"Katua | \ud83c\udf3f\u2728 Vestido Coast Vibes Amalfi \u2013 Un susurro de Italia en cada detalle El Vestido Coast Vibes Amalfi es una oda a la belleza y frescura de la costa italiana. Confeccionado en algod\u00f3n org\u00e1nico 100% natural, su suavidad y ligereza lo hacen perfecto para los d\u00edas soleados. Su escote en V con delicados boleros enmarca la silueta con un toque rom\u00e1ntico y sofisticado. El estampado exclusivo Amalfi, en tonos verdes y amarillos, evoca la esencia del Mediterr\u00e1neo con detalles de frutas inspiradas en el limoncello, transport\u00e1ndote a un verano eterno en Italia. \ud83c\udf4b Caracter\u00edsticas:\u2714\ufe0f Algod\u00f3n org\u00e1nico, fresco y ligero.\u2714\ufe0f Estampado exclusivo inspirado en la costa italiana.\u2714\ufe0f Escote en V con boleros para un toque femenino.\u2714\ufe0f Un dise\u00f1o fluido y elegante para cualquier ocasi\u00f3n. Un vestido dise\u00f1ado para resaltar tu esencia natural con la frescura del Mediterr\u00e1neo. \u2600\ufe0f\ud83c\udf3f\" \/>\n<meta property=\"og:url\" content=\"https:\/\/katua.com.co\/index.php\/producto\/vestido-coast-vibes-amalfi\/\" \/>\n<meta property=\"og:site_name\" content=\"Katua\" \/>\n<meta property=\"article:publisher\" content=\"https:\/\/www.facebook.com\/Katuastore\" \/>\n<meta property=\"article:modified_time\" content=\"2026-01-14T23:52:38+00:00\" \/>\n<meta property=\"og:image\" content=\"https:\/\/katua.com.co\/wp-content\/uploads\/2025\/02\/img_1581-1.jpg\" \/>\n\t<meta property=\"og:image:width\" content=\"1333\" \/>\n\t<meta property=\"og:image:height\" content=\"2000\" \/>\n\t<meta property=\"og:image:type\" content=\"image\/jpeg\" \/>\n<meta name=\"twitter:card\" content=\"summary_large_image\" \/>\n<meta name=\"twitter:label1\" content=\"Tiempo de lectura\" \/>\n\t<meta name=\"twitter:data1\" content=\"1 minuto\" \/>\n<script type=\"application\/ld+json\" class=\"yoast-schema-graph\">{\"@context\":\"https:\/\/schema.org\",\"@graph\":[{\"@type\":[\"WebPage\",\"ItemPage\"],\"@id\":\"https:\/\/katua.com.co\/index.php\/producto\/vestido-coast-vibes-amalfi\/\",\"url\":\"https:\/\/katua.com.co\/index.php\/producto\/vestido-coast-vibes-amalfi\/\",\"name\":\"Vestido Coast Vibes Amalfi | Katua\",\"isPartOf\":{\"@id\":\"https:\/\/katua.com.co\/#website\"},\"primaryImageOfPage\":{\"@id\":\"https:\/\/katua.com.co\/index.php\/producto\/vestido-coast-vibes-amalfi\/#primaryimage\"},\"image\":{\"@id\":\"https:\/\/katua.com.co\/index.php\/producto\/vestido-coast-vibes-amalfi\/#primaryimage\"},\"thumbnailUrl\":\"https:\/\/katua.com.co\/wp-content\/uploads\/2025\/02\/img_1581-1.jpg\",\"datePublished\":\"2025-03-01T21:26:59+00:00\",\"dateModified\":\"2026-01-14T23:52:38+00:00\",\"description\":\"Katua | \ud83c\udf3f\u2728 Vestido Coast Vibes Amalfi \u2013 Un susurro de Italia en cada detalle El Vestido Coast Vibes Amalfi es una oda a la belleza y frescura de la costa italiana. Confeccionado en algod\u00f3n org\u00e1nico 100% natural, su suavidad y ligereza lo hacen perfecto para los d\u00edas soleados. Su escote en V con delicados boleros enmarca la silueta con un toque rom\u00e1ntico y sofisticado. El estampado exclusivo Amalfi, en tonos verdes y amarillos, evoca la esencia del Mediterr\u00e1neo con detalles de frutas inspiradas en el limoncello, transport\u00e1ndote a un verano eterno en Italia. \ud83c\udf4b Caracter\u00edsticas:\u2714\ufe0f Algod\u00f3n org\u00e1nico, fresco y ligero.\u2714\ufe0f Estampado exclusivo inspirado en la costa italiana.\u2714\ufe0f Escote en V con boleros para un toque femenino.\u2714\ufe0f Un dise\u00f1o fluido y elegante para cualquier ocasi\u00f3n. Un vestido dise\u00f1ado para resaltar tu esencia natural con la frescura del Mediterr\u00e1neo. \u2600\ufe0f\ud83c\udf3f\",\"breadcrumb\":{\"@id\":\"https:\/\/katua.com.co\/index.php\/producto\/vestido-coast-vibes-amalfi\/#breadcrumb\"},\"inLanguage\":\"es-CO\",\"potentialAction\":[{\"@type\":\"ReadAction\",\"target\":[\"https:\/\/katua.com.co\/index.php\/producto\/vestido-coast-vibes-amalfi\/\"]}]},{\"@type\":\"ImageObject\",\"inLanguage\":\"es-CO\",\"@id\":\"https:\/\/katua.com.co\/index.php\/producto\/vestido-coast-vibes-amalfi\/#primaryimage\",\"url\":\"https:\/\/katua.com.co\/wp-content\/uploads\/2025\/02\/img_1581-1.jpg\",\"contentUrl\":\"https:\/\/katua.com.co\/wp-content\/uploads\/2025\/02\/img_1581-1.jpg\",\"width\":1333,\"height\":2000},{\"@type\":\"BreadcrumbList\",\"@id\":\"https:\/\/katua.com.co\/index.php\/producto\/vestido-coast-vibes-amalfi\/#breadcrumb\",\"itemListElement\":[{\"@type\":\"ListItem\",\"position\":1,\"name\":\"Inicio\",\"item\":\"https:\/\/katua.com.co\/\"},{\"@type\":\"ListItem\",\"position\":2,\"name\":\"Shop\",\"item\":\"https:\/\/katua.com.co\/index.php\/shop\/\"},{\"@type\":\"ListItem\",\"position\":3,\"name\":\"Vestido Coast Vibes Amalfi\"}]},{\"@type\":\"WebSite\",\"@id\":\"https:\/\/katua.com.co\/#website\",\"url\":\"https:\/\/katua.com.co\/\",\"name\":\"KATUA\",\"description\":\"Moda premium enfocada en ofrecer dise\u00f1os exclusivos de alta calidad!\",\"publisher\":{\"@id\":\"https:\/\/katua.com.co\/#organization\"},\"potentialAction\":[{\"@type\":\"SearchAction\",\"target\":{\"@type\":\"EntryPoint\",\"urlTemplate\":\"https:\/\/katua.com.co\/?s={search_term_string}\"},\"query-input\":{\"@type\":\"PropertyValueSpecification\",\"valueRequired\":true,\"valueName\":\"search_term_string\"}}],\"inLanguage\":\"es-CO\"},{\"@type\":\"Organization\",\"@id\":\"https:\/\/katua.com.co\/#organization\",\"name\":\"KATUA\",\"url\":\"https:\/\/katua.com.co\/\",\"logo\":{\"@type\":\"ImageObject\",\"inLanguage\":\"es-CO\",\"@id\":\"https:\/\/katua.com.co\/#\/schema\/logo\/image\/\",\"url\":\"https:\/\/i0.wp.com\/katua.com.co\/wp-content\/uploads\/2020\/07\/cropped-NUEVO-LOGO.png?fit=512%2C512&ssl=1\",\"contentUrl\":\"https:\/\/i0.wp.com\/katua.com.co\/wp-content\/uploads\/2020\/07\/cropped-NUEVO-LOGO.png?fit=512%2C512&ssl=1\",\"width\":512,\"height\":512,\"caption\":\"KATUA\"},\"image\":{\"@id\":\"https:\/\/katua.com.co\/#\/schema\/logo\/image\/\"},\"sameAs\":[\"https:\/\/www.facebook.com\/Katuastore\",\"https:\/\/www.tiktok.com\/@katua.co\",\"https:\/\/www.instagram.com\/katua.co\/\"]}]}<\/script>\n<!-- \/ Yoast SEO plugin. -->","yoast_head_json":{"title":"Vestido Coast Vibes Amalfi | Katua","description":"Katua | \ud83c\udf3f\u2728 Vestido Coast Vibes Amalfi \u2013 Un susurro de Italia en cada detalle El Vestido Coast Vibes Amalfi es una oda a la belleza y frescura de la costa italiana. Confeccionado en algod\u00f3n org\u00e1nico 100% natural, su suavidad y ligereza lo hacen perfecto para los d\u00edas soleados. Su escote en V con delicados boleros enmarca la silueta con un toque rom\u00e1ntico y sofisticado. El estampado exclusivo Amalfi, en tonos verdes y amarillos, evoca la esencia del Mediterr\u00e1neo con detalles de frutas inspiradas en el limoncello, transport\u00e1ndote a un verano eterno en Italia. \ud83c\udf4b Caracter\u00edsticas:\u2714\ufe0f Algod\u00f3n org\u00e1nico, fresco y ligero.\u2714\ufe0f Estampado exclusivo inspirado en la costa italiana.\u2714\ufe0f Escote en V con boleros para un toque femenino.\u2714\ufe0f Un dise\u00f1o fluido y elegante para cualquier ocasi\u00f3n. Un vestido dise\u00f1ado para resaltar tu esencia natural con la frescura del Mediterr\u00e1neo. \u2600\ufe0f\ud83c\udf3f","robots":{"index":"index","follow":"follow","max-snippet":"max-snippet:-1","max-image-preview":"max-image-preview:large","max-video-preview":"max-video-preview:-1"},"canonical":"https:\/\/katua.com.co\/index.php\/producto\/vestido-coast-vibes-amalfi\/","og_locale":"es_ES","og_type":"article","og_title":"Vestido Coast Vibes Amalfi | Katua","og_description":"Katua | \ud83c\udf3f\u2728 Vestido Coast Vibes Amalfi \u2013 Un susurro de Italia en cada detalle El Vestido Coast Vibes Amalfi es una oda a la belleza y frescura de la costa italiana. Confeccionado en algod\u00f3n org\u00e1nico 100% natural, su suavidad y ligereza lo hacen perfecto para los d\u00edas soleados. Su escote en V con delicados boleros enmarca la silueta con un toque rom\u00e1ntico y sofisticado. El estampado exclusivo Amalfi, en tonos verdes y amarillos, evoca la esencia del Mediterr\u00e1neo con detalles de frutas inspiradas en el limoncello, transport\u00e1ndote a un verano eterno en Italia. \ud83c\udf4b Caracter\u00edsticas:\u2714\ufe0f Algod\u00f3n org\u00e1nico, fresco y ligero.\u2714\ufe0f Estampado exclusivo inspirado en la costa italiana.\u2714\ufe0f Escote en V con boleros para un toque femenino.\u2714\ufe0f Un dise\u00f1o fluido y elegante para cualquier ocasi\u00f3n. Un vestido dise\u00f1ado para resaltar tu esencia natural con la frescura del Mediterr\u00e1neo. \u2600\ufe0f\ud83c\udf3f","og_url":"https:\/\/katua.com.co\/index.php\/producto\/vestido-coast-vibes-amalfi\/","og_site_name":"Katua","article_publisher":"https:\/\/www.facebook.com\/Katuastore","article_modified_time":"2026-01-14T23:52:38+00:00","og_image":[{"width":1333,"height":2000,"url":"https:\/\/katua.com.co\/wp-content\/uploads\/2025\/02\/img_1581-1.jpg","type":"image\/jpeg"}],"twitter_card":"summary_large_image","twitter_misc":{"Tiempo de lectura":"1 minuto"},"schema":{"@context":"https:\/\/schema.org","@graph":[{"@type":["WebPage","ItemPage"],"@id":"https:\/\/katua.com.co\/index.php\/producto\/vestido-coast-vibes-amalfi\/","url":"https:\/\/katua.com.co\/index.php\/producto\/vestido-coast-vibes-amalfi\/","name":"Vestido Coast Vibes Amalfi | Katua","isPartOf":{"@id":"https:\/\/katua.com.co\/#website"},"primaryImageOfPage":{"@id":"https:\/\/katua.com.co\/index.php\/producto\/vestido-coast-vibes-amalfi\/#primaryimage"},"image":{"@id":"https:\/\/katua.com.co\/index.php\/producto\/vestido-coast-vibes-amalfi\/#primaryimage"},"thumbnailUrl":"https:\/\/katua.com.co\/wp-content\/uploads\/2025\/02\/img_1581-1.jpg","datePublished":"2025-03-01T21:26:59+00:00","dateModified":"2026-01-14T23:52:38+00:00","description":"Katua | \ud83c\udf3f\u2728 Vestido Coast Vibes Amalfi \u2013 Un susurro de Italia en cada detalle El Vestido Coast Vibes Amalfi es una oda a la belleza y frescura de la costa italiana. Confeccionado en algod\u00f3n org\u00e1nico 100% natural, su suavidad y ligereza lo hacen perfecto para los d\u00edas soleados. Su escote en V con delicados boleros enmarca la silueta con un toque rom\u00e1ntico y sofisticado. El estampado exclusivo Amalfi, en tonos verdes y amarillos, evoca la esencia del Mediterr\u00e1neo con detalles de frutas inspiradas en el limoncello, transport\u00e1ndote a un verano eterno en Italia. \ud83c\udf4b Caracter\u00edsticas:\u2714\ufe0f Algod\u00f3n org\u00e1nico, fresco y ligero.\u2714\ufe0f Estampado exclusivo inspirado en la costa italiana.\u2714\ufe0f Escote en V con boleros para un toque femenino.\u2714\ufe0f Un dise\u00f1o fluido y elegante para cualquier ocasi\u00f3n. Un vestido dise\u00f1ado para resaltar tu esencia natural con la frescura del Mediterr\u00e1neo. \u2600\ufe0f\ud83c\udf3f","breadcrumb":{"@id":"https:\/\/katua.com.co\/index.php\/producto\/vestido-coast-vibes-amalfi\/#breadcrumb"},"inLanguage":"es-CO","potentialAction":[{"@type":"ReadAction","target":["https:\/\/katua.com.co\/index.php\/producto\/vestido-coast-vibes-amalfi\/"]}]},{"@type":"ImageObject","inLanguage":"es-CO","@id":"https:\/\/katua.com.co\/index.php\/producto\/vestido-coast-vibes-amalfi\/#primaryimage","url":"https:\/\/katua.com.co\/wp-content\/uploads\/2025\/02\/img_1581-1.jpg","contentUrl":"https:\/\/katua.com.co\/wp-content\/uploads\/2025\/02\/img_1581-1.jpg","width":1333,"height":2000},{"@type":"BreadcrumbList","@id":"https:\/\/katua.com.co\/index.php\/producto\/vestido-coast-vibes-amalfi\/#breadcrumb","itemListElement":[{"@type":"ListItem","position":1,"name":"Inicio","item":"https:\/\/katua.com.co\/"},{"@type":"ListItem","position":2,"name":"Shop","item":"https:\/\/katua.com.co\/index.php\/shop\/"},{"@type":"ListItem","position":3,"name":"Vestido Coast Vibes Amalfi"}]},{"@type":"WebSite","@id":"https:\/\/katua.com.co\/#website","url":"https:\/\/katua.com.co\/","name":"KATUA","description":"Moda premium enfocada en ofrecer dise\u00f1os exclusivos de alta calidad!","publisher":{"@id":"https:\/\/katua.com.co\/#organization"},"potentialAction":[{"@type":"SearchAction","target":{"@type":"EntryPoint","urlTemplate":"https:\/\/katua.com.co\/?s={search_term_string}"},"query-input":{"@type":"PropertyValueSpecification","valueRequired":true,"valueName":"search_term_string"}}],"inLanguage":"es-CO"},{"@type":"Organization","@id":"https:\/\/katua.com.co\/#organization","name":"KATUA","url":"https:\/\/katua.com.co\/","logo":{"@type":"ImageObject","inLanguage":"es-CO","@id":"https:\/\/katua.com.co\/#\/schema\/logo\/image\/","url":"https:\/\/i0.wp.com\/katua.com.co\/wp-content\/uploads\/2020\/07\/cropped-NUEVO-LOGO.png?fit=512%2C512&ssl=1","contentUrl":"https:\/\/i0.wp.com\/katua.com.co\/wp-content\/uploads\/2020\/07\/cropped-NUEVO-LOGO.png?fit=512%2C512&ssl=1","width":512,"height":512,"caption":"KATUA"},"image":{"@id":"https:\/\/katua.com.co\/#\/schema\/logo\/image\/"},"sameAs":["https:\/\/www.facebook.com\/Katuastore","https:\/\/www.tiktok.com\/@katua.co","https:\/\/www.instagram.com\/katua.co\/"]}]}},"_links":{"self":[{"href":"https:\/\/katua.com.co\/index.php\/wp-json\/wp\/v2\/product\/6269","targetHints":{"allow":["GET"]}}],"collection":[{"href":"https:\/\/katua.com.co\/index.php\/wp-json\/wp\/v2\/product"}],"about":[{"href":"https:\/\/katua.com.co\/index.php\/wp-json\/wp\/v2\/types\/product"}],"replies":[{"embeddable":true,"href":"https:\/\/katua.com.co\/index.php\/wp-json\/wp\/v2\/comments?post=6269"}],"wp:featuredmedia":[{"embeddable":true,"href":"https:\/\/katua.com.co\/index.php\/wp-json\/wp\/v2\/media\/5833"}],"wp:attachment":[{"href":"https:\/\/katua.com.co\/index.php\/wp-json\/wp\/v2\/media?parent=6269"}],"wp:term":[{"taxonomy":"product_brand","embeddable":true,"href":"https:\/\/katua.com.co\/index.php\/wp-json\/wp\/v2\/product_brand?post=6269"},{"taxonomy":"product_cat","embeddable":true,"href":"https:\/\/katua.com.co\/index.php\/wp-json\/wp\/v2\/product_cat?post=6269"},{"taxonomy":"product_tag","embeddable":true,"href":"https:\/\/katua.com.co\/index.php\/wp-json\/wp\/v2\/product_tag?post=6269"},{"taxonomy":"giftcard-category","embeddable":true,"href":"https:\/\/katua.com.co\/index.php\/wp-json\/wp\/v2\/giftcard-category?post=6269"}],"curies":[{"name":"wp","href":"https:\/\/api.w.org\/{rel}","templated":true}]}}