{"id":6279,"date":"2025-03-01T16:46:41","date_gmt":"2025-03-01T21:46:41","guid":{"rendered":"https:\/\/katua.com.co\/?post_type=product&#038;p=6279"},"modified":"2026-01-08T18:24:04","modified_gmt":"2026-01-08T23:24:04","slug":"vestido-coast-vibes-frutos-del-mar-azul","status":"publish","type":"product","link":"https:\/\/katua.com.co\/index.php\/producto\/vestido-coast-vibes-frutos-del-mar-azul\/","title":{"rendered":"Vestido Coast Vibes Frutos del Mar Azul"},"content":{"rendered":"","protected":false},"excerpt":{"rendered":"<p data-start=\"50\" data-end=\"101\"><strong data-start=\"50\" data-end=\"95\">Vestido Coast Vibes &#8211; Frutos del Mar Azul<\/strong> \ud83c\udf0a\u2728<\/p>\n<p data-start=\"103\" data-end=\"485\">Sum\u00e9rgete en la esencia del mar con este vestido largo de <strong data-start=\"161\" data-end=\"181\">algod\u00f3n org\u00e1nico<\/strong>, ligero y fresco para los d\u00edas soleados. Su escote en V con boleros realza tu silueta con un toque rom\u00e1ntico, mientras que su falda fluida te envuelve en un movimiento elegante. El exclusivo estampado <strong data-start=\"383\" data-end=\"406\">Frutos del Mar Azul<\/strong> est\u00e1 inspirado en la vida marina, aportando un aire sofisticado y veraniego.<\/p>\n<p data-start=\"487\" data-end=\"634\">\ud83c\udf3f <strong data-start=\"490\" data-end=\"507\">Ideas de uso:<\/strong> Ll\u00e9valo con sandalias y un bolso tejido para un look relajado o con accesorios dorados y tacones para una cena junto al mar.<\/p>\n<p data-start=\"525\" data-end=\"745\">\ud83c\udf3f <strong data-start=\"528\" data-end=\"548\">Caracter\u00edsticas:<\/strong><br data-start=\"548\" data-end=\"551\" \/>\u2714\ufe0f Algod\u00f3n org\u00e1nico, fresco y transpirable.<br data-start=\"594\" data-end=\"597\" \/>\u2714\ufe0f Dise\u00f1o atemporal en color blanco puro.<br data-start=\"638\" data-end=\"641\" data-is-only-node=\"\" \/>\u2714\ufe0f Escote en V con boleros para un toque delicado.<br data-start=\"691\" data-end=\"694\" \/>\u2714\ufe0f Corte fluido que aporta movimiento y ligereza.<\/p>\n<p data-start=\"747\" data-end=\"818\" data-is-last-node=\"\" data-is-only-node=\"\">Una prenda esencial para quienes aman la belleza en la simplicidad. \ud83e\udd0d\u2728<\/p>\n","protected":false},"featured_media":5950,"comment_status":"open","ping_status":"closed","template":"","meta":[],"product_brand":[],"product_cat":[73,47,49,57],"product_tag":[],"giftcard-category":[],"class_list":{"0":"post-6279","1":"product","2":"type-product","3":"status-publish","4":"has-post-thumbnail","6":"product_cat-frutosdelmarkatua","7":"product_cat-vestidos","8":"product_cat-vlargos","9":"product_cat-beachresort","11":"first","12":"instock","13":"taxable","14":"shipping-taxable","15":"purchasable","16":"product-type-variable"},"yoast_head":"<!-- This site is optimized with the Yoast SEO plugin v27.0 - https:\/\/yoast.com\/product\/yoast-seo-wordpress\/ -->\n<title>Vestido Coast Vibes Frutos del Mar Azul | Katua<\/title>\n<meta name=\"description\" content=\"Katua | Vestido Coast Vibes - Frutos del Mar Azul \ud83c\udf0a\u2728 Sum\u00e9rgete en la esencia del mar con este vestido largo de algod\u00f3n org\u00e1nico, ligero y fresco para los d\u00edas soleados. Su escote en V con boleros realza tu silueta con un toque rom\u00e1ntico, mientras que su falda fluida te envuelve en un movimiento elegante. El exclusivo estampado Frutos del Mar Azul est\u00e1 inspirado en la vida marina, aportando un aire sofisticado y veraniego. \ud83c\udf3f Ideas de uso: Ll\u00e9valo con sandalias y un bolso tejido para un look relajado o con accesorios dorados y tacones para una cena junto al mar. \ud83c\udf3f Caracter\u00edsticas:\u2714\ufe0f Algod\u00f3n org\u00e1nico, fresco y transpirable.\u2714\ufe0f Dise\u00f1o atemporal en color blanco puro.\u2714\ufe0f Escote en V con boleros para un toque delicado.\u2714\ufe0f Corte fluido que aporta movimiento y ligereza. Una prenda esencial para quienes aman la belleza en la simplicidad. \ud83e\udd0d\u2728\" \/>\n<meta name=\"robots\" content=\"index, follow, max-snippet:-1, max-image-preview:large, max-video-preview:-1\" \/>\n<link rel=\"canonical\" href=\"https:\/\/katua.com.co\/index.php\/producto\/vestido-coast-vibes-frutos-del-mar-azul\/\" \/>\n<meta property=\"og:locale\" content=\"es_ES\" \/>\n<meta property=\"og:type\" content=\"article\" \/>\n<meta property=\"og:title\" content=\"Vestido Coast Vibes Frutos del Mar Azul | Katua\" \/>\n<meta property=\"og:description\" content=\"Katua | Vestido Coast Vibes - Frutos del Mar Azul \ud83c\udf0a\u2728 Sum\u00e9rgete en la esencia del mar con este vestido largo de algod\u00f3n org\u00e1nico, ligero y fresco para los d\u00edas soleados. Su escote en V con boleros realza tu silueta con un toque rom\u00e1ntico, mientras que su falda fluida te envuelve en un movimiento elegante. El exclusivo estampado Frutos del Mar Azul est\u00e1 inspirado en la vida marina, aportando un aire sofisticado y veraniego. \ud83c\udf3f Ideas de uso: Ll\u00e9valo con sandalias y un bolso tejido para un look relajado o con accesorios dorados y tacones para una cena junto al mar. \ud83c\udf3f Caracter\u00edsticas:\u2714\ufe0f Algod\u00f3n org\u00e1nico, fresco y transpirable.\u2714\ufe0f Dise\u00f1o atemporal en color blanco puro.\u2714\ufe0f Escote en V con boleros para un toque delicado.\u2714\ufe0f Corte fluido que aporta movimiento y ligereza. Una prenda esencial para quienes aman la belleza en la simplicidad. \ud83e\udd0d\u2728\" \/>\n<meta property=\"og:url\" content=\"https:\/\/katua.com.co\/index.php\/producto\/vestido-coast-vibes-frutos-del-mar-azul\/\" \/>\n<meta property=\"og:site_name\" content=\"Katua\" \/>\n<meta property=\"article:publisher\" content=\"https:\/\/www.facebook.com\/Katuastore\" \/>\n<meta property=\"article:modified_time\" content=\"2026-01-08T23:24:04+00:00\" \/>\n<meta property=\"og:image\" content=\"https:\/\/katua.com.co\/wp-content\/uploads\/2025\/02\/img_1691-1-1.jpg\" \/>\n\t<meta property=\"og:image:width\" content=\"1333\" \/>\n\t<meta property=\"og:image:height\" content=\"2000\" \/>\n\t<meta property=\"og:image:type\" content=\"image\/jpeg\" \/>\n<meta name=\"twitter:card\" content=\"summary_large_image\" \/>\n<meta name=\"twitter:label1\" content=\"Tiempo de lectura\" \/>\n\t<meta name=\"twitter:data1\" content=\"1 minuto\" \/>\n<script type=\"application\/ld+json\" class=\"yoast-schema-graph\">{\"@context\":\"https:\/\/schema.org\",\"@graph\":[{\"@type\":[\"WebPage\",\"ItemPage\"],\"@id\":\"https:\/\/katua.com.co\/index.php\/producto\/vestido-coast-vibes-frutos-del-mar-azul\/\",\"url\":\"https:\/\/katua.com.co\/index.php\/producto\/vestido-coast-vibes-frutos-del-mar-azul\/\",\"name\":\"Vestido Coast Vibes Frutos del Mar Azul | Katua\",\"isPartOf\":{\"@id\":\"https:\/\/katua.com.co\/#website\"},\"primaryImageOfPage\":{\"@id\":\"https:\/\/katua.com.co\/index.php\/producto\/vestido-coast-vibes-frutos-del-mar-azul\/#primaryimage\"},\"image\":{\"@id\":\"https:\/\/katua.com.co\/index.php\/producto\/vestido-coast-vibes-frutos-del-mar-azul\/#primaryimage\"},\"thumbnailUrl\":\"https:\/\/katua.com.co\/wp-content\/uploads\/2025\/02\/img_1691-1-1.jpg\",\"datePublished\":\"2025-03-01T21:46:41+00:00\",\"dateModified\":\"2026-01-08T23:24:04+00:00\",\"description\":\"Katua | Vestido Coast Vibes - Frutos del Mar Azul \ud83c\udf0a\u2728 Sum\u00e9rgete en la esencia del mar con este vestido largo de algod\u00f3n org\u00e1nico, ligero y fresco para los d\u00edas soleados. Su escote en V con boleros realza tu silueta con un toque rom\u00e1ntico, mientras que su falda fluida te envuelve en un movimiento elegante. El exclusivo estampado Frutos del Mar Azul est\u00e1 inspirado en la vida marina, aportando un aire sofisticado y veraniego. \ud83c\udf3f Ideas de uso: Ll\u00e9valo con sandalias y un bolso tejido para un look relajado o con accesorios dorados y tacones para una cena junto al mar. \ud83c\udf3f Caracter\u00edsticas:\u2714\ufe0f Algod\u00f3n org\u00e1nico, fresco y transpirable.\u2714\ufe0f Dise\u00f1o atemporal en color blanco puro.\u2714\ufe0f Escote en V con boleros para un toque delicado.\u2714\ufe0f Corte fluido que aporta movimiento y ligereza. Una prenda esencial para quienes aman la belleza en la simplicidad. \ud83e\udd0d\u2728\",\"breadcrumb\":{\"@id\":\"https:\/\/katua.com.co\/index.php\/producto\/vestido-coast-vibes-frutos-del-mar-azul\/#breadcrumb\"},\"inLanguage\":\"es-CO\",\"potentialAction\":[{\"@type\":\"ReadAction\",\"target\":[\"https:\/\/katua.com.co\/index.php\/producto\/vestido-coast-vibes-frutos-del-mar-azul\/\"]}]},{\"@type\":\"ImageObject\",\"inLanguage\":\"es-CO\",\"@id\":\"https:\/\/katua.com.co\/index.php\/producto\/vestido-coast-vibes-frutos-del-mar-azul\/#primaryimage\",\"url\":\"https:\/\/katua.com.co\/wp-content\/uploads\/2025\/02\/img_1691-1-1.jpg\",\"contentUrl\":\"https:\/\/katua.com.co\/wp-content\/uploads\/2025\/02\/img_1691-1-1.jpg\",\"width\":1333,\"height\":2000},{\"@type\":\"BreadcrumbList\",\"@id\":\"https:\/\/katua.com.co\/index.php\/producto\/vestido-coast-vibes-frutos-del-mar-azul\/#breadcrumb\",\"itemListElement\":[{\"@type\":\"ListItem\",\"position\":1,\"name\":\"Inicio\",\"item\":\"https:\/\/katua.com.co\/\"},{\"@type\":\"ListItem\",\"position\":2,\"name\":\"Shop\",\"item\":\"https:\/\/katua.com.co\/index.php\/shop\/\"},{\"@type\":\"ListItem\",\"position\":3,\"name\":\"Vestido Coast Vibes Frutos del Mar Azul\"}]},{\"@type\":\"WebSite\",\"@id\":\"https:\/\/katua.com.co\/#website\",\"url\":\"https:\/\/katua.com.co\/\",\"name\":\"KATUA\",\"description\":\"Moda premium enfocada en ofrecer dise\u00f1os exclusivos de alta calidad!\",\"publisher\":{\"@id\":\"https:\/\/katua.com.co\/#organization\"},\"potentialAction\":[{\"@type\":\"SearchAction\",\"target\":{\"@type\":\"EntryPoint\",\"urlTemplate\":\"https:\/\/katua.com.co\/?s={search_term_string}\"},\"query-input\":{\"@type\":\"PropertyValueSpecification\",\"valueRequired\":true,\"valueName\":\"search_term_string\"}}],\"inLanguage\":\"es-CO\"},{\"@type\":\"Organization\",\"@id\":\"https:\/\/katua.com.co\/#organization\",\"name\":\"KATUA\",\"url\":\"https:\/\/katua.com.co\/\",\"logo\":{\"@type\":\"ImageObject\",\"inLanguage\":\"es-CO\",\"@id\":\"https:\/\/katua.com.co\/#\/schema\/logo\/image\/\",\"url\":\"https:\/\/i0.wp.com\/katua.com.co\/wp-content\/uploads\/2020\/07\/cropped-NUEVO-LOGO.png?fit=512%2C512&ssl=1\",\"contentUrl\":\"https:\/\/i0.wp.com\/katua.com.co\/wp-content\/uploads\/2020\/07\/cropped-NUEVO-LOGO.png?fit=512%2C512&ssl=1\",\"width\":512,\"height\":512,\"caption\":\"KATUA\"},\"image\":{\"@id\":\"https:\/\/katua.com.co\/#\/schema\/logo\/image\/\"},\"sameAs\":[\"https:\/\/www.facebook.com\/Katuastore\",\"https:\/\/www.tiktok.com\/@katua.co\",\"https:\/\/www.instagram.com\/katua.co\/\"]}]}<\/script>\n<!-- \/ Yoast SEO plugin. -->","yoast_head_json":{"title":"Vestido Coast Vibes Frutos del Mar Azul | Katua","description":"Katua | Vestido Coast Vibes - Frutos del Mar Azul \ud83c\udf0a\u2728 Sum\u00e9rgete en la esencia del mar con este vestido largo de algod\u00f3n org\u00e1nico, ligero y fresco para los d\u00edas soleados. Su escote en V con boleros realza tu silueta con un toque rom\u00e1ntico, mientras que su falda fluida te envuelve en un movimiento elegante. El exclusivo estampado Frutos del Mar Azul est\u00e1 inspirado en la vida marina, aportando un aire sofisticado y veraniego. \ud83c\udf3f Ideas de uso: Ll\u00e9valo con sandalias y un bolso tejido para un look relajado o con accesorios dorados y tacones para una cena junto al mar. \ud83c\udf3f Caracter\u00edsticas:\u2714\ufe0f Algod\u00f3n org\u00e1nico, fresco y transpirable.\u2714\ufe0f Dise\u00f1o atemporal en color blanco puro.\u2714\ufe0f Escote en V con boleros para un toque delicado.\u2714\ufe0f Corte fluido que aporta movimiento y ligereza. Una prenda esencial para quienes aman la belleza en la simplicidad. \ud83e\udd0d\u2728","robots":{"index":"index","follow":"follow","max-snippet":"max-snippet:-1","max-image-preview":"max-image-preview:large","max-video-preview":"max-video-preview:-1"},"canonical":"https:\/\/katua.com.co\/index.php\/producto\/vestido-coast-vibes-frutos-del-mar-azul\/","og_locale":"es_ES","og_type":"article","og_title":"Vestido Coast Vibes Frutos del Mar Azul | Katua","og_description":"Katua | Vestido Coast Vibes - Frutos del Mar Azul \ud83c\udf0a\u2728 Sum\u00e9rgete en la esencia del mar con este vestido largo de algod\u00f3n org\u00e1nico, ligero y fresco para los d\u00edas soleados. Su escote en V con boleros realza tu silueta con un toque rom\u00e1ntico, mientras que su falda fluida te envuelve en un movimiento elegante. El exclusivo estampado Frutos del Mar Azul est\u00e1 inspirado en la vida marina, aportando un aire sofisticado y veraniego. \ud83c\udf3f Ideas de uso: Ll\u00e9valo con sandalias y un bolso tejido para un look relajado o con accesorios dorados y tacones para una cena junto al mar. \ud83c\udf3f Caracter\u00edsticas:\u2714\ufe0f Algod\u00f3n org\u00e1nico, fresco y transpirable.\u2714\ufe0f Dise\u00f1o atemporal en color blanco puro.\u2714\ufe0f Escote en V con boleros para un toque delicado.\u2714\ufe0f Corte fluido que aporta movimiento y ligereza. Una prenda esencial para quienes aman la belleza en la simplicidad. \ud83e\udd0d\u2728","og_url":"https:\/\/katua.com.co\/index.php\/producto\/vestido-coast-vibes-frutos-del-mar-azul\/","og_site_name":"Katua","article_publisher":"https:\/\/www.facebook.com\/Katuastore","article_modified_time":"2026-01-08T23:24:04+00:00","og_image":[{"width":1333,"height":2000,"url":"https:\/\/katua.com.co\/wp-content\/uploads\/2025\/02\/img_1691-1-1.jpg","type":"image\/jpeg"}],"twitter_card":"summary_large_image","twitter_misc":{"Tiempo de lectura":"1 minuto"},"schema":{"@context":"https:\/\/schema.org","@graph":[{"@type":["WebPage","ItemPage"],"@id":"https:\/\/katua.com.co\/index.php\/producto\/vestido-coast-vibes-frutos-del-mar-azul\/","url":"https:\/\/katua.com.co\/index.php\/producto\/vestido-coast-vibes-frutos-del-mar-azul\/","name":"Vestido Coast Vibes Frutos del Mar Azul | Katua","isPartOf":{"@id":"https:\/\/katua.com.co\/#website"},"primaryImageOfPage":{"@id":"https:\/\/katua.com.co\/index.php\/producto\/vestido-coast-vibes-frutos-del-mar-azul\/#primaryimage"},"image":{"@id":"https:\/\/katua.com.co\/index.php\/producto\/vestido-coast-vibes-frutos-del-mar-azul\/#primaryimage"},"thumbnailUrl":"https:\/\/katua.com.co\/wp-content\/uploads\/2025\/02\/img_1691-1-1.jpg","datePublished":"2025-03-01T21:46:41+00:00","dateModified":"2026-01-08T23:24:04+00:00","description":"Katua | Vestido Coast Vibes - Frutos del Mar Azul \ud83c\udf0a\u2728 Sum\u00e9rgete en la esencia del mar con este vestido largo de algod\u00f3n org\u00e1nico, ligero y fresco para los d\u00edas soleados. Su escote en V con boleros realza tu silueta con un toque rom\u00e1ntico, mientras que su falda fluida te envuelve en un movimiento elegante. El exclusivo estampado Frutos del Mar Azul est\u00e1 inspirado en la vida marina, aportando un aire sofisticado y veraniego. \ud83c\udf3f Ideas de uso: Ll\u00e9valo con sandalias y un bolso tejido para un look relajado o con accesorios dorados y tacones para una cena junto al mar. \ud83c\udf3f Caracter\u00edsticas:\u2714\ufe0f Algod\u00f3n org\u00e1nico, fresco y transpirable.\u2714\ufe0f Dise\u00f1o atemporal en color blanco puro.\u2714\ufe0f Escote en V con boleros para un toque delicado.\u2714\ufe0f Corte fluido que aporta movimiento y ligereza. Una prenda esencial para quienes aman la belleza en la simplicidad. \ud83e\udd0d\u2728","breadcrumb":{"@id":"https:\/\/katua.com.co\/index.php\/producto\/vestido-coast-vibes-frutos-del-mar-azul\/#breadcrumb"},"inLanguage":"es-CO","potentialAction":[{"@type":"ReadAction","target":["https:\/\/katua.com.co\/index.php\/producto\/vestido-coast-vibes-frutos-del-mar-azul\/"]}]},{"@type":"ImageObject","inLanguage":"es-CO","@id":"https:\/\/katua.com.co\/index.php\/producto\/vestido-coast-vibes-frutos-del-mar-azul\/#primaryimage","url":"https:\/\/katua.com.co\/wp-content\/uploads\/2025\/02\/img_1691-1-1.jpg","contentUrl":"https:\/\/katua.com.co\/wp-content\/uploads\/2025\/02\/img_1691-1-1.jpg","width":1333,"height":2000},{"@type":"BreadcrumbList","@id":"https:\/\/katua.com.co\/index.php\/producto\/vestido-coast-vibes-frutos-del-mar-azul\/#breadcrumb","itemListElement":[{"@type":"ListItem","position":1,"name":"Inicio","item":"https:\/\/katua.com.co\/"},{"@type":"ListItem","position":2,"name":"Shop","item":"https:\/\/katua.com.co\/index.php\/shop\/"},{"@type":"ListItem","position":3,"name":"Vestido Coast Vibes Frutos del Mar Azul"}]},{"@type":"WebSite","@id":"https:\/\/katua.com.co\/#website","url":"https:\/\/katua.com.co\/","name":"KATUA","description":"Moda premium enfocada en ofrecer dise\u00f1os exclusivos de alta calidad!","publisher":{"@id":"https:\/\/katua.com.co\/#organization"},"potentialAction":[{"@type":"SearchAction","target":{"@type":"EntryPoint","urlTemplate":"https:\/\/katua.com.co\/?s={search_term_string}"},"query-input":{"@type":"PropertyValueSpecification","valueRequired":true,"valueName":"search_term_string"}}],"inLanguage":"es-CO"},{"@type":"Organization","@id":"https:\/\/katua.com.co\/#organization","name":"KATUA","url":"https:\/\/katua.com.co\/","logo":{"@type":"ImageObject","inLanguage":"es-CO","@id":"https:\/\/katua.com.co\/#\/schema\/logo\/image\/","url":"https:\/\/i0.wp.com\/katua.com.co\/wp-content\/uploads\/2020\/07\/cropped-NUEVO-LOGO.png?fit=512%2C512&ssl=1","contentUrl":"https:\/\/i0.wp.com\/katua.com.co\/wp-content\/uploads\/2020\/07\/cropped-NUEVO-LOGO.png?fit=512%2C512&ssl=1","width":512,"height":512,"caption":"KATUA"},"image":{"@id":"https:\/\/katua.com.co\/#\/schema\/logo\/image\/"},"sameAs":["https:\/\/www.facebook.com\/Katuastore","https:\/\/www.tiktok.com\/@katua.co","https:\/\/www.instagram.com\/katua.co\/"]}]}},"_links":{"self":[{"href":"https:\/\/katua.com.co\/index.php\/wp-json\/wp\/v2\/product\/6279","targetHints":{"allow":["GET"]}}],"collection":[{"href":"https:\/\/katua.com.co\/index.php\/wp-json\/wp\/v2\/product"}],"about":[{"href":"https:\/\/katua.com.co\/index.php\/wp-json\/wp\/v2\/types\/product"}],"replies":[{"embeddable":true,"href":"https:\/\/katua.com.co\/index.php\/wp-json\/wp\/v2\/comments?post=6279"}],"wp:featuredmedia":[{"embeddable":true,"href":"https:\/\/katua.com.co\/index.php\/wp-json\/wp\/v2\/media\/5950"}],"wp:attachment":[{"href":"https:\/\/katua.com.co\/index.php\/wp-json\/wp\/v2\/media?parent=6279"}],"wp:term":[{"taxonomy":"product_brand","embeddable":true,"href":"https:\/\/katua.com.co\/index.php\/wp-json\/wp\/v2\/product_brand?post=6279"},{"taxonomy":"product_cat","embeddable":true,"href":"https:\/\/katua.com.co\/index.php\/wp-json\/wp\/v2\/product_cat?post=6279"},{"taxonomy":"product_tag","embeddable":true,"href":"https:\/\/katua.com.co\/index.php\/wp-json\/wp\/v2\/product_tag?post=6279"},{"taxonomy":"giftcard-category","embeddable":true,"href":"https:\/\/katua.com.co\/index.php\/wp-json\/wp\/v2\/giftcard-category?post=6279"}],"curies":[{"name":"wp","href":"https:\/\/api.w.org\/{rel}","templated":true}]}}