{"id":6470,"date":"2025-06-25T11:16:07","date_gmt":"2025-06-25T16:16:07","guid":{"rendered":"https:\/\/katua.com.co\/?post_type=product&#038;p=6470"},"modified":"2026-01-10T13:44:36","modified_gmt":"2026-01-10T18:44:36","slug":"falda-larga-caraline-blanca","status":"publish","type":"product","link":"https:\/\/katua.com.co\/index.php\/producto\/falda-larga-caraline-blanca\/","title":{"rendered":"Falda Larga Caraline"},"content":{"rendered":"<p data-start=\"291\" data-end=\"469\">Ligera como el viento y con un movimiento que enamora \ud83d\udca8\u2728, la <strong data-start=\"353\" data-end=\"378\">Falda Caraline Blanca<\/strong> est\u00e1 confeccionada en algod\u00f3n suave y fresco, ideal para d\u00edas c\u00e1lidos y looks naturales.<\/p>\n<p data-start=\"471\" data-end=\"716\">Su dise\u00f1o destaca por un elegante <strong data-start=\"505\" data-end=\"543\">cruce frontal con pliegues amplios<\/strong>, que crean volumen sin a\u00f1adir peso visual. Este detalle aporta un efecto tipo pantal\u00f3n palazzo desde algunos \u00e1ngulos, pero sin perder la fluidez y feminidad de una falda.<\/p>\n<p data-start=\"718\" data-end=\"944\">Incluye <strong data-start=\"726\" data-end=\"770\">botones decorativos en la parte superior<\/strong>, alineados de forma sutil sobre la pretina, d\u00e1ndole un toque artesanal y sofisticado. El talle alto estiliza la figura y combina perfecto con crop tops o blusas ajustadas.<\/p>\n<p data-start=\"946\" data-end=\"1066\">Ideal para paseos al aire libre, escapadas a clima c\u00e1lido o para llevar ese estilo relajado y chic que define a Katua.<\/p>\n<p data-start=\"1068\" data-end=\"1152\">\ud83c\udf3f Hecha en algod\u00f3n natural<br data-start=\"1095\" data-end=\"1098\" \/>\u2728 Edici\u00f3n limitada<br data-start=\"1116\" data-end=\"1119\" \/>\ud83e\udd0d Atemporal, vers\u00e1til y ligera<\/p>\n","protected":false},"excerpt":{"rendered":"<p>Falda de algod\u00f3n con cruce frontal y botones decorativos \ud83e\udd0d<br data-start=\"1271\" data-end=\"1274\" \/>Ligera, fluida y perfecta para d\u00edas soleados \u2600\ufe0f<br data-start=\"1321\" data-end=\"1324\" \/>\ud83c\udf3f Edici\u00f3n limitada | Dise\u00f1o exclusivo Katua<\/p>\n<p><img fetchpriority=\"high\" decoding=\"async\" class=\"alignnone size-medium wp-image-6410\" src=\"https:\/\/katua.com.co\/wp-content\/uploads\/2025\/06\/DSCF1679-200x300.jpg\" alt=\"\" width=\"200\" height=\"300\" srcset=\"https:\/\/katua.com.co\/wp-content\/uploads\/2025\/06\/DSCF1679-200x300.jpg 200w, https:\/\/katua.com.co\/wp-content\/uploads\/2025\/06\/DSCF1679-684x1024.jpg 684w, https:\/\/katua.com.co\/wp-content\/uploads\/2025\/06\/DSCF1679-768x1150.jpg 768w, https:\/\/katua.com.co\/wp-content\/uploads\/2025\/06\/DSCF1679-1026x1536.jpg 1026w, https:\/\/katua.com.co\/wp-content\/uploads\/2025\/06\/DSCF1679-1368x2048.jpg 1368w, https:\/\/katua.com.co\/wp-content\/uploads\/2025\/06\/DSCF1679-1000x1497.jpg 1000w, https:\/\/katua.com.co\/wp-content\/uploads\/2025\/06\/DSCF1679-scaled.jpg 1710w\" sizes=\"(max-width: 200px) 100vw, 200px\" \/> <img decoding=\"async\" class=\"alignnone size-medium wp-image-6411\" src=\"https:\/\/katua.com.co\/wp-content\/uploads\/2025\/06\/DSCF1740-204x300.jpg\" alt=\"\" width=\"204\" height=\"300\" srcset=\"https:\/\/katua.com.co\/wp-content\/uploads\/2025\/06\/DSCF1740-204x300.jpg 204w, https:\/\/katua.com.co\/wp-content\/uploads\/2025\/06\/DSCF1740-696x1024.jpg 696w, https:\/\/katua.com.co\/wp-content\/uploads\/2025\/06\/DSCF1740-768x1130.jpg 768w, https:\/\/katua.com.co\/wp-content\/uploads\/2025\/06\/DSCF1740-1043x1536.jpg 1043w, https:\/\/katua.com.co\/wp-content\/uploads\/2025\/06\/DSCF1740-1391x2048.jpg 1391w, https:\/\/katua.com.co\/wp-content\/uploads\/2025\/06\/DSCF1740-1000x1472.jpg 1000w, https:\/\/katua.com.co\/wp-content\/uploads\/2025\/06\/DSCF1740-scaled.jpg 1739w\" sizes=\"(max-width: 204px) 100vw, 204px\" \/> <img decoding=\"async\" class=\"alignnone size-medium wp-image-6412\" src=\"https:\/\/katua.com.co\/wp-content\/uploads\/2025\/06\/DSCF1797-200x300.jpg\" alt=\"\" width=\"200\" height=\"300\" srcset=\"https:\/\/katua.com.co\/wp-content\/uploads\/2025\/06\/DSCF1797-200x300.jpg 200w, https:\/\/katua.com.co\/wp-content\/uploads\/2025\/06\/DSCF1797-683x1024.jpg 683w, https:\/\/katua.com.co\/wp-content\/uploads\/2025\/06\/DSCF1797-768x1152.jpg 768w, https:\/\/katua.com.co\/wp-content\/uploads\/2025\/06\/DSCF1797-1024x1536.jpg 1024w, https:\/\/katua.com.co\/wp-content\/uploads\/2025\/06\/DSCF1797-1365x2048.jpg 1365w, https:\/\/katua.com.co\/wp-content\/uploads\/2025\/06\/DSCF1797-1000x1500.jpg 1000w, https:\/\/katua.com.co\/wp-content\/uploads\/2025\/06\/DSCF1797-scaled.jpg 1707w\" sizes=\"(max-width: 200px) 100vw, 200px\" \/><\/p>\n","protected":false},"featured_media":6390,"comment_status":"open","ping_status":"closed","template":"","meta":[],"product_brand":[],"product_cat":[68,71,53,55,57],"product_tag":[],"giftcard-category":[],"class_list":{"0":"post-6470","1":"product","2":"type-product","3":"status-publish","4":"has-post-thumbnail","6":"product_cat-new","7":"product_cat-sets","8":"product_cat-faldas","9":"product_cat-flargas","10":"product_cat-beachresort","12":"first","13":"outofstock","14":"taxable","15":"shipping-taxable","16":"purchasable","17":"product-type-variable"},"yoast_head":"<!-- This site is optimized with the Yoast SEO plugin v27.0 - https:\/\/yoast.com\/product\/yoast-seo-wordpress\/ -->\n<title>Falda Larga Caraline | Katua<\/title>\n<meta name=\"description\" content=\"Katua | Falda de algod\u00f3n con cruce frontal y botones decorativos \ud83e\udd0dLigera, fluida y perfecta para d\u00edas soleados \u2600\ufe0f\ud83c\udf3f Edici\u00f3n limitada | Dise\u00f1o exclusivo Katua\" \/>\n<meta name=\"robots\" content=\"index, follow, max-snippet:-1, max-image-preview:large, max-video-preview:-1\" \/>\n<link rel=\"canonical\" href=\"https:\/\/katua.com.co\/index.php\/producto\/falda-larga-caraline-blanca\/\" \/>\n<meta property=\"og:locale\" content=\"es_ES\" \/>\n<meta property=\"og:type\" content=\"article\" \/>\n<meta property=\"og:title\" content=\"Falda Larga Caraline | Katua\" \/>\n<meta property=\"og:description\" content=\"Katua | Falda de algod\u00f3n con cruce frontal y botones decorativos \ud83e\udd0dLigera, fluida y perfecta para d\u00edas soleados \u2600\ufe0f\ud83c\udf3f Edici\u00f3n limitada | Dise\u00f1o exclusivo Katua\" \/>\n<meta property=\"og:url\" content=\"https:\/\/katua.com.co\/index.php\/producto\/falda-larga-caraline-blanca\/\" \/>\n<meta property=\"og:site_name\" content=\"Katua\" \/>\n<meta property=\"article:publisher\" content=\"https:\/\/www.facebook.com\/Katuastore\" \/>\n<meta property=\"article:modified_time\" content=\"2026-01-10T18:44:36+00:00\" \/>\n<meta property=\"og:image\" content=\"https:\/\/katua.com.co\/wp-content\/uploads\/2025\/06\/DSCF2235-scaled.jpg\" \/>\n\t<meta property=\"og:image:width\" content=\"1920\" \/>\n\t<meta property=\"og:image:height\" content=\"2560\" \/>\n\t<meta property=\"og:image:type\" content=\"image\/jpeg\" \/>\n<meta name=\"twitter:card\" content=\"summary_large_image\" \/>\n<meta name=\"twitter:label1\" content=\"Tiempo de lectura\" \/>\n\t<meta name=\"twitter:data1\" content=\"1 minuto\" \/>\n<script type=\"application\/ld+json\" class=\"yoast-schema-graph\">{\"@context\":\"https:\/\/schema.org\",\"@graph\":[{\"@type\":[\"WebPage\",\"ItemPage\"],\"@id\":\"https:\/\/katua.com.co\/index.php\/producto\/falda-larga-caraline-blanca\/\",\"url\":\"https:\/\/katua.com.co\/index.php\/producto\/falda-larga-caraline-blanca\/\",\"name\":\"Falda Larga Caraline | Katua\",\"isPartOf\":{\"@id\":\"https:\/\/katua.com.co\/#website\"},\"primaryImageOfPage\":{\"@id\":\"https:\/\/katua.com.co\/index.php\/producto\/falda-larga-caraline-blanca\/#primaryimage\"},\"image\":{\"@id\":\"https:\/\/katua.com.co\/index.php\/producto\/falda-larga-caraline-blanca\/#primaryimage\"},\"thumbnailUrl\":\"https:\/\/katua.com.co\/wp-content\/uploads\/2025\/06\/DSCF2235-scaled.jpg\",\"datePublished\":\"2025-06-25T16:16:07+00:00\",\"dateModified\":\"2026-01-10T18:44:36+00:00\",\"description\":\"Katua | Falda de algod\u00f3n con cruce frontal y botones decorativos \ud83e\udd0dLigera, fluida y perfecta para d\u00edas soleados \u2600\ufe0f\ud83c\udf3f Edici\u00f3n limitada | Dise\u00f1o exclusivo Katua\",\"breadcrumb\":{\"@id\":\"https:\/\/katua.com.co\/index.php\/producto\/falda-larga-caraline-blanca\/#breadcrumb\"},\"inLanguage\":\"es-CO\",\"potentialAction\":[{\"@type\":\"ReadAction\",\"target\":[\"https:\/\/katua.com.co\/index.php\/producto\/falda-larga-caraline-blanca\/\"]}]},{\"@type\":\"ImageObject\",\"inLanguage\":\"es-CO\",\"@id\":\"https:\/\/katua.com.co\/index.php\/producto\/falda-larga-caraline-blanca\/#primaryimage\",\"url\":\"https:\/\/katua.com.co\/wp-content\/uploads\/2025\/06\/DSCF2235-scaled.jpg\",\"contentUrl\":\"https:\/\/katua.com.co\/wp-content\/uploads\/2025\/06\/DSCF2235-scaled.jpg\",\"width\":1920,\"height\":2560},{\"@type\":\"BreadcrumbList\",\"@id\":\"https:\/\/katua.com.co\/index.php\/producto\/falda-larga-caraline-blanca\/#breadcrumb\",\"itemListElement\":[{\"@type\":\"ListItem\",\"position\":1,\"name\":\"Inicio\",\"item\":\"https:\/\/katua.com.co\/\"},{\"@type\":\"ListItem\",\"position\":2,\"name\":\"Shop\",\"item\":\"https:\/\/katua.com.co\/index.php\/shop\/\"},{\"@type\":\"ListItem\",\"position\":3,\"name\":\"Falda Larga Caraline\"}]},{\"@type\":\"WebSite\",\"@id\":\"https:\/\/katua.com.co\/#website\",\"url\":\"https:\/\/katua.com.co\/\",\"name\":\"KATUA\",\"description\":\"Moda premium enfocada en ofrecer dise\u00f1os exclusivos de alta calidad!\",\"publisher\":{\"@id\":\"https:\/\/katua.com.co\/#organization\"},\"potentialAction\":[{\"@type\":\"SearchAction\",\"target\":{\"@type\":\"EntryPoint\",\"urlTemplate\":\"https:\/\/katua.com.co\/?s={search_term_string}\"},\"query-input\":{\"@type\":\"PropertyValueSpecification\",\"valueRequired\":true,\"valueName\":\"search_term_string\"}}],\"inLanguage\":\"es-CO\"},{\"@type\":\"Organization\",\"@id\":\"https:\/\/katua.com.co\/#organization\",\"name\":\"KATUA\",\"url\":\"https:\/\/katua.com.co\/\",\"logo\":{\"@type\":\"ImageObject\",\"inLanguage\":\"es-CO\",\"@id\":\"https:\/\/katua.com.co\/#\/schema\/logo\/image\/\",\"url\":\"https:\/\/i0.wp.com\/katua.com.co\/wp-content\/uploads\/2020\/07\/cropped-NUEVO-LOGO.png?fit=512%2C512&ssl=1\",\"contentUrl\":\"https:\/\/i0.wp.com\/katua.com.co\/wp-content\/uploads\/2020\/07\/cropped-NUEVO-LOGO.png?fit=512%2C512&ssl=1\",\"width\":512,\"height\":512,\"caption\":\"KATUA\"},\"image\":{\"@id\":\"https:\/\/katua.com.co\/#\/schema\/logo\/image\/\"},\"sameAs\":[\"https:\/\/www.facebook.com\/Katuastore\",\"https:\/\/www.tiktok.com\/@katua.co\",\"https:\/\/www.instagram.com\/katua.co\/\"]}]}<\/script>\n<!-- \/ Yoast SEO plugin. -->","yoast_head_json":{"title":"Falda Larga Caraline | Katua","description":"Katua | Falda de algod\u00f3n con cruce frontal y botones decorativos \ud83e\udd0dLigera, fluida y perfecta para d\u00edas soleados \u2600\ufe0f\ud83c\udf3f Edici\u00f3n limitada | Dise\u00f1o exclusivo Katua","robots":{"index":"index","follow":"follow","max-snippet":"max-snippet:-1","max-image-preview":"max-image-preview:large","max-video-preview":"max-video-preview:-1"},"canonical":"https:\/\/katua.com.co\/index.php\/producto\/falda-larga-caraline-blanca\/","og_locale":"es_ES","og_type":"article","og_title":"Falda Larga Caraline | Katua","og_description":"Katua | Falda de algod\u00f3n con cruce frontal y botones decorativos \ud83e\udd0dLigera, fluida y perfecta para d\u00edas soleados \u2600\ufe0f\ud83c\udf3f Edici\u00f3n limitada | Dise\u00f1o exclusivo Katua","og_url":"https:\/\/katua.com.co\/index.php\/producto\/falda-larga-caraline-blanca\/","og_site_name":"Katua","article_publisher":"https:\/\/www.facebook.com\/Katuastore","article_modified_time":"2026-01-10T18:44:36+00:00","og_image":[{"width":1920,"height":2560,"url":"https:\/\/katua.com.co\/wp-content\/uploads\/2025\/06\/DSCF2235-scaled.jpg","type":"image\/jpeg"}],"twitter_card":"summary_large_image","twitter_misc":{"Tiempo de lectura":"1 minuto"},"schema":{"@context":"https:\/\/schema.org","@graph":[{"@type":["WebPage","ItemPage"],"@id":"https:\/\/katua.com.co\/index.php\/producto\/falda-larga-caraline-blanca\/","url":"https:\/\/katua.com.co\/index.php\/producto\/falda-larga-caraline-blanca\/","name":"Falda Larga Caraline | Katua","isPartOf":{"@id":"https:\/\/katua.com.co\/#website"},"primaryImageOfPage":{"@id":"https:\/\/katua.com.co\/index.php\/producto\/falda-larga-caraline-blanca\/#primaryimage"},"image":{"@id":"https:\/\/katua.com.co\/index.php\/producto\/falda-larga-caraline-blanca\/#primaryimage"},"thumbnailUrl":"https:\/\/katua.com.co\/wp-content\/uploads\/2025\/06\/DSCF2235-scaled.jpg","datePublished":"2025-06-25T16:16:07+00:00","dateModified":"2026-01-10T18:44:36+00:00","description":"Katua | Falda de algod\u00f3n con cruce frontal y botones decorativos \ud83e\udd0dLigera, fluida y perfecta para d\u00edas soleados \u2600\ufe0f\ud83c\udf3f Edici\u00f3n limitada | Dise\u00f1o exclusivo Katua","breadcrumb":{"@id":"https:\/\/katua.com.co\/index.php\/producto\/falda-larga-caraline-blanca\/#breadcrumb"},"inLanguage":"es-CO","potentialAction":[{"@type":"ReadAction","target":["https:\/\/katua.com.co\/index.php\/producto\/falda-larga-caraline-blanca\/"]}]},{"@type":"ImageObject","inLanguage":"es-CO","@id":"https:\/\/katua.com.co\/index.php\/producto\/falda-larga-caraline-blanca\/#primaryimage","url":"https:\/\/katua.com.co\/wp-content\/uploads\/2025\/06\/DSCF2235-scaled.jpg","contentUrl":"https:\/\/katua.com.co\/wp-content\/uploads\/2025\/06\/DSCF2235-scaled.jpg","width":1920,"height":2560},{"@type":"BreadcrumbList","@id":"https:\/\/katua.com.co\/index.php\/producto\/falda-larga-caraline-blanca\/#breadcrumb","itemListElement":[{"@type":"ListItem","position":1,"name":"Inicio","item":"https:\/\/katua.com.co\/"},{"@type":"ListItem","position":2,"name":"Shop","item":"https:\/\/katua.com.co\/index.php\/shop\/"},{"@type":"ListItem","position":3,"name":"Falda Larga Caraline"}]},{"@type":"WebSite","@id":"https:\/\/katua.com.co\/#website","url":"https:\/\/katua.com.co\/","name":"KATUA","description":"Moda premium enfocada en ofrecer dise\u00f1os exclusivos de alta calidad!","publisher":{"@id":"https:\/\/katua.com.co\/#organization"},"potentialAction":[{"@type":"SearchAction","target":{"@type":"EntryPoint","urlTemplate":"https:\/\/katua.com.co\/?s={search_term_string}"},"query-input":{"@type":"PropertyValueSpecification","valueRequired":true,"valueName":"search_term_string"}}],"inLanguage":"es-CO"},{"@type":"Organization","@id":"https:\/\/katua.com.co\/#organization","name":"KATUA","url":"https:\/\/katua.com.co\/","logo":{"@type":"ImageObject","inLanguage":"es-CO","@id":"https:\/\/katua.com.co\/#\/schema\/logo\/image\/","url":"https:\/\/i0.wp.com\/katua.com.co\/wp-content\/uploads\/2020\/07\/cropped-NUEVO-LOGO.png?fit=512%2C512&ssl=1","contentUrl":"https:\/\/i0.wp.com\/katua.com.co\/wp-content\/uploads\/2020\/07\/cropped-NUEVO-LOGO.png?fit=512%2C512&ssl=1","width":512,"height":512,"caption":"KATUA"},"image":{"@id":"https:\/\/katua.com.co\/#\/schema\/logo\/image\/"},"sameAs":["https:\/\/www.facebook.com\/Katuastore","https:\/\/www.tiktok.com\/@katua.co","https:\/\/www.instagram.com\/katua.co\/"]}]}},"_links":{"self":[{"href":"https:\/\/katua.com.co\/index.php\/wp-json\/wp\/v2\/product\/6470","targetHints":{"allow":["GET"]}}],"collection":[{"href":"https:\/\/katua.com.co\/index.php\/wp-json\/wp\/v2\/product"}],"about":[{"href":"https:\/\/katua.com.co\/index.php\/wp-json\/wp\/v2\/types\/product"}],"replies":[{"embeddable":true,"href":"https:\/\/katua.com.co\/index.php\/wp-json\/wp\/v2\/comments?post=6470"}],"wp:featuredmedia":[{"embeddable":true,"href":"https:\/\/katua.com.co\/index.php\/wp-json\/wp\/v2\/media\/6390"}],"wp:attachment":[{"href":"https:\/\/katua.com.co\/index.php\/wp-json\/wp\/v2\/media?parent=6470"}],"wp:term":[{"taxonomy":"product_brand","embeddable":true,"href":"https:\/\/katua.com.co\/index.php\/wp-json\/wp\/v2\/product_brand?post=6470"},{"taxonomy":"product_cat","embeddable":true,"href":"https:\/\/katua.com.co\/index.php\/wp-json\/wp\/v2\/product_cat?post=6470"},{"taxonomy":"product_tag","embeddable":true,"href":"https:\/\/katua.com.co\/index.php\/wp-json\/wp\/v2\/product_tag?post=6470"},{"taxonomy":"giftcard-category","embeddable":true,"href":"https:\/\/katua.com.co\/index.php\/wp-json\/wp\/v2\/giftcard-category?post=6470"}],"curies":[{"name":"wp","href":"https:\/\/api.w.org\/{rel}","templated":true}]}}