{"id":6488,"date":"2025-06-25T14:09:14","date_gmt":"2025-06-25T19:09:14","guid":{"rendered":"https:\/\/katua.com.co\/?post_type=product&#038;p=6488"},"modified":"2026-02-27T10:03:56","modified_gmt":"2026-02-27T15:03:56","slug":"blusa-caraline-verde","status":"publish","type":"product","link":"https:\/\/katua.com.co\/index.php\/producto\/blusa-caraline-verde\/","title":{"rendered":"Blusa Caraline Sea Verde"},"content":{"rendered":"<p data-start=\"294\" data-end=\"562\">Natural, fresca y con un estampado que evoca la libertad del mar \ud83c\udf0a. La <strong data-start=\"366\" data-end=\"385\">Blusa Sea Verde<\/strong> est\u00e1 confeccionada en <strong data-start=\"408\" data-end=\"432\">algod\u00f3n 100% natural<\/strong> y dise\u00f1ada con tirantes delgados y silueta recta, ideal para los d\u00edas soleados donde quieres sentirte c\u00f3moda y especial a la vez.<\/p>\n<p data-start=\"564\" data-end=\"722\">Su print bot\u00e1nico-marino en tonos verdes y blancos transmite armon\u00eda y conexi\u00f3n con la naturaleza, haciendo de esta pieza una prenda \u00fanica y con alma Katua.<\/p>\n<p data-start=\"724\" data-end=\"914\">Perfecta para combinar con la falda Caraline Sea Verde como set, o para llevar con pantalones claros, jeans o faldas lisas. Una blusa vers\u00e1til, ligera y con detalles que hablan por s\u00ed solos.<\/p>\n<p data-start=\"916\" data-end=\"997\">\ud83e\uddf5 Tejido natural<br data-start=\"933\" data-end=\"936\" \/>\ud83c\udf43 Estampado exclusivo Katua<br data-start=\"964\" data-end=\"967\" \/>\ud83c\udf1e Fresca, c\u00f3moda \ud83c\udf3f Edici\u00f3n limitada<\/p>\n","protected":false},"excerpt":{"rendered":"<p data-start=\"1051\" data-end=\"1210\">Top en algod\u00f3n con tirantes y estampado marino en verde \ud83c\udf3f<br data-start=\"1109\" data-end=\"1112\" \/>Fresco, natural y perfecto para combinar con todo \u2728<br data-start=\"1163\" data-end=\"1166\" \/>\ud83c\udf43 Edici\u00f3n limitada | Dise\u00f1o exclusivo Katua<\/p>\n<p data-start=\"974\" data-end=\"1143\">\n","protected":false},"featured_media":6429,"comment_status":"open","ping_status":"closed","template":"","meta":[],"product_brand":[],"product_cat":[68,51,57],"product_tag":[],"giftcard-category":[],"class_list":{"0":"post-6488","1":"product","2":"type-product","3":"status-publish","4":"has-post-thumbnail","6":"product_cat-new","7":"product_cat-tops","8":"product_cat-beachresort","10":"first","11":"instock","12":"taxable","13":"shipping-taxable","14":"purchasable","15":"product-type-variable"},"yoast_head":"<!-- This site is optimized with the Yoast SEO plugin v27.0 - https:\/\/yoast.com\/product\/yoast-seo-wordpress\/ -->\n<title>Blusa Caraline Sea Verde | Katua<\/title>\n<meta name=\"description\" content=\"Katua | Top en algod\u00f3n con tirantes y estampado marino en verde \ud83c\udf3fFresco, natural y perfecto para combinar con todo \u2728\ud83c\udf43 Edici\u00f3n limitada | Dise\u00f1o exclusivo Katua\" \/>\n<meta name=\"robots\" content=\"index, follow, max-snippet:-1, max-image-preview:large, max-video-preview:-1\" \/>\n<link rel=\"canonical\" href=\"https:\/\/katua.com.co\/index.php\/producto\/blusa-caraline-verde\/\" \/>\n<meta property=\"og:locale\" content=\"es_ES\" \/>\n<meta property=\"og:type\" content=\"article\" \/>\n<meta property=\"og:title\" content=\"Blusa Caraline Sea Verde | Katua\" \/>\n<meta property=\"og:description\" content=\"Katua | Top en algod\u00f3n con tirantes y estampado marino en verde \ud83c\udf3fFresco, natural y perfecto para combinar con todo \u2728\ud83c\udf43 Edici\u00f3n limitada | Dise\u00f1o exclusivo Katua\" \/>\n<meta property=\"og:url\" content=\"https:\/\/katua.com.co\/index.php\/producto\/blusa-caraline-verde\/\" \/>\n<meta property=\"og:site_name\" content=\"Katua\" \/>\n<meta property=\"article:publisher\" content=\"https:\/\/www.facebook.com\/Katuastore\" \/>\n<meta property=\"article:modified_time\" content=\"2026-02-27T15:03:56+00:00\" \/>\n<meta property=\"og:image\" content=\"https:\/\/katua.com.co\/wp-content\/uploads\/2025\/06\/DSCF2411-scaled.jpg\" \/>\n\t<meta property=\"og:image:width\" content=\"1920\" \/>\n\t<meta property=\"og:image:height\" content=\"2560\" \/>\n\t<meta property=\"og:image:type\" content=\"image\/jpeg\" \/>\n<meta name=\"twitter:card\" content=\"summary_large_image\" \/>\n<meta name=\"twitter:label1\" content=\"Tiempo de lectura\" \/>\n\t<meta name=\"twitter:data1\" content=\"1 minuto\" \/>\n<script type=\"application\/ld+json\" class=\"yoast-schema-graph\">{\"@context\":\"https:\/\/schema.org\",\"@graph\":[{\"@type\":[\"WebPage\",\"ItemPage\"],\"@id\":\"https:\/\/katua.com.co\/index.php\/producto\/blusa-caraline-verde\/\",\"url\":\"https:\/\/katua.com.co\/index.php\/producto\/blusa-caraline-verde\/\",\"name\":\"Blusa Caraline Sea Verde | Katua\",\"isPartOf\":{\"@id\":\"https:\/\/katua.com.co\/#website\"},\"primaryImageOfPage\":{\"@id\":\"https:\/\/katua.com.co\/index.php\/producto\/blusa-caraline-verde\/#primaryimage\"},\"image\":{\"@id\":\"https:\/\/katua.com.co\/index.php\/producto\/blusa-caraline-verde\/#primaryimage\"},\"thumbnailUrl\":\"https:\/\/katua.com.co\/wp-content\/uploads\/2025\/06\/DSCF2411-scaled.jpg\",\"datePublished\":\"2025-06-25T19:09:14+00:00\",\"dateModified\":\"2026-02-27T15:03:56+00:00\",\"description\":\"Katua | Top en algod\u00f3n con tirantes y estampado marino en verde \ud83c\udf3fFresco, natural y perfecto para combinar con todo \u2728\ud83c\udf43 Edici\u00f3n limitada | Dise\u00f1o exclusivo Katua\",\"breadcrumb\":{\"@id\":\"https:\/\/katua.com.co\/index.php\/producto\/blusa-caraline-verde\/#breadcrumb\"},\"inLanguage\":\"es-CO\",\"potentialAction\":[{\"@type\":\"ReadAction\",\"target\":[\"https:\/\/katua.com.co\/index.php\/producto\/blusa-caraline-verde\/\"]}]},{\"@type\":\"ImageObject\",\"inLanguage\":\"es-CO\",\"@id\":\"https:\/\/katua.com.co\/index.php\/producto\/blusa-caraline-verde\/#primaryimage\",\"url\":\"https:\/\/katua.com.co\/wp-content\/uploads\/2025\/06\/DSCF2411-scaled.jpg\",\"contentUrl\":\"https:\/\/katua.com.co\/wp-content\/uploads\/2025\/06\/DSCF2411-scaled.jpg\",\"width\":1920,\"height\":2560},{\"@type\":\"BreadcrumbList\",\"@id\":\"https:\/\/katua.com.co\/index.php\/producto\/blusa-caraline-verde\/#breadcrumb\",\"itemListElement\":[{\"@type\":\"ListItem\",\"position\":1,\"name\":\"Inicio\",\"item\":\"https:\/\/katua.com.co\/\"},{\"@type\":\"ListItem\",\"position\":2,\"name\":\"Shop\",\"item\":\"https:\/\/katua.com.co\/index.php\/shop\/\"},{\"@type\":\"ListItem\",\"position\":3,\"name\":\"Blusa Caraline Sea Verde\"}]},{\"@type\":\"WebSite\",\"@id\":\"https:\/\/katua.com.co\/#website\",\"url\":\"https:\/\/katua.com.co\/\",\"name\":\"KATUA\",\"description\":\"Moda premium enfocada en ofrecer dise\u00f1os exclusivos de alta calidad!\",\"publisher\":{\"@id\":\"https:\/\/katua.com.co\/#organization\"},\"potentialAction\":[{\"@type\":\"SearchAction\",\"target\":{\"@type\":\"EntryPoint\",\"urlTemplate\":\"https:\/\/katua.com.co\/?s={search_term_string}\"},\"query-input\":{\"@type\":\"PropertyValueSpecification\",\"valueRequired\":true,\"valueName\":\"search_term_string\"}}],\"inLanguage\":\"es-CO\"},{\"@type\":\"Organization\",\"@id\":\"https:\/\/katua.com.co\/#organization\",\"name\":\"KATUA\",\"url\":\"https:\/\/katua.com.co\/\",\"logo\":{\"@type\":\"ImageObject\",\"inLanguage\":\"es-CO\",\"@id\":\"https:\/\/katua.com.co\/#\/schema\/logo\/image\/\",\"url\":\"https:\/\/i0.wp.com\/katua.com.co\/wp-content\/uploads\/2020\/07\/cropped-NUEVO-LOGO.png?fit=512%2C512&ssl=1\",\"contentUrl\":\"https:\/\/i0.wp.com\/katua.com.co\/wp-content\/uploads\/2020\/07\/cropped-NUEVO-LOGO.png?fit=512%2C512&ssl=1\",\"width\":512,\"height\":512,\"caption\":\"KATUA\"},\"image\":{\"@id\":\"https:\/\/katua.com.co\/#\/schema\/logo\/image\/\"},\"sameAs\":[\"https:\/\/www.facebook.com\/Katuastore\",\"https:\/\/www.tiktok.com\/@katua.co\",\"https:\/\/www.instagram.com\/katua.co\/\"]}]}<\/script>\n<!-- \/ Yoast SEO plugin. -->","yoast_head_json":{"title":"Blusa Caraline Sea Verde | Katua","description":"Katua | Top en algod\u00f3n con tirantes y estampado marino en verde \ud83c\udf3fFresco, natural y perfecto para combinar con todo \u2728\ud83c\udf43 Edici\u00f3n limitada | Dise\u00f1o exclusivo Katua","robots":{"index":"index","follow":"follow","max-snippet":"max-snippet:-1","max-image-preview":"max-image-preview:large","max-video-preview":"max-video-preview:-1"},"canonical":"https:\/\/katua.com.co\/index.php\/producto\/blusa-caraline-verde\/","og_locale":"es_ES","og_type":"article","og_title":"Blusa Caraline Sea Verde | Katua","og_description":"Katua | Top en algod\u00f3n con tirantes y estampado marino en verde \ud83c\udf3fFresco, natural y perfecto para combinar con todo \u2728\ud83c\udf43 Edici\u00f3n limitada | Dise\u00f1o exclusivo Katua","og_url":"https:\/\/katua.com.co\/index.php\/producto\/blusa-caraline-verde\/","og_site_name":"Katua","article_publisher":"https:\/\/www.facebook.com\/Katuastore","article_modified_time":"2026-02-27T15:03:56+00:00","og_image":[{"width":1920,"height":2560,"url":"https:\/\/katua.com.co\/wp-content\/uploads\/2025\/06\/DSCF2411-scaled.jpg","type":"image\/jpeg"}],"twitter_card":"summary_large_image","twitter_misc":{"Tiempo de lectura":"1 minuto"},"schema":{"@context":"https:\/\/schema.org","@graph":[{"@type":["WebPage","ItemPage"],"@id":"https:\/\/katua.com.co\/index.php\/producto\/blusa-caraline-verde\/","url":"https:\/\/katua.com.co\/index.php\/producto\/blusa-caraline-verde\/","name":"Blusa Caraline Sea Verde | Katua","isPartOf":{"@id":"https:\/\/katua.com.co\/#website"},"primaryImageOfPage":{"@id":"https:\/\/katua.com.co\/index.php\/producto\/blusa-caraline-verde\/#primaryimage"},"image":{"@id":"https:\/\/katua.com.co\/index.php\/producto\/blusa-caraline-verde\/#primaryimage"},"thumbnailUrl":"https:\/\/katua.com.co\/wp-content\/uploads\/2025\/06\/DSCF2411-scaled.jpg","datePublished":"2025-06-25T19:09:14+00:00","dateModified":"2026-02-27T15:03:56+00:00","description":"Katua | Top en algod\u00f3n con tirantes y estampado marino en verde \ud83c\udf3fFresco, natural y perfecto para combinar con todo \u2728\ud83c\udf43 Edici\u00f3n limitada | Dise\u00f1o exclusivo Katua","breadcrumb":{"@id":"https:\/\/katua.com.co\/index.php\/producto\/blusa-caraline-verde\/#breadcrumb"},"inLanguage":"es-CO","potentialAction":[{"@type":"ReadAction","target":["https:\/\/katua.com.co\/index.php\/producto\/blusa-caraline-verde\/"]}]},{"@type":"ImageObject","inLanguage":"es-CO","@id":"https:\/\/katua.com.co\/index.php\/producto\/blusa-caraline-verde\/#primaryimage","url":"https:\/\/katua.com.co\/wp-content\/uploads\/2025\/06\/DSCF2411-scaled.jpg","contentUrl":"https:\/\/katua.com.co\/wp-content\/uploads\/2025\/06\/DSCF2411-scaled.jpg","width":1920,"height":2560},{"@type":"BreadcrumbList","@id":"https:\/\/katua.com.co\/index.php\/producto\/blusa-caraline-verde\/#breadcrumb","itemListElement":[{"@type":"ListItem","position":1,"name":"Inicio","item":"https:\/\/katua.com.co\/"},{"@type":"ListItem","position":2,"name":"Shop","item":"https:\/\/katua.com.co\/index.php\/shop\/"},{"@type":"ListItem","position":3,"name":"Blusa Caraline Sea Verde"}]},{"@type":"WebSite","@id":"https:\/\/katua.com.co\/#website","url":"https:\/\/katua.com.co\/","name":"KATUA","description":"Moda premium enfocada en ofrecer dise\u00f1os exclusivos de alta calidad!","publisher":{"@id":"https:\/\/katua.com.co\/#organization"},"potentialAction":[{"@type":"SearchAction","target":{"@type":"EntryPoint","urlTemplate":"https:\/\/katua.com.co\/?s={search_term_string}"},"query-input":{"@type":"PropertyValueSpecification","valueRequired":true,"valueName":"search_term_string"}}],"inLanguage":"es-CO"},{"@type":"Organization","@id":"https:\/\/katua.com.co\/#organization","name":"KATUA","url":"https:\/\/katua.com.co\/","logo":{"@type":"ImageObject","inLanguage":"es-CO","@id":"https:\/\/katua.com.co\/#\/schema\/logo\/image\/","url":"https:\/\/i0.wp.com\/katua.com.co\/wp-content\/uploads\/2020\/07\/cropped-NUEVO-LOGO.png?fit=512%2C512&ssl=1","contentUrl":"https:\/\/i0.wp.com\/katua.com.co\/wp-content\/uploads\/2020\/07\/cropped-NUEVO-LOGO.png?fit=512%2C512&ssl=1","width":512,"height":512,"caption":"KATUA"},"image":{"@id":"https:\/\/katua.com.co\/#\/schema\/logo\/image\/"},"sameAs":["https:\/\/www.facebook.com\/Katuastore","https:\/\/www.tiktok.com\/@katua.co","https:\/\/www.instagram.com\/katua.co\/"]}]}},"_links":{"self":[{"href":"https:\/\/katua.com.co\/index.php\/wp-json\/wp\/v2\/product\/6488","targetHints":{"allow":["GET"]}}],"collection":[{"href":"https:\/\/katua.com.co\/index.php\/wp-json\/wp\/v2\/product"}],"about":[{"href":"https:\/\/katua.com.co\/index.php\/wp-json\/wp\/v2\/types\/product"}],"replies":[{"embeddable":true,"href":"https:\/\/katua.com.co\/index.php\/wp-json\/wp\/v2\/comments?post=6488"}],"wp:featuredmedia":[{"embeddable":true,"href":"https:\/\/katua.com.co\/index.php\/wp-json\/wp\/v2\/media\/6429"}],"wp:attachment":[{"href":"https:\/\/katua.com.co\/index.php\/wp-json\/wp\/v2\/media?parent=6488"}],"wp:term":[{"taxonomy":"product_brand","embeddable":true,"href":"https:\/\/katua.com.co\/index.php\/wp-json\/wp\/v2\/product_brand?post=6488"},{"taxonomy":"product_cat","embeddable":true,"href":"https:\/\/katua.com.co\/index.php\/wp-json\/wp\/v2\/product_cat?post=6488"},{"taxonomy":"product_tag","embeddable":true,"href":"https:\/\/katua.com.co\/index.php\/wp-json\/wp\/v2\/product_tag?post=6488"},{"taxonomy":"giftcard-category","embeddable":true,"href":"https:\/\/katua.com.co\/index.php\/wp-json\/wp\/v2\/giftcard-category?post=6488"}],"curies":[{"name":"wp","href":"https:\/\/api.w.org\/{rel}","templated":true}]}}