{"id":7055,"date":"2025-08-31T12:31:27","date_gmt":"2025-08-31T17:31:27","guid":{"rendered":"https:\/\/katua.com.co\/?post_type=product&#038;p=7055"},"modified":"2026-01-15T17:32:23","modified_gmt":"2026-01-15T22:32:23","slug":"blusa-lili-negra","status":"publish","type":"product","link":"https:\/\/katua.com.co\/index.php\/producto\/blusa-lili-negra\/","title":{"rendered":"Blusa lili Negra"},"content":{"rendered":"<p data-start=\"507\" data-end=\"801\">La <strong data-start=\"557\" data-end=\"576\">Blusa Lili en Negro <\/strong>est\u00e1 confeccionada en <strong data-start=\"599\" data-end=\"615\">algod\u00f3n 100% natural<\/strong>, un material fresco, transpirable y c\u00f3modo para todo el d\u00eda. Su dise\u00f1o moderno con <strong data-start=\"699\" data-end=\"717\">tiras delgadas<\/strong> y <strong data-start=\"720\" data-end=\"737\">escote halter<\/strong> realza los hombros y aporta un estilo sofisticado y femenino.<\/p>\n<p data-start=\"803\" data-end=\"1029\">Con su silueta fluida de doble capa y detalles en color Negro, es una prenda vers\u00e1til que puedes usar tanto en un look <strong data-start=\"925\" data-end=\"940\">casual chic<\/strong> con jeans o shorts, como en un outfit m\u00e1s <strong data-start=\"983\" data-end=\"995\">elegante<\/strong> con pantalones de lino o falda.<\/p>\n<p data-start=\"1031\" data-end=\"1305\">\u2714 <strong data-start=\"1033\" data-end=\"1046\">Material:<\/strong> algod\u00f3n 100% de alta calidad<br data-start=\"1075\" data-end=\"1078\" \/>\u2714 <strong data-start=\"1080\" data-end=\"1090\">Color:<\/strong> blanco con estampados azules<br data-start=\"1119\" data-end=\"1122\" \/>\u2714 <strong data-start=\"1124\" data-end=\"1135\">Estilo:<\/strong> tiras delgadas, escote halter, silueta fluida<br data-start=\"1181\" data-end=\"1184\" \/>\u2714 <strong data-start=\"1186\" data-end=\"1209\">Tallas disponibles:<\/strong> XS, S, M, L<br data-start=\"1221\" data-end=\"1224\" \/>\u2714 <strong data-start=\"1226\" data-end=\"1241\">Ideal para:<\/strong> d\u00edas c\u00e1lidos, salidas casuales, reuniones informales y viajes<\/p>\n<p data-start=\"1307\" data-end=\"1413\">Eleva tu estilo con esta blusa ligera y fresca que combina a la perfecci\u00f3n <strong data-start=\"1382\" data-end=\"1410\">comodidad y dise\u00f1o \u00fanico<\/strong><\/p>\n","protected":false},"excerpt":{"rendered":"<p><img decoding=\"async\" class=\"emoji\" role=\"img\" draggable=\"false\" src=\"https:\/\/s.w.org\/images\/core\/emoji\/16.0.1\/svg\/2728.svg\" alt=\"\u2728\" \/>\u00a0<strong data-start=\"71\" data-end=\"90\">Blusa Lili en Negro <\/strong>\u2013 sofisticaci\u00f3n en cada detalle. Confeccionada en algod\u00f3n 100% y realzada con un delicado estampado azul Ancestros, su escote halter y silueta fluida la convierten en la prenda ideal para cenas, reuniones y ocasiones especiales.<\/p>\n","protected":false},"featured_media":7017,"comment_status":"open","ping_status":"closed","template":"","meta":[],"product_brand":[],"product_cat":[68,51],"product_tag":[],"giftcard-category":[],"class_list":{"0":"post-7055","1":"product","2":"type-product","3":"status-publish","4":"has-post-thumbnail","6":"product_cat-new","7":"product_cat-tops","9":"first","10":"instock","11":"taxable","12":"shipping-taxable","13":"purchasable","14":"product-type-variable"},"yoast_head":"<!-- This site is optimized with the Yoast SEO plugin v27.0 - https:\/\/yoast.com\/product\/yoast-seo-wordpress\/ -->\n<title>Blusa lili Negra | Katua<\/title>\n<meta name=\"description\" content=\"Katua | \u00a0Blusa Lili en Negro \u2013 sofisticaci\u00f3n en cada detalle. Confeccionada en algod\u00f3n 100% y realzada con un delicado estampado azul Ancestros, su escote halter y silueta fluida la convierten en la prenda ideal para cenas, reuniones y ocasiones especiales.\" \/>\n<meta name=\"robots\" content=\"index, follow, max-snippet:-1, max-image-preview:large, max-video-preview:-1\" \/>\n<link rel=\"canonical\" href=\"https:\/\/katua.com.co\/index.php\/producto\/blusa-lili-negra\/\" \/>\n<meta property=\"og:locale\" content=\"es_ES\" \/>\n<meta property=\"og:type\" content=\"article\" \/>\n<meta property=\"og:title\" content=\"Blusa lili Negra | Katua\" \/>\n<meta property=\"og:description\" content=\"Katua | \u00a0Blusa Lili en Negro \u2013 sofisticaci\u00f3n en cada detalle. Confeccionada en algod\u00f3n 100% y realzada con un delicado estampado azul Ancestros, su escote halter y silueta fluida la convierten en la prenda ideal para cenas, reuniones y ocasiones especiales.\" \/>\n<meta property=\"og:url\" content=\"https:\/\/katua.com.co\/index.php\/producto\/blusa-lili-negra\/\" \/>\n<meta property=\"og:site_name\" content=\"Katua\" \/>\n<meta property=\"article:publisher\" content=\"https:\/\/www.facebook.com\/Katuastore\" \/>\n<meta property=\"article:modified_time\" content=\"2026-01-15T22:32:23+00:00\" \/>\n<meta property=\"og:image\" content=\"https:\/\/katua.com.co\/wp-content\/uploads\/2025\/08\/img_2228-compressed.jpg\" \/>\n\t<meta property=\"og:image:width\" content=\"1334\" \/>\n\t<meta property=\"og:image:height\" content=\"2000\" \/>\n\t<meta property=\"og:image:type\" content=\"image\/jpeg\" \/>\n<meta name=\"twitter:card\" content=\"summary_large_image\" \/>\n<meta name=\"twitter:label1\" content=\"Tiempo de lectura\" \/>\n\t<meta name=\"twitter:data1\" content=\"1 minuto\" \/>\n<script type=\"application\/ld+json\" class=\"yoast-schema-graph\">{\"@context\":\"https:\/\/schema.org\",\"@graph\":[{\"@type\":[\"WebPage\",\"ItemPage\"],\"@id\":\"https:\/\/katua.com.co\/index.php\/producto\/blusa-lili-negra\/\",\"url\":\"https:\/\/katua.com.co\/index.php\/producto\/blusa-lili-negra\/\",\"name\":\"Blusa lili Negra | Katua\",\"isPartOf\":{\"@id\":\"https:\/\/katua.com.co\/#website\"},\"primaryImageOfPage\":{\"@id\":\"https:\/\/katua.com.co\/index.php\/producto\/blusa-lili-negra\/#primaryimage\"},\"image\":{\"@id\":\"https:\/\/katua.com.co\/index.php\/producto\/blusa-lili-negra\/#primaryimage\"},\"thumbnailUrl\":\"https:\/\/katua.com.co\/wp-content\/uploads\/2025\/08\/img_2228-compressed.jpg\",\"datePublished\":\"2025-08-31T17:31:27+00:00\",\"dateModified\":\"2026-01-15T22:32:23+00:00\",\"description\":\"Katua | \u00a0Blusa Lili en Negro \u2013 sofisticaci\u00f3n en cada detalle. Confeccionada en algod\u00f3n 100% y realzada con un delicado estampado azul Ancestros, su escote halter y silueta fluida la convierten en la prenda ideal para cenas, reuniones y ocasiones especiales.\",\"breadcrumb\":{\"@id\":\"https:\/\/katua.com.co\/index.php\/producto\/blusa-lili-negra\/#breadcrumb\"},\"inLanguage\":\"es-CO\",\"potentialAction\":[{\"@type\":\"ReadAction\",\"target\":[\"https:\/\/katua.com.co\/index.php\/producto\/blusa-lili-negra\/\"]}]},{\"@type\":\"ImageObject\",\"inLanguage\":\"es-CO\",\"@id\":\"https:\/\/katua.com.co\/index.php\/producto\/blusa-lili-negra\/#primaryimage\",\"url\":\"https:\/\/katua.com.co\/wp-content\/uploads\/2025\/08\/img_2228-compressed.jpg\",\"contentUrl\":\"https:\/\/katua.com.co\/wp-content\/uploads\/2025\/08\/img_2228-compressed.jpg\",\"width\":1334,\"height\":2000},{\"@type\":\"BreadcrumbList\",\"@id\":\"https:\/\/katua.com.co\/index.php\/producto\/blusa-lili-negra\/#breadcrumb\",\"itemListElement\":[{\"@type\":\"ListItem\",\"position\":1,\"name\":\"Inicio\",\"item\":\"https:\/\/katua.com.co\/\"},{\"@type\":\"ListItem\",\"position\":2,\"name\":\"Shop\",\"item\":\"https:\/\/katua.com.co\/index.php\/shop\/\"},{\"@type\":\"ListItem\",\"position\":3,\"name\":\"Blusa lili Negra\"}]},{\"@type\":\"WebSite\",\"@id\":\"https:\/\/katua.com.co\/#website\",\"url\":\"https:\/\/katua.com.co\/\",\"name\":\"KATUA\",\"description\":\"Moda premium enfocada en ofrecer dise\u00f1os exclusivos de alta calidad!\",\"publisher\":{\"@id\":\"https:\/\/katua.com.co\/#organization\"},\"potentialAction\":[{\"@type\":\"SearchAction\",\"target\":{\"@type\":\"EntryPoint\",\"urlTemplate\":\"https:\/\/katua.com.co\/?s={search_term_string}\"},\"query-input\":{\"@type\":\"PropertyValueSpecification\",\"valueRequired\":true,\"valueName\":\"search_term_string\"}}],\"inLanguage\":\"es-CO\"},{\"@type\":\"Organization\",\"@id\":\"https:\/\/katua.com.co\/#organization\",\"name\":\"KATUA\",\"url\":\"https:\/\/katua.com.co\/\",\"logo\":{\"@type\":\"ImageObject\",\"inLanguage\":\"es-CO\",\"@id\":\"https:\/\/katua.com.co\/#\/schema\/logo\/image\/\",\"url\":\"https:\/\/i0.wp.com\/katua.com.co\/wp-content\/uploads\/2020\/07\/cropped-NUEVO-LOGO.png?fit=512%2C512&ssl=1\",\"contentUrl\":\"https:\/\/i0.wp.com\/katua.com.co\/wp-content\/uploads\/2020\/07\/cropped-NUEVO-LOGO.png?fit=512%2C512&ssl=1\",\"width\":512,\"height\":512,\"caption\":\"KATUA\"},\"image\":{\"@id\":\"https:\/\/katua.com.co\/#\/schema\/logo\/image\/\"},\"sameAs\":[\"https:\/\/www.facebook.com\/Katuastore\",\"https:\/\/www.tiktok.com\/@katua.co\",\"https:\/\/www.instagram.com\/katua.co\/\"]}]}<\/script>\n<!-- \/ Yoast SEO plugin. -->","yoast_head_json":{"title":"Blusa lili Negra | Katua","description":"Katua | \u00a0Blusa Lili en Negro \u2013 sofisticaci\u00f3n en cada detalle. Confeccionada en algod\u00f3n 100% y realzada con un delicado estampado azul Ancestros, su escote halter y silueta fluida la convierten en la prenda ideal para cenas, reuniones y ocasiones especiales.","robots":{"index":"index","follow":"follow","max-snippet":"max-snippet:-1","max-image-preview":"max-image-preview:large","max-video-preview":"max-video-preview:-1"},"canonical":"https:\/\/katua.com.co\/index.php\/producto\/blusa-lili-negra\/","og_locale":"es_ES","og_type":"article","og_title":"Blusa lili Negra | Katua","og_description":"Katua | \u00a0Blusa Lili en Negro \u2013 sofisticaci\u00f3n en cada detalle. Confeccionada en algod\u00f3n 100% y realzada con un delicado estampado azul Ancestros, su escote halter y silueta fluida la convierten en la prenda ideal para cenas, reuniones y ocasiones especiales.","og_url":"https:\/\/katua.com.co\/index.php\/producto\/blusa-lili-negra\/","og_site_name":"Katua","article_publisher":"https:\/\/www.facebook.com\/Katuastore","article_modified_time":"2026-01-15T22:32:23+00:00","og_image":[{"width":1334,"height":2000,"url":"https:\/\/katua.com.co\/wp-content\/uploads\/2025\/08\/img_2228-compressed.jpg","type":"image\/jpeg"}],"twitter_card":"summary_large_image","twitter_misc":{"Tiempo de lectura":"1 minuto"},"schema":{"@context":"https:\/\/schema.org","@graph":[{"@type":["WebPage","ItemPage"],"@id":"https:\/\/katua.com.co\/index.php\/producto\/blusa-lili-negra\/","url":"https:\/\/katua.com.co\/index.php\/producto\/blusa-lili-negra\/","name":"Blusa lili Negra | Katua","isPartOf":{"@id":"https:\/\/katua.com.co\/#website"},"primaryImageOfPage":{"@id":"https:\/\/katua.com.co\/index.php\/producto\/blusa-lili-negra\/#primaryimage"},"image":{"@id":"https:\/\/katua.com.co\/index.php\/producto\/blusa-lili-negra\/#primaryimage"},"thumbnailUrl":"https:\/\/katua.com.co\/wp-content\/uploads\/2025\/08\/img_2228-compressed.jpg","datePublished":"2025-08-31T17:31:27+00:00","dateModified":"2026-01-15T22:32:23+00:00","description":"Katua | \u00a0Blusa Lili en Negro \u2013 sofisticaci\u00f3n en cada detalle. Confeccionada en algod\u00f3n 100% y realzada con un delicado estampado azul Ancestros, su escote halter y silueta fluida la convierten en la prenda ideal para cenas, reuniones y ocasiones especiales.","breadcrumb":{"@id":"https:\/\/katua.com.co\/index.php\/producto\/blusa-lili-negra\/#breadcrumb"},"inLanguage":"es-CO","potentialAction":[{"@type":"ReadAction","target":["https:\/\/katua.com.co\/index.php\/producto\/blusa-lili-negra\/"]}]},{"@type":"ImageObject","inLanguage":"es-CO","@id":"https:\/\/katua.com.co\/index.php\/producto\/blusa-lili-negra\/#primaryimage","url":"https:\/\/katua.com.co\/wp-content\/uploads\/2025\/08\/img_2228-compressed.jpg","contentUrl":"https:\/\/katua.com.co\/wp-content\/uploads\/2025\/08\/img_2228-compressed.jpg","width":1334,"height":2000},{"@type":"BreadcrumbList","@id":"https:\/\/katua.com.co\/index.php\/producto\/blusa-lili-negra\/#breadcrumb","itemListElement":[{"@type":"ListItem","position":1,"name":"Inicio","item":"https:\/\/katua.com.co\/"},{"@type":"ListItem","position":2,"name":"Shop","item":"https:\/\/katua.com.co\/index.php\/shop\/"},{"@type":"ListItem","position":3,"name":"Blusa lili Negra"}]},{"@type":"WebSite","@id":"https:\/\/katua.com.co\/#website","url":"https:\/\/katua.com.co\/","name":"KATUA","description":"Moda premium enfocada en ofrecer dise\u00f1os exclusivos de alta calidad!","publisher":{"@id":"https:\/\/katua.com.co\/#organization"},"potentialAction":[{"@type":"SearchAction","target":{"@type":"EntryPoint","urlTemplate":"https:\/\/katua.com.co\/?s={search_term_string}"},"query-input":{"@type":"PropertyValueSpecification","valueRequired":true,"valueName":"search_term_string"}}],"inLanguage":"es-CO"},{"@type":"Organization","@id":"https:\/\/katua.com.co\/#organization","name":"KATUA","url":"https:\/\/katua.com.co\/","logo":{"@type":"ImageObject","inLanguage":"es-CO","@id":"https:\/\/katua.com.co\/#\/schema\/logo\/image\/","url":"https:\/\/i0.wp.com\/katua.com.co\/wp-content\/uploads\/2020\/07\/cropped-NUEVO-LOGO.png?fit=512%2C512&ssl=1","contentUrl":"https:\/\/i0.wp.com\/katua.com.co\/wp-content\/uploads\/2020\/07\/cropped-NUEVO-LOGO.png?fit=512%2C512&ssl=1","width":512,"height":512,"caption":"KATUA"},"image":{"@id":"https:\/\/katua.com.co\/#\/schema\/logo\/image\/"},"sameAs":["https:\/\/www.facebook.com\/Katuastore","https:\/\/www.tiktok.com\/@katua.co","https:\/\/www.instagram.com\/katua.co\/"]}]}},"_links":{"self":[{"href":"https:\/\/katua.com.co\/index.php\/wp-json\/wp\/v2\/product\/7055","targetHints":{"allow":["GET"]}}],"collection":[{"href":"https:\/\/katua.com.co\/index.php\/wp-json\/wp\/v2\/product"}],"about":[{"href":"https:\/\/katua.com.co\/index.php\/wp-json\/wp\/v2\/types\/product"}],"replies":[{"embeddable":true,"href":"https:\/\/katua.com.co\/index.php\/wp-json\/wp\/v2\/comments?post=7055"}],"wp:featuredmedia":[{"embeddable":true,"href":"https:\/\/katua.com.co\/index.php\/wp-json\/wp\/v2\/media\/7017"}],"wp:attachment":[{"href":"https:\/\/katua.com.co\/index.php\/wp-json\/wp\/v2\/media?parent=7055"}],"wp:term":[{"taxonomy":"product_brand","embeddable":true,"href":"https:\/\/katua.com.co\/index.php\/wp-json\/wp\/v2\/product_brand?post=7055"},{"taxonomy":"product_cat","embeddable":true,"href":"https:\/\/katua.com.co\/index.php\/wp-json\/wp\/v2\/product_cat?post=7055"},{"taxonomy":"product_tag","embeddable":true,"href":"https:\/\/katua.com.co\/index.php\/wp-json\/wp\/v2\/product_tag?post=7055"},{"taxonomy":"giftcard-category","embeddable":true,"href":"https:\/\/katua.com.co\/index.php\/wp-json\/wp\/v2\/giftcard-category?post=7055"}],"curies":[{"name":"wp","href":"https:\/\/api.w.org\/{rel}","templated":true}]}}