{"id":7679,"date":"2025-09-26T15:38:06","date_gmt":"2025-09-26T20:38:06","guid":{"rendered":"https:\/\/katua.com.co\/?post_type=product&#038;p=7679"},"modified":"2026-03-02T12:11:42","modified_gmt":"2026-03-02T17:11:42","slug":"vestido-amore-fdm-azul","status":"publish","type":"product","link":"https:\/\/katua.com.co\/index.php\/producto\/vestido-amore-fdm-azul\/","title":{"rendered":"Vestido Amore Fdm Azul"},"content":{"rendered":"<div class=\"my-[1px]\">\n<div class=\"py-[3px] whitespace-pre-wrap u-break-words\">Sum\u00e9rgete en la belleza del oc\u00e9ano con el vestido Amore, en nuestro exclusivo estampado <em>Frutos del mar<\/em> que da vida a esta sofisticada pieza confeccionada en un tejido ligero. Su dise\u00f1o presenta un escote recto, una falda larga y plisada con pr\u00e1cticos bolsillos laterales, y un cintur\u00f3n adicional a juego. Lleva el cintur\u00f3n para crear una silueta estilizada o sin \u00e9l para un look m\u00e1s relajado y fluido.<\/div>\n<div><\/div>\n<\/div>\n<div class=\"my-[1px]\">\n<div class=\"py-[3px] whitespace-pre-wrap u-break-words\"><strong>DETALLES DEL PRODUCTO<\/strong><\/div>\n<\/div>\n<ul>\n<li class=\"u-break-words ps-[2px]\"><strong>Composici\u00f3n:<\/strong> 100% Poli\u00e9ster | Forro 100% Algod\u00f3n.<\/li>\n<li class=\"u-break-words ps-[2px]\"><strong>Estampado:<\/strong> Frutos del mar azul.<\/li>\n<li class=\"u-break-words ps-[2px]\"><strong>Dise\u00f1o:<\/strong> Vestido largo con falda plisada y bolsillos.<\/li>\n<li class=\"u-break-words ps-[2px]\"><strong>Medidas:<\/strong> Medidas tomadas de la talla S.<\/li>\n<li class=\"u-break-words ps-[2px]\"><strong>Forro:<\/strong> Con forro | No transparente.<\/li>\n<li class=\"u-break-words ps-[2px]\"><strong>Modelo:<\/strong> La modelo usa la talla XS.<\/li>\n<li class=\"u-break-words ps-[2px]\"><strong>Ajuste:<\/strong> Oversize | Tallaje real.<\/li>\n<\/ul>\n","protected":false},"excerpt":{"rendered":"<p>Sum\u00e9rgete en la belleza del oc\u00e9ano con el vestido Amore, en nuestro exclusivo estampado <em>Frutos del mar<\/em> que da vida a esta sofisticada pieza confeccionada en un tejido ligero. Su dise\u00f1o presenta un escote recto, una falda larga y plisada con pr\u00e1cticos bolsillos laterales, y un cintur\u00f3n adicional a juego.<\/p>\n","protected":false},"featured_media":8172,"comment_status":"open","ping_status":"closed","template":"","meta":[],"product_brand":[],"product_cat":[73,68,49,57],"product_tag":[],"giftcard-category":[],"class_list":{"0":"post-7679","1":"product","2":"type-product","3":"status-publish","4":"has-post-thumbnail","6":"product_cat-frutosdelmarkatua","7":"product_cat-new","8":"product_cat-vlargos","9":"product_cat-beachresort","11":"first","12":"instock","13":"taxable","14":"shipping-taxable","15":"purchasable","16":"product-type-variable"},"yoast_head":"<!-- This site is optimized with the Yoast SEO plugin v27.0 - https:\/\/yoast.com\/product\/yoast-seo-wordpress\/ -->\n<title>Vestido Amore Fdm Azul | Katua<\/title>\n<meta name=\"description\" content=\"Katua | Sum\u00e9rgete en la belleza del oc\u00e9ano con el vestido Amore, en nuestro exclusivo estampado Frutos del mar que da vida a esta sofisticada pieza confeccionada en un tejido ligero. Su dise\u00f1o presenta un escote recto, una falda larga y plisada con pr\u00e1cticos bolsillos laterales, y un cintur\u00f3n adicional a juego.\" \/>\n<meta name=\"robots\" content=\"index, follow, max-snippet:-1, max-image-preview:large, max-video-preview:-1\" \/>\n<link rel=\"canonical\" href=\"https:\/\/katua.com.co\/index.php\/producto\/vestido-amore-fdm-azul\/\" \/>\n<meta property=\"og:locale\" content=\"es_ES\" \/>\n<meta property=\"og:type\" content=\"article\" \/>\n<meta property=\"og:title\" content=\"Vestido Amore Fdm Azul | Katua\" \/>\n<meta property=\"og:description\" content=\"Katua | Sum\u00e9rgete en la belleza del oc\u00e9ano con el vestido Amore, en nuestro exclusivo estampado Frutos del mar que da vida a esta sofisticada pieza confeccionada en un tejido ligero. Su dise\u00f1o presenta un escote recto, una falda larga y plisada con pr\u00e1cticos bolsillos laterales, y un cintur\u00f3n adicional a juego.\" \/>\n<meta property=\"og:url\" content=\"https:\/\/katua.com.co\/index.php\/producto\/vestido-amore-fdm-azul\/\" \/>\n<meta property=\"og:site_name\" content=\"Katua\" \/>\n<meta property=\"article:publisher\" content=\"https:\/\/www.facebook.com\/Katuastore\" \/>\n<meta property=\"article:modified_time\" content=\"2026-03-02T17:11:42+00:00\" \/>\n<meta property=\"og:image\" content=\"https:\/\/katua.com.co\/wp-content\/uploads\/2020\/07\/Image220-scaled.webp\" \/>\n\t<meta property=\"og:image:width\" content=\"1706\" \/>\n\t<meta property=\"og:image:height\" content=\"2560\" \/>\n\t<meta property=\"og:image:type\" content=\"image\/webp\" \/>\n<meta name=\"twitter:card\" content=\"summary_large_image\" \/>\n<meta name=\"twitter:label1\" content=\"Tiempo de lectura\" \/>\n\t<meta name=\"twitter:data1\" content=\"1 minuto\" \/>\n<script type=\"application\/ld+json\" class=\"yoast-schema-graph\">{\"@context\":\"https:\/\/schema.org\",\"@graph\":[{\"@type\":[\"WebPage\",\"ItemPage\"],\"@id\":\"https:\/\/katua.com.co\/index.php\/producto\/vestido-amore-fdm-azul\/\",\"url\":\"https:\/\/katua.com.co\/index.php\/producto\/vestido-amore-fdm-azul\/\",\"name\":\"Vestido Amore Fdm Azul | Katua\",\"isPartOf\":{\"@id\":\"https:\/\/katua.com.co\/#website\"},\"primaryImageOfPage\":{\"@id\":\"https:\/\/katua.com.co\/index.php\/producto\/vestido-amore-fdm-azul\/#primaryimage\"},\"image\":{\"@id\":\"https:\/\/katua.com.co\/index.php\/producto\/vestido-amore-fdm-azul\/#primaryimage\"},\"thumbnailUrl\":\"https:\/\/katua.com.co\/wp-content\/uploads\/2020\/07\/Image220-scaled.webp\",\"datePublished\":\"2025-09-26T20:38:06+00:00\",\"dateModified\":\"2026-03-02T17:11:42+00:00\",\"description\":\"Katua | Sum\u00e9rgete en la belleza del oc\u00e9ano con el vestido Amore, en nuestro exclusivo estampado Frutos del mar que da vida a esta sofisticada pieza confeccionada en un tejido ligero. Su dise\u00f1o presenta un escote recto, una falda larga y plisada con pr\u00e1cticos bolsillos laterales, y un cintur\u00f3n adicional a juego.\",\"breadcrumb\":{\"@id\":\"https:\/\/katua.com.co\/index.php\/producto\/vestido-amore-fdm-azul\/#breadcrumb\"},\"inLanguage\":\"es-CO\",\"potentialAction\":[{\"@type\":\"ReadAction\",\"target\":[\"https:\/\/katua.com.co\/index.php\/producto\/vestido-amore-fdm-azul\/\"]}]},{\"@type\":\"ImageObject\",\"inLanguage\":\"es-CO\",\"@id\":\"https:\/\/katua.com.co\/index.php\/producto\/vestido-amore-fdm-azul\/#primaryimage\",\"url\":\"https:\/\/katua.com.co\/wp-content\/uploads\/2020\/07\/Image220-scaled.webp\",\"contentUrl\":\"https:\/\/katua.com.co\/wp-content\/uploads\/2020\/07\/Image220-scaled.webp\",\"width\":1706,\"height\":2560},{\"@type\":\"BreadcrumbList\",\"@id\":\"https:\/\/katua.com.co\/index.php\/producto\/vestido-amore-fdm-azul\/#breadcrumb\",\"itemListElement\":[{\"@type\":\"ListItem\",\"position\":1,\"name\":\"Inicio\",\"item\":\"https:\/\/katua.com.co\/\"},{\"@type\":\"ListItem\",\"position\":2,\"name\":\"Shop\",\"item\":\"https:\/\/katua.com.co\/index.php\/shop\/\"},{\"@type\":\"ListItem\",\"position\":3,\"name\":\"Vestido Amore Fdm Azul\"}]},{\"@type\":\"WebSite\",\"@id\":\"https:\/\/katua.com.co\/#website\",\"url\":\"https:\/\/katua.com.co\/\",\"name\":\"KATUA\",\"description\":\"Moda premium enfocada en ofrecer dise\u00f1os exclusivos de alta calidad!\",\"publisher\":{\"@id\":\"https:\/\/katua.com.co\/#organization\"},\"potentialAction\":[{\"@type\":\"SearchAction\",\"target\":{\"@type\":\"EntryPoint\",\"urlTemplate\":\"https:\/\/katua.com.co\/?s={search_term_string}\"},\"query-input\":{\"@type\":\"PropertyValueSpecification\",\"valueRequired\":true,\"valueName\":\"search_term_string\"}}],\"inLanguage\":\"es-CO\"},{\"@type\":\"Organization\",\"@id\":\"https:\/\/katua.com.co\/#organization\",\"name\":\"KATUA\",\"url\":\"https:\/\/katua.com.co\/\",\"logo\":{\"@type\":\"ImageObject\",\"inLanguage\":\"es-CO\",\"@id\":\"https:\/\/katua.com.co\/#\/schema\/logo\/image\/\",\"url\":\"https:\/\/i0.wp.com\/katua.com.co\/wp-content\/uploads\/2020\/07\/cropped-NUEVO-LOGO.png?fit=512%2C512&ssl=1\",\"contentUrl\":\"https:\/\/i0.wp.com\/katua.com.co\/wp-content\/uploads\/2020\/07\/cropped-NUEVO-LOGO.png?fit=512%2C512&ssl=1\",\"width\":512,\"height\":512,\"caption\":\"KATUA\"},\"image\":{\"@id\":\"https:\/\/katua.com.co\/#\/schema\/logo\/image\/\"},\"sameAs\":[\"https:\/\/www.facebook.com\/Katuastore\",\"https:\/\/www.tiktok.com\/@katua.co\",\"https:\/\/www.instagram.com\/katua.co\/\"]}]}<\/script>\n<!-- \/ Yoast SEO plugin. -->","yoast_head_json":{"title":"Vestido Amore Fdm Azul | Katua","description":"Katua | Sum\u00e9rgete en la belleza del oc\u00e9ano con el vestido Amore, en nuestro exclusivo estampado Frutos del mar que da vida a esta sofisticada pieza confeccionada en un tejido ligero. Su dise\u00f1o presenta un escote recto, una falda larga y plisada con pr\u00e1cticos bolsillos laterales, y un cintur\u00f3n adicional a juego.","robots":{"index":"index","follow":"follow","max-snippet":"max-snippet:-1","max-image-preview":"max-image-preview:large","max-video-preview":"max-video-preview:-1"},"canonical":"https:\/\/katua.com.co\/index.php\/producto\/vestido-amore-fdm-azul\/","og_locale":"es_ES","og_type":"article","og_title":"Vestido Amore Fdm Azul | Katua","og_description":"Katua | Sum\u00e9rgete en la belleza del oc\u00e9ano con el vestido Amore, en nuestro exclusivo estampado Frutos del mar que da vida a esta sofisticada pieza confeccionada en un tejido ligero. Su dise\u00f1o presenta un escote recto, una falda larga y plisada con pr\u00e1cticos bolsillos laterales, y un cintur\u00f3n adicional a juego.","og_url":"https:\/\/katua.com.co\/index.php\/producto\/vestido-amore-fdm-azul\/","og_site_name":"Katua","article_publisher":"https:\/\/www.facebook.com\/Katuastore","article_modified_time":"2026-03-02T17:11:42+00:00","og_image":[{"width":1706,"height":2560,"url":"https:\/\/katua.com.co\/wp-content\/uploads\/2020\/07\/Image220-scaled.webp","type":"image\/webp"}],"twitter_card":"summary_large_image","twitter_misc":{"Tiempo de lectura":"1 minuto"},"schema":{"@context":"https:\/\/schema.org","@graph":[{"@type":["WebPage","ItemPage"],"@id":"https:\/\/katua.com.co\/index.php\/producto\/vestido-amore-fdm-azul\/","url":"https:\/\/katua.com.co\/index.php\/producto\/vestido-amore-fdm-azul\/","name":"Vestido Amore Fdm Azul | Katua","isPartOf":{"@id":"https:\/\/katua.com.co\/#website"},"primaryImageOfPage":{"@id":"https:\/\/katua.com.co\/index.php\/producto\/vestido-amore-fdm-azul\/#primaryimage"},"image":{"@id":"https:\/\/katua.com.co\/index.php\/producto\/vestido-amore-fdm-azul\/#primaryimage"},"thumbnailUrl":"https:\/\/katua.com.co\/wp-content\/uploads\/2020\/07\/Image220-scaled.webp","datePublished":"2025-09-26T20:38:06+00:00","dateModified":"2026-03-02T17:11:42+00:00","description":"Katua | Sum\u00e9rgete en la belleza del oc\u00e9ano con el vestido Amore, en nuestro exclusivo estampado Frutos del mar que da vida a esta sofisticada pieza confeccionada en un tejido ligero. Su dise\u00f1o presenta un escote recto, una falda larga y plisada con pr\u00e1cticos bolsillos laterales, y un cintur\u00f3n adicional a juego.","breadcrumb":{"@id":"https:\/\/katua.com.co\/index.php\/producto\/vestido-amore-fdm-azul\/#breadcrumb"},"inLanguage":"es-CO","potentialAction":[{"@type":"ReadAction","target":["https:\/\/katua.com.co\/index.php\/producto\/vestido-amore-fdm-azul\/"]}]},{"@type":"ImageObject","inLanguage":"es-CO","@id":"https:\/\/katua.com.co\/index.php\/producto\/vestido-amore-fdm-azul\/#primaryimage","url":"https:\/\/katua.com.co\/wp-content\/uploads\/2020\/07\/Image220-scaled.webp","contentUrl":"https:\/\/katua.com.co\/wp-content\/uploads\/2020\/07\/Image220-scaled.webp","width":1706,"height":2560},{"@type":"BreadcrumbList","@id":"https:\/\/katua.com.co\/index.php\/producto\/vestido-amore-fdm-azul\/#breadcrumb","itemListElement":[{"@type":"ListItem","position":1,"name":"Inicio","item":"https:\/\/katua.com.co\/"},{"@type":"ListItem","position":2,"name":"Shop","item":"https:\/\/katua.com.co\/index.php\/shop\/"},{"@type":"ListItem","position":3,"name":"Vestido Amore Fdm Azul"}]},{"@type":"WebSite","@id":"https:\/\/katua.com.co\/#website","url":"https:\/\/katua.com.co\/","name":"KATUA","description":"Moda premium enfocada en ofrecer dise\u00f1os exclusivos de alta calidad!","publisher":{"@id":"https:\/\/katua.com.co\/#organization"},"potentialAction":[{"@type":"SearchAction","target":{"@type":"EntryPoint","urlTemplate":"https:\/\/katua.com.co\/?s={search_term_string}"},"query-input":{"@type":"PropertyValueSpecification","valueRequired":true,"valueName":"search_term_string"}}],"inLanguage":"es-CO"},{"@type":"Organization","@id":"https:\/\/katua.com.co\/#organization","name":"KATUA","url":"https:\/\/katua.com.co\/","logo":{"@type":"ImageObject","inLanguage":"es-CO","@id":"https:\/\/katua.com.co\/#\/schema\/logo\/image\/","url":"https:\/\/i0.wp.com\/katua.com.co\/wp-content\/uploads\/2020\/07\/cropped-NUEVO-LOGO.png?fit=512%2C512&ssl=1","contentUrl":"https:\/\/i0.wp.com\/katua.com.co\/wp-content\/uploads\/2020\/07\/cropped-NUEVO-LOGO.png?fit=512%2C512&ssl=1","width":512,"height":512,"caption":"KATUA"},"image":{"@id":"https:\/\/katua.com.co\/#\/schema\/logo\/image\/"},"sameAs":["https:\/\/www.facebook.com\/Katuastore","https:\/\/www.tiktok.com\/@katua.co","https:\/\/www.instagram.com\/katua.co\/"]}]}},"_links":{"self":[{"href":"https:\/\/katua.com.co\/index.php\/wp-json\/wp\/v2\/product\/7679","targetHints":{"allow":["GET"]}}],"collection":[{"href":"https:\/\/katua.com.co\/index.php\/wp-json\/wp\/v2\/product"}],"about":[{"href":"https:\/\/katua.com.co\/index.php\/wp-json\/wp\/v2\/types\/product"}],"replies":[{"embeddable":true,"href":"https:\/\/katua.com.co\/index.php\/wp-json\/wp\/v2\/comments?post=7679"}],"wp:featuredmedia":[{"embeddable":true,"href":"https:\/\/katua.com.co\/index.php\/wp-json\/wp\/v2\/media\/8172"}],"wp:attachment":[{"href":"https:\/\/katua.com.co\/index.php\/wp-json\/wp\/v2\/media?parent=7679"}],"wp:term":[{"taxonomy":"product_brand","embeddable":true,"href":"https:\/\/katua.com.co\/index.php\/wp-json\/wp\/v2\/product_brand?post=7679"},{"taxonomy":"product_cat","embeddable":true,"href":"https:\/\/katua.com.co\/index.php\/wp-json\/wp\/v2\/product_cat?post=7679"},{"taxonomy":"product_tag","embeddable":true,"href":"https:\/\/katua.com.co\/index.php\/wp-json\/wp\/v2\/product_tag?post=7679"},{"taxonomy":"giftcard-category","embeddable":true,"href":"https:\/\/katua.com.co\/index.php\/wp-json\/wp\/v2\/giftcard-category?post=7679"}],"curies":[{"name":"wp","href":"https:\/\/api.w.org\/{rel}","templated":true}]}}